{"id":3099,"date":"2023-01-27T09:39:55","date_gmt":"2023-01-27T09:39:55","guid":{"rendered":"https:\/\/gamer-book.com\/?page_id=3099"},"modified":"2024-06-06T04:10:54","modified_gmt":"2024-06-06T04:10:54","slug":"support-gamerbook","status":"publish","type":"page","link":"https:\/\/gamer-book.com\/da\/support-gamerbook\/","title":{"rendered":"Support GamerBook"},"content":{"rendered":"<div class=\"vc_row wpb_row vc_row-fluid\"><div class=\"wpb_column vc_column_container vc_col-sm-12\"><div class=\"vc_column-inner vc_custom_1685624616230\"><div class=\"wpb_wrapper\">\n\t<div  class=\"wpb_single_image wpb_content_element vc_align_center\">\n\t\t\n\t\t<figure class=\"wpb_wrapper vc_figure\">\n\t\t\t<div class=\"vc_single_image-wrapper   vc_box_border_grey\"><img fetchpriority=\"high\" decoding=\"async\" class=\"vc_single_image-img\" src=\"https:\/\/gamer-book.com\/wp-content\/uploads\/2023\/01\/banneryoutubev2-600x338.jpg\" width=\"600\" height=\"338\" alt=\"GamerBook, Multi Gaming Social Networks\" title=\"Gamerbog\" \/><\/div>\n\t\t<\/figure>\n\t<\/div>\n\n\t<div class=\"wpb_text_column wpb_content_element\" >\n\t\t<div class=\"wpb_wrapper\">\n\t\t\t<h1 style=\"text-align: center;\"><span style=\"font-family: 'book antiqua', palatino, serif;\">GamerBook-udviklerens ord<\/span><\/h1>\n\n\t\t<\/div>\n\t<\/div>\n\t\t\r\n\t\t\r\n\t\t\t\t\t<div class=\"mega-testimonial-3\">\r\n\t\t\t\t<img decoding=\"async\" src=\"https:\/\/gamer-book.com\/wp-content\/uploads\/2022\/02\/dev.jpg\" alt=\"\" style=\"width: 100px; border-radius: 100%; box-shadow: 0 0 7px 0 rgba(0, 0, 0, 0.3);-webkit-box-shadow: 0 0 7px 0 rgba(0, 0, 0, 0.3); -moz-box-shadow: 0 0 7px 0 rgba(0, 0, 0, 0.3); -o-box-shadow: 0 0 7px 0 rgba(0, 0, 0, 0.3); border: 1px solid #fff;\">\r\n\t\t\t\t\t<i class=\"fa fa-quote-left\" style=\"text-align: center; display: block; font-size: 20px;padding: 10px 0 4px 0;color: #000;\"><\/i>\r\n\t\t\t\t<div class=\"tm-profile3\">\r\n\t\t\t\t\t<p style=\"text-align: center; font-style: italic;\">\r\n\t\t\t\t\t\t<p style=\"text-align: center\"><span style=\"font-size: 18pt\">Hj\u00e6lp os med at g\u00f8re vores gamer-dr\u00f8mme til virkelighed!<\/span><\/p>\n\t\t\t\t\t<\/p>\r\n\t\t\t\t<\/div>\r\n\t\t\t\t<div class=\"tm-prof3\" style=\"text-align: center; margin: 15px 0 5px 0;\">\r\n\t\t\t\t\t<p style=\"font-size: 14px; color: #000000; font-weight: bold; text-align: center;\">GamerBook team<\/p>\r\n\t\t\t\t\t<p style=\"text-align: center;\">\r\n\t\t\t\t\t\t<a href=\"\" target=\"\" title=\"\" style=\"color: #000000; font-size: 14px; font-style: italic; text-decoration: none; \">\r\n\t\t\t\t\t\t\t\t\t\t\t\t\t<\/a>\r\n\t\t\t\t\t<\/p>\r\n\t\t\t\t<\/div>\r\n\t\t\t\t\t\t\t<\/div>\r\n\t\t\r\n\t\t\r\n\t\t\r\n\t\t\r\n\t\t\t\t\r\n\t\t<div class=\"vc_tta-container vc_tta-o-non-responsive\" data-vc-action=\"collapse\" data-vc-tta-autoplay=\"{&quot;delay&quot;:10000}\"><div class=\"vc_general vc_tta vc_tta-tabs vc_tta-o-shape-group vc_tta-has-pagination vc_tta-o-no-fill vc_tta-tabs-position-top  vc_tta-pageable\"><div class=\"vc_tta-panels-container\"><ul class=\"vc_general vc_pagination vc_pagination-style-outline vc_pagination-shape-round vc_pagination-color-sky\"><li class=\"vc_pagination-item vc_active\" data-vc-tab><a href=\"#1674363628205-333ac562-e732\" class=\"vc_pagination-trigger\" data-vc-tabs data-vc-container=\".vc_tta\"><\/a><\/li><li class=\"vc_pagination-item\" data-vc-tab><a href=\"#1674363696797-2878e412-19b7\" class=\"vc_pagination-trigger\" data-vc-tabs data-vc-container=\".vc_tta\"><\/a><\/li><li class=\"vc_pagination-item\" data-vc-tab><a href=\"#1674364118499-9ccd1cb3-1f3f\" class=\"vc_pagination-trigger\" data-vc-tabs data-vc-container=\".vc_tta\"><\/a><\/li><li class=\"vc_pagination-item\" data-vc-tab><a href=\"#1674458647085-75b6d564-2fa4\" class=\"vc_pagination-trigger\" data-vc-tabs data-vc-container=\".vc_tta\"><\/a><\/li><\/ul><div class=\"vc_tta-panels\"><div  class=\"vc_tta-panel vc_active\" id=\"1674363628205-333ac562-e732\" data-vc-content=\".vc_tta-panel-body\"><div class=\"vc_tta-panel-body\">\n\t\t\t<span class=\"vc_tta-panel-title\">\n\t\t\t\t<a  data-vc-container=\".vc_tta-container\" data-vc-accordion=\"\" data-vc-target=\"#1674363628205-333ac562-e732\"><\/a>\n\t\t\t<\/span>\n\t\t\n\t<div class=\"wpb_text_column wpb_content_element\" >\n\t\t<div class=\"wpb_wrapper\">\n\t\t\t<blockquote>\n<p style=\"text-align: center;\"><span style=\"font-size: 14pt;\"><strong>&quot;Vi mener, at faktiske sociale netv\u00e6rksplatforme er meget gode, men ikke er s\u00e6rligt velegnede til spillere.<br \/>\nUanset om det er for udsat for andre eller for skjult og sv\u00e6rt tilg\u00e6ngeligt,<br \/>\nfaktiske v\u00e6rkt\u00f8jer opfylder ikke vores h\u00e5b som gamere perfekt.&quot;<\/strong><\/span><\/p>\n<\/blockquote>\n\n\t\t<\/div>\n\t<\/div>\n<\/div><\/div><div  class=\"vc_tta-panel\" id=\"1674363696797-2878e412-19b7\" data-vc-content=\".vc_tta-panel-body\"><div class=\"vc_tta-panel-body\">\n\t\t\t<span class=\"vc_tta-panel-title\">\n\t\t\t\t<a  data-vc-container=\".vc_tta-container\" data-vc-accordion=\"\" data-vc-target=\"#1674363696797-2878e412-19b7\"><\/a>\n\t\t\t<\/span>\n\t\t\n\t<div class=\"wpb_text_column wpb_content_element\" >\n\t\t<div class=\"wpb_wrapper\">\n\t\t\t<blockquote>\n<p style=\"text-align: center;\"><span style=\"font-size: 14pt;\"><strong>&quot;Vi tror p\u00e5, at der er skabt fuldt dedikerede private rum omkring hver<br \/>\nSpillets (eller aktiviteter) specificiteter er fremtiden for det sociale netv\u00e6rk.<br \/>\nVores projekt er at give hvert spil et personligt rum til at dele og m\u00f8des med andre passionerede.&quot;<\/strong><\/span><\/p>\n<\/blockquote>\n\n\t\t<\/div>\n\t<\/div>\n<\/div><\/div><div  class=\"vc_tta-panel\" id=\"1674364118499-9ccd1cb3-1f3f\" data-vc-content=\".vc_tta-panel-body\"><div class=\"vc_tta-panel-body\">\n\t\t\t<span class=\"vc_tta-panel-title\">\n\t\t\t\t<a  data-vc-container=\".vc_tta-container\" data-vc-accordion=\"\" data-vc-target=\"#1674364118499-9ccd1cb3-1f3f\"><\/a>\n\t\t\t<\/span>\n\t\t\n\t<div class=\"wpb_text_column wpb_content_element\" >\n\t\t<div class=\"wpb_wrapper\">\n\t\t\t<blockquote>\n<p style=\"text-align: center;\"><span style=\"font-size: 14pt;\"><strong>&quot;Men at skabe et spil Social Network kr\u00e6ver meget tid og arbejde.<br \/>\nDette projekt er indtil videre kun en sideaktivitet, og vi skal leve af vores arbejde.<br \/>\nVi \u00f8nsker at fokusere 100% p\u00e5 dette projekt, g\u00f8re det til en ordentlig virksomhed,<br \/>\nog v\u00e6re i stand til at forbedre og udvikle alle vores ideer.<br \/>\nSt\u00f8t vores arbejde og st\u00f8t dit spil for at g\u00f8re det til vores prioritet og g\u00f8re det tilg\u00e6ngeligt!&quot;<\/strong><\/span><\/p>\n<\/blockquote>\n\n\t\t<\/div>\n\t<\/div>\n<\/div><\/div><div  class=\"vc_tta-panel\" id=\"1674458647085-75b6d564-2fa4\" data-vc-content=\".vc_tta-panel-body\"><div class=\"vc_tta-panel-body\">\n\t\t\t<span class=\"vc_tta-panel-title\">\n\t\t\t\t<a  data-vc-container=\".vc_tta-container\" data-vc-accordion=\"\" data-vc-target=\"#1674458647085-75b6d564-2fa4\"><\/a>\n\t\t\t<\/span>\n\t\t\n\t<div class=\"wpb_text_column wpb_content_element\" >\n\t\t<div class=\"wpb_wrapper\">\n\t\t\t<blockquote>\n<p style=\"text-align: center;\"><span style=\"font-size: 14pt;\"><strong>\u201cVi tror meget p\u00e5 vores projekter, og vi forventer at kunne samle millioner af brugere.<br \/>\nEnhver hj\u00e6lp er velkommen, og du kan st\u00f8tte os med ethvert bel\u00f8b, du kan.<br \/>\nEthvert bel\u00f8b vil allerede v\u00e6re en stor hj\u00e6lp og vil blive meget v\u00e6rdsat.<br \/>\nMange tak for din st\u00f8tte, og vi ses snart i dit yndlingsspilrum.\u201d<\/strong><\/span><\/p>\n<\/blockquote>\n\n\t\t<\/div>\n\t<\/div>\n<\/div><\/div><\/div><\/div><\/div><\/div>\n\t<div class=\"wpb_text_column wpb_content_element\" >\n\t\t<div class=\"wpb_wrapper\">\n\t\t\t<h2>Hvad er GamerBook?<\/h2>\n<p class=\" translation-block\"><span style=\"font-size: 14pt\">GamerBook er et nyt <strong>Multi Gaming Social Network<\/strong> skabt af gamere til gamere.<\/span><br> <span style=\"font-size: 14pt\">Vi tror st\u00e6rkt p\u00e5, at formatet af de sidste \u00e5rtiers sociale netv\u00e6rk<br> er for\u00e6ldet og er ikke s\u00e6rlig godt tilpasset til spil l\u00e6ngere.<\/span><br> <span style=\"font-size: 14pt\">Blanding af familie, venner, arbejde, irrelevante fremmede,<br> og alle dine interesser i kun \u00e9t socialt netv\u00e6rk kan v\u00e6re forvirrende og pinlige p\u00e5 nogle m\u00e5der.<\/span><br> <span style=\"font-size: 14pt\">GamerBook har til form\u00e5l at tilbyde alle spilf\u00e6llesskaber et hyggeligt og praktisk sted<br> at samles, hvor de kan udveksle p\u00e5 deres dedikerede sociale netv\u00e6rkssystem.<\/span><br> <span style=\"font-size: 14pt\">Vi er heller ikke fans af for skjulte v\u00e6rkt\u00f8jer og private grupper,<br> og vi \u00f8nsker at have let tilg\u00e6ngelige \u00e5bne og offentlige rum, men specifikke for hvert enkelt videospil.<\/span><br> <span style=\"font-size: 14pt\">Det er \u00e9t sted, hvor du nemt kan finde information, spillere, r\u00e5d til forbedring,<br> begivenheder og resultater om alle dine yndlings konkurrencespil.<\/span><\/p>\n<p>Hvert spil er unikt. Derfor \u00f8nsker vi, at hvert spil har sit specifikke sociale netv\u00e6rk og funktioner.<br \/>\nGlobalt finder du i hvert spilrum:<\/p>\n<ul>\n<li>Alle de seneste nyheder og begivenhedsrapporter<\/li>\n<li>Et spil-dedikeret socialt netv\u00e6rkssystem<\/li>\n<li>Et klassificeret diskussionsforum<\/li>\n<li>En s\u00f8gefunktion til nemt at finde enhver type afspiller og oprette forbindelser<\/li>\n<li>Et Match-Making-system til at finde lettilpassede modstandere<\/li>\n<li>Et rangliste- og ligasystem<\/li>\n<li>Tonsvis af online turneringer med priser<\/li>\n<\/ul>\n<p>Fra afslappede til professionelle spillere kan du finde spillere fra alle niveauer og udfordre dem.<br \/>\nDu kan konkurrere og udfordre andre spillere for sjov eller pengekampe, deltage i vores turneringer og liga for at vinde mange pr\u00e6mier.<br \/>\nSom arrang\u00f8r kan du bruge vores platform til at promovere og finansiere dine begivenheder og rejse st\u00f8rre pr\u00e6miepuljer.<br \/>\nSom et hold eller sponsor vil du v\u00e6re i stand til at finde v\u00e6rdifulde spillere og finde en m\u00e5de at sponsorere eventuelle begivenheder eller spillere p\u00e5.<br \/>\nVi planl\u00e6gger at arrangere regelm\u00e6ssige begivenheder s\u00e5som online ligaer og turneringer.<\/p>\n<p>Projektet er ambiti\u00f8st, men desv\u00e6rre udviklet ikke professionelt af et lille team af passionerede spillere.<br \/>\nDa hvert spil har sine specificiteter, planl\u00e6gger vi at udvikle individuel, en-for-en, specifik og fuldt dedikeret plads til hvert spil.<br \/>\nVi \u00f8nsker, at dette projekt skal udvikles til en mobil app, der k\u00f8rer p\u00e5 hurtige og responsive servere.<br \/>\nLige nu kan vi kun arbejde p\u00e5 det i vores fritid efter vores job,<br \/>\nvi h\u00e5ber virkelig at v\u00e6re i stand til at skabe en virksomhed dedikeret til dette projekt og mange flere.<br \/>\nTil det h\u00e5ber vi at finde sponsorer og din st\u00f8tte, s\u00e5 vi kan g\u00f8re vores dr\u00f8m til virkelighed<br \/>\nog \u00e6ndre gamingverdenen fuldst\u00e6ndig.<\/p>\n<p>Du kan st\u00f8tte vores projekt ved at dele det omkring dig og tilmelde dig dit yndlingsspil.<br \/>\nEthvert sponsorat og st\u00f8tte vil v\u00e6re velkommen.<br \/>\nDen st\u00f8rste styrke og form\u00e5let med dette projekt er at samle spillere<br \/>\nat tilbyde dem den bedste oplevelse og forbindelser nogensinde.<br \/>\nVi tror virkelig p\u00e5 dette projekt og h\u00e5ber fra bunden af vores hjerter<br \/>\nat det bliver det bedste v\u00e6rkt\u00f8j i videospilindustriens spil.<\/p>\n<p>Du kan st\u00f8tte dit yndlingsspil og vores projekt ved at donere, hvad du kan eller bliver\u00a0<a href=\"https:\/\/www.patreon.com\/Gamerbook_support\" target=\"_blank\" rel=\"noopener\">vores Patreon<\/a>.<br \/>\nVi vil prioritere spil, der modtager support, s\u00e5 t\u00f8v ikke med at st\u00f8tte dit yndlingsspil for at g\u00f8re det tilg\u00e6ngeligt hurtigere.<br \/>\nEthvert sponsorat og st\u00f8tte vil v\u00e6re velkommen.<\/p>\n\n\t\t<\/div>\n\t<\/div>\n<\/div><\/div><\/div><\/div><div class=\"vc_row wpb_row vc_row-fluid vc_custom_1646481115078\"><div class=\"wpb_column vc_column_container vc_col-sm-12\"><div class=\"vc_column-inner\"><div class=\"wpb_wrapper\">\n\t<div class=\"wpb_text_column wpb_content_element\" >\n\t\t<div class=\"wpb_wrapper\">\n\t\t\t<p style=\"text-align: center;\"><div class=\"give-embed-form-wrapper\" id=\"give-69e5761825749\"><iframe\n\t\t\t\tname=\"give-embed-form\"\n\t\t\t\tsrc=\"https:\/\/gamer-book.com\/da\/give\/support-gamerbook?giveDonationFormInIframe=1\"\n\t\t\t\t\n\t\t\t\tdata-autoscroll=\"0\"\n\t\t\t\tonload=\"if( 'undefined' !== typeof Give ) { Give.initializeIframeResize(this) }\"\n\t\t\t\tstyle=\"border: 0;visibility: hidden;min-height: 598px;\"><\/iframe><div class=\"iframe-loader\">\n<div style=\"\t\theight: calc(100% - 28px);\t\twidth: calc(100% - 20px);\t\tmax-width: 552px;\t\tmargin: 10px auto 10px auto;\t\tbackground: #fff;\t\tborder-radius: 6px;\t\tdisplay: flex;\t\talign-items: center;\t\tjustify-content: center;\t\t-webkit-box-shadow: 0 2px 2px 0 rgba(0, 0, 0, 0.14),\t\t\t0 3px 1px -2px rgba(0, 0, 0, 0.2),\t\t\t0 1px 5px 0 rgba(0, 0, 0, 0.12);\t\tbox-shadow: 0 2px 2px 0 rgba(0, 0, 0, 0.14),\t\t\t0 3px 1px -2px rgba(0, 0, 0, 0.2),\t\t\t0 1px 5px 0 rgba(0, 0, 0, 0.12);\t\">\n    <div style=\"        pointer-events: none;        height: 90px;        width: 90px;        background-image: url(&quot;data:image\/svg+xml;charset=utf8,%3C?xml version='1.0' encoding='utf-8'?%3E%3C!-- Generator: Adobe Illustrator 24.1.0, SVG Export Plug-In . SVG Version: 6.00 Build 0) --%3E%3Csvg version='1.1' id='Layer_1' xmlns='http:\/\/www.w3.org\/2000\/svg' xmlns:xlink='http:\/\/www.w3.org\/1999\/xlink' x='0px' y='0px' viewBox='0 0 349 348' style='enable-background:new 0 0 349 348;' xml:space='preserve'%3E%3Cstyle type='text\/css'%3E .st0{fill:%230170b9;} %3C\/style%3E%3Cpath class='st0' d='M25.1,204.57c-13.38,0-24.47-10.6-24.97-24.08C0.04,178.09,0,175.97,0,174C0,77.78,78.28-0.5,174.5-0.5 c13.81,0,25,11.19,25,25s-11.19,25-25,25C105.85,49.5,50,105.35,50,174c0,1.37,0.03,2.85,0.1,4.65c0.51,13.8-10.27,25.39-24.07,25.9 C25.72,204.56,25.41,204.57,25.1,204.57z'\/%3E%3Cpath class='st0' d='M174.5,348.5c-13.81,0-25-11.19-25-25c0-13.81,11.19-25,25-25c68.65,0,124.5-55.85,124.5-124.5 c0-1.38-0.03-2.85-0.1-4.65c-0.51-13.8,10.26-25.4,24.06-25.91c13.83-0.53,25.4,10.26,25.91,24.06c0.09,2.39,0.13,4.51,0.13,6.49 C349,270.22,270.72,348.5,174.5,348.5z'\/%3E%3C\/svg%3E&quot;);        animation: spin 0.6s linear infinite;        \"><\/div>\n<\/div>\n<\/div><\/div>\n\n\t\t<\/div>\n\t<\/div>\n<\/div><\/div><\/div><\/div><div class=\"vc_row wpb_row vc_row-fluid\"><div class=\"wpb_column vc_column_container vc_col-sm-12\"><div class=\"vc_column-inner\"><div class=\"wpb_wrapper\">\n\t<div class=\"wpb_text_column wpb_content_element\" >\n\t\t<div class=\"wpb_wrapper\">\n\t\t\t<p style=\"text-align: center;\">Du kan ogs\u00e5 st\u00f8tte os ved at blive protektor for vores projekt<br \/>\n(Link i sidefoden nedenfor)<\/p>\n\n\t\t<\/div>\n\t<\/div>\n<\/div><\/div><\/div><\/div>","protected":false},"excerpt":{"rendered":"GamerBook developer's word Help us to make our Gamer dreams come true! GamerBook team \"We believe actual social network platforms are very nice but are not very well adapted for gamers. Whether too exposed to others or too hidden and difficult to access, actual tools don't fulfill our hopes as gamers perfectly.\" \"We believe that [...]","protected":false},"author":1,"featured_media":0,"parent":0,"menu_order":0,"comment_status":"closed","ping_status":"closed","template":"","meta":{"site-sidebar-layout":"no-sidebar","site-content-layout":"plain-container","ast-site-content-layout":"","site-content-style":"default","site-sidebar-style":"default","ast-global-header-display":"","ast-banner-title-visibility":"","ast-main-header-display":"","ast-hfb-above-header-display":"","ast-hfb-below-header-display":"","ast-hfb-mobile-header-display":"","site-post-title":"disabled","ast-breadcrumbs-content":"","ast-featured-img":"disabled","footer-sml-layout":"","theme-transparent-header-meta":"default","adv-header-id-meta":"","stick-header-meta":"","header-above-stick-meta":"","header-main-stick-meta":"","header-below-stick-meta":"","astra-migrate-meta-layouts":"default","ast-page-background-enabled":"default","ast-page-background-meta":{"desktop":{"background-color":"var(--ast-global-color-4)","background-image":"","background-repeat":"repeat","background-position":"center center","background-size":"auto","background-attachment":"scroll","background-type":"","background-media":"","overlay-type":"","overlay-color":"","overlay-opacity":"","overlay-gradient":""},"tablet":{"background-color":"","background-image":"","background-repeat":"repeat","background-position":"center center","background-size":"auto","background-attachment":"scroll","background-type":"","background-media":"","overlay-type":"","overlay-color":"","overlay-opacity":"","overlay-gradient":""},"mobile":{"background-color":"","background-image":"","background-repeat":"repeat","background-position":"center center","background-size":"auto","background-attachment":"scroll","background-type":"","background-media":"","overlay-type":"","overlay-color":"","overlay-opacity":"","overlay-gradient":""}},"ast-content-background-meta":{"desktop":{"background-color":"var(--ast-global-color-5)","background-image":"","background-repeat":"repeat","background-position":"center center","background-size":"auto","background-attachment":"scroll","background-type":"","background-media":"","overlay-type":"","overlay-color":"","overlay-opacity":"","overlay-gradient":""},"tablet":{"background-color":"var(--ast-global-color-5)","background-image":"","background-repeat":"repeat","background-position":"center center","background-size":"auto","background-attachment":"scroll","background-type":"","background-media":"","overlay-type":"","overlay-color":"","overlay-opacity":"","overlay-gradient":""},"mobile":{"background-color":"var(--ast-global-color-5)","background-image":"","background-repeat":"repeat","background-position":"center center","background-size":"auto","background-attachment":"scroll","background-type":"","background-media":"","overlay-type":"","overlay-color":"","overlay-opacity":"","overlay-gradient":""}},"footnotes":""},"class_list":["post-3099","page","type-page","status-publish","hentry"],"yoast_head":"<!-- This site is optimized with the Yoast SEO plugin v22.8 - https:\/\/yoast.com\/wordpress\/plugins\/seo\/ -->\n<title>Support GamerBook - GamerBook<\/title>\n<meta name=\"robots\" content=\"index, follow, max-snippet:-1, max-image-preview:large, max-video-preview:-1\" \/>\n<link rel=\"canonical\" href=\"https:\/\/gamer-book.com\/da\/support-gamerbook\/\" \/>\n<meta property=\"og:locale\" content=\"da_DK\" \/>\n<meta property=\"og:type\" content=\"article\" \/>\n<meta property=\"og:title\" content=\"Support GamerBook - GamerBook\" \/>\n<meta property=\"og:url\" content=\"https:\/\/gamer-book.com\/da\/support-gamerbook\/\" \/>\n<meta property=\"og:site_name\" content=\"GamerBook\" \/>\n<meta property=\"article:modified_time\" content=\"2024-06-06T04:10:54+00:00\" \/>\n<meta name=\"twitter:card\" content=\"summary_large_image\" \/>\n<meta name=\"twitter:label1\" content=\"Estimeret l\u00e6setid\" \/>\n\t<meta name=\"twitter:data1\" content=\"4 minutter\" \/>\n<script type=\"application\/ld+json\" class=\"yoast-schema-graph\">{\"@context\":\"https:\/\/schema.org\",\"@graph\":[{\"@type\":\"WebPage\",\"@id\":\"https:\/\/gamer-book.com\/support-gamerbook\/\",\"url\":\"https:\/\/gamer-book.com\/support-gamerbook\/\",\"name\":\"Support GamerBook - GamerBook\",\"isPartOf\":{\"@id\":\"https:\/\/gamer-book.com\/#website\"},\"datePublished\":\"2023-01-27T09:39:55+00:00\",\"dateModified\":\"2024-06-06T04:10:54+00:00\",\"inLanguage\":\"da-DK\",\"potentialAction\":[{\"@type\":\"ReadAction\",\"target\":[\"https:\/\/gamer-book.com\/support-gamerbook\/\"]}]},{\"@type\":\"WebSite\",\"@id\":\"https:\/\/gamer-book.com\/#website\",\"url\":\"https:\/\/gamer-book.com\/\",\"name\":\"GamerBook\",\"description\":\"For gamers, by gamers\",\"publisher\":{\"@id\":\"https:\/\/gamer-book.com\/#organization\"},\"potentialAction\":[{\"@type\":\"SearchAction\",\"target\":{\"@type\":\"EntryPoint\",\"urlTemplate\":\"https:\/\/gamer-book.com\/?s={search_term_string}\"},\"query-input\":\"required name=search_term_string\"}],\"inLanguage\":\"da-DK\"},{\"@type\":\"Organization\",\"@id\":\"https:\/\/gamer-book.com\/#organization\",\"name\":\"GamerBook\",\"url\":\"https:\/\/gamer-book.com\/\",\"logo\":{\"@type\":\"ImageObject\",\"inLanguage\":\"da-DK\",\"@id\":\"https:\/\/gamer-book.com\/#\/schema\/logo\/image\/\",\"url\":\"https:\/\/gamer-book.com\/wp-content\/uploads\/2016\/07\/cropped-logo-2.png\",\"contentUrl\":\"https:\/\/gamer-book.com\/wp-content\/uploads\/2016\/07\/cropped-logo-2.png\",\"width\":459,\"height\":75,\"caption\":\"GamerBook\"},\"image\":{\"@id\":\"https:\/\/gamer-book.com\/#\/schema\/logo\/image\/\"}}]}<\/script>\n<!-- \/ Yoast SEO plugin. -->","yoast_head_json":{"title":"Support GamerBook - GamerBook","robots":{"index":"index","follow":"follow","max-snippet":"max-snippet:-1","max-image-preview":"max-image-preview:large","max-video-preview":"max-video-preview:-1"},"canonical":"https:\/\/gamer-book.com\/da\/support-gamerbook\/","og_locale":"da_DK","og_type":"article","og_title":"Support GamerBook - GamerBook","og_url":"https:\/\/gamer-book.com\/da\/support-gamerbook\/","og_site_name":"GamerBook","article_modified_time":"2024-06-06T04:10:54+00:00","twitter_card":"summary_large_image","twitter_misc":{"Estimeret l\u00e6setid":"4 minutter"},"schema":{"@context":"https:\/\/schema.org","@graph":[{"@type":"WebPage","@id":"https:\/\/gamer-book.com\/support-gamerbook\/","url":"https:\/\/gamer-book.com\/support-gamerbook\/","name":"Support GamerBook - GamerBook","isPartOf":{"@id":"https:\/\/gamer-book.com\/#website"},"datePublished":"2023-01-27T09:39:55+00:00","dateModified":"2024-06-06T04:10:54+00:00","inLanguage":"da-DK","potentialAction":[{"@type":"ReadAction","target":["https:\/\/gamer-book.com\/support-gamerbook\/"]}]},{"@type":"WebSite","@id":"https:\/\/gamer-book.com\/#website","url":"https:\/\/gamer-book.com\/","name":"GamerBook","description":"For gamers, by gamers","publisher":{"@id":"https:\/\/gamer-book.com\/#organization"},"potentialAction":[{"@type":"SearchAction","target":{"@type":"EntryPoint","urlTemplate":"https:\/\/gamer-book.com\/?s={search_term_string}"},"query-input":"required name=search_term_string"}],"inLanguage":"da-DK"},{"@type":"Organization","@id":"https:\/\/gamer-book.com\/#organization","name":"GamerBook","url":"https:\/\/gamer-book.com\/","logo":{"@type":"ImageObject","inLanguage":"da-DK","@id":"https:\/\/gamer-book.com\/#\/schema\/logo\/image\/","url":"https:\/\/gamer-book.com\/wp-content\/uploads\/2016\/07\/cropped-logo-2.png","contentUrl":"https:\/\/gamer-book.com\/wp-content\/uploads\/2016\/07\/cropped-logo-2.png","width":459,"height":75,"caption":"GamerBook"},"image":{"@id":"https:\/\/gamer-book.com\/#\/schema\/logo\/image\/"}}]}},"_links":{"self":[{"href":"https:\/\/gamer-book.com\/da\/wp-json\/wp\/v2\/pages\/3099","targetHints":{"allow":["GET"]}}],"collection":[{"href":"https:\/\/gamer-book.com\/da\/wp-json\/wp\/v2\/pages"}],"about":[{"href":"https:\/\/gamer-book.com\/da\/wp-json\/wp\/v2\/types\/page"}],"author":[{"embeddable":true,"href":"https:\/\/gamer-book.com\/da\/wp-json\/wp\/v2\/users\/1"}],"replies":[{"embeddable":true,"href":"https:\/\/gamer-book.com\/da\/wp-json\/wp\/v2\/comments?post=3099"}],"version-history":[{"count":3,"href":"https:\/\/gamer-book.com\/da\/wp-json\/wp\/v2\/pages\/3099\/revisions"}],"predecessor-version":[{"id":3299,"href":"https:\/\/gamer-book.com\/da\/wp-json\/wp\/v2\/pages\/3099\/revisions\/3299"}],"wp:attachment":[{"href":"https:\/\/gamer-book.com\/da\/wp-json\/wp\/v2\/media?parent=3099"}],"curies":[{"name":"wp","href":"https:\/\/api.w.org\/{rel}","templated":true}]}}