{"id":3099,"date":"2023-01-27T09:39:55","date_gmt":"2023-01-27T09:39:55","guid":{"rendered":"https:\/\/gamer-book.com\/?page_id=3099"},"modified":"2024-06-06T04:10:54","modified_gmt":"2024-06-06T04:10:54","slug":"support-gamerbook","status":"publish","type":"page","link":"https:\/\/gamer-book.com\/es\/support-gamerbook\/","title":{"rendered":"Support GamerBook"},"content":{"rendered":"<div class=\"vc_row wpb_row vc_row-fluid\"><div class=\"wpb_column vc_column_container vc_col-sm-12\"><div class=\"vc_column-inner vc_custom_1685624616230\"><div class=\"wpb_wrapper\">\n\t<div  class=\"wpb_single_image wpb_content_element vc_align_center\">\n\t\t\n\t\t<figure class=\"wpb_wrapper vc_figure\">\n\t\t\t<div class=\"vc_single_image-wrapper   vc_box_border_grey\"><img fetchpriority=\"high\" decoding=\"async\" class=\"vc_single_image-img\" src=\"https:\/\/gamer-book.com\/wp-content\/uploads\/2023\/01\/banneryoutubev2-600x338.jpg\" width=\"600\" height=\"338\" alt=\"GamerBook, Multi Gaming Social Networks\" title=\"Libro de jugador\" \/><\/div>\n\t\t<\/figure>\n\t<\/div>\n\n\t<div class=\"wpb_text_column wpb_content_element\" >\n\t\t<div class=\"wpb_wrapper\">\n\t\t\t<h1 style=\"text-align: center;\"><span style=\"font-family: 'book antiqua', palatino, serif;\">La palabra del desarrollador de GamerBook<\/span><\/h1>\n\n\t\t<\/div>\n\t<\/div>\n\t\t\r\n\t\t\r\n\t\t\t\t\t<div class=\"mega-testimonial-3\">\r\n\t\t\t\t<img decoding=\"async\" src=\"https:\/\/gamer-book.com\/wp-content\/uploads\/2022\/02\/dev.jpg\" alt=\"\" style=\"width: 100px; border-radius: 100%; box-shadow: 0 0 7px 0 rgba(0, 0, 0, 0.3);-webkit-box-shadow: 0 0 7px 0 rgba(0, 0, 0, 0.3); -moz-box-shadow: 0 0 7px 0 rgba(0, 0, 0, 0.3); -o-box-shadow: 0 0 7px 0 rgba(0, 0, 0, 0.3); border: 1px solid #fff;\">\r\n\t\t\t\t\t<i class=\"fa fa-quote-left\" style=\"text-align: center; display: block; font-size: 20px;padding: 10px 0 4px 0;color: #000;\"><\/i>\r\n\t\t\t\t<div class=\"tm-profile3\">\r\n\t\t\t\t\t<p style=\"text-align: center; font-style: italic;\">\r\n\t\t\t\t\t\t<p style=\"text-align: center\"><span style=\"font-size: 18pt\">\u00a1Ay\u00fadanos a hacer realidad nuestros sue\u00f1os Gamer!<\/span><\/p>\n\t\t\t\t\t<\/p>\r\n\t\t\t\t<\/div>\r\n\t\t\t\t<div class=\"tm-prof3\" style=\"text-align: center; margin: 15px 0 5px 0;\">\r\n\t\t\t\t\t<p style=\"font-size: 14px; color: #000000; font-weight: bold; text-align: center;\">Equipo GamerBook<\/p>\r\n\t\t\t\t\t<p style=\"text-align: center;\">\r\n\t\t\t\t\t\t<a href=\"\" target=\"\" title=\"\" style=\"color: #000000; font-size: 14px; font-style: italic; text-decoration: none; \">\r\n\t\t\t\t\t\t\t\t\t\t\t\t\t<\/a>\r\n\t\t\t\t\t<\/p>\r\n\t\t\t\t<\/div>\r\n\t\t\t\t\t\t\t<\/div>\r\n\t\t\r\n\t\t\r\n\t\t\r\n\t\t\r\n\t\t\t\t\r\n\t\t<div class=\"vc_tta-container vc_tta-o-non-responsive\" data-vc-action=\"collapse\" data-vc-tta-autoplay=\"{&quot;delay&quot;:10000}\"><div class=\"vc_general vc_tta vc_tta-tabs vc_tta-o-shape-group vc_tta-has-pagination vc_tta-o-no-fill vc_tta-tabs-position-top  vc_tta-pageable\"><div class=\"vc_tta-panels-container\"><ul class=\"vc_general vc_pagination vc_pagination-style-outline vc_pagination-shape-round vc_pagination-color-sky\"><li class=\"vc_pagination-item vc_active\" data-vc-tab><a href=\"#1674363628205-333ac562-e732\" class=\"vc_pagination-trigger\" data-vc-tabs data-vc-container=\".vc_tta\"><\/a><\/li><li class=\"vc_pagination-item\" data-vc-tab><a href=\"#1674363696797-2878e412-19b7\" class=\"vc_pagination-trigger\" data-vc-tabs data-vc-container=\".vc_tta\"><\/a><\/li><li class=\"vc_pagination-item\" data-vc-tab><a href=\"#1674364118499-9ccd1cb3-1f3f\" class=\"vc_pagination-trigger\" data-vc-tabs data-vc-container=\".vc_tta\"><\/a><\/li><li class=\"vc_pagination-item\" data-vc-tab><a href=\"#1674458647085-75b6d564-2fa4\" class=\"vc_pagination-trigger\" data-vc-tabs data-vc-container=\".vc_tta\"><\/a><\/li><\/ul><div class=\"vc_tta-panels\"><div  class=\"vc_tta-panel vc_active\" id=\"1674363628205-333ac562-e732\" data-vc-content=\".vc_tta-panel-body\"><div class=\"vc_tta-panel-body\">\n\t\t\t<span class=\"vc_tta-panel-title\">\n\t\t\t\t<a  data-vc-container=\".vc_tta-container\" data-vc-accordion=\"\" data-vc-target=\"#1674363628205-333ac562-e732\"><\/a>\n\t\t\t<\/span>\n\t\t\n\t<div class=\"wpb_text_column wpb_content_element\" >\n\t\t<div class=\"wpb_wrapper\">\n\t\t\t<blockquote>\n<p style=\"text-align: center;\"><span style=\"font-size: 14pt;\"><strong>\u201cCreemos que las plataformas de redes sociales reales son muy buenas pero no est\u00e1n muy bien adaptadas a los jugadores.<br \/>\nYa sea demasiado expuesto a los dem\u00e1s o demasiado oculto y de dif\u00edcil acceso,<br \/>\nLas herramientas reales no satisfacen perfectamente nuestras esperanzas como jugadores\u201d.<\/strong><\/span><\/p>\n<\/blockquote>\n\n\t\t<\/div>\n\t<\/div>\n<\/div><\/div><div  class=\"vc_tta-panel\" id=\"1674363696797-2878e412-19b7\" data-vc-content=\".vc_tta-panel-body\"><div class=\"vc_tta-panel-body\">\n\t\t\t<span class=\"vc_tta-panel-title\">\n\t\t\t\t<a  data-vc-container=\".vc_tta-container\" data-vc-accordion=\"\" data-vc-target=\"#1674363696797-2878e412-19b7\"><\/a>\n\t\t\t<\/span>\n\t\t\n\t<div class=\"wpb_text_column wpb_content_element\" >\n\t\t<div class=\"wpb_wrapper\">\n\t\t\t<blockquote>\n<p style=\"text-align: center;\"><span style=\"font-size: 14pt;\"><strong>\u201cCreemos que los espacios privados completos creados alrededor de cada<br \/>\nLas especificidades del juego (o de las actividades) son el futuro de la red social.<br \/>\nNuestro proyecto es darle a cada juego un espacio personalizado para compartir y encontrarse con otros apasionados\u201d.<\/strong><\/span><\/p>\n<\/blockquote>\n\n\t\t<\/div>\n\t<\/div>\n<\/div><\/div><div  class=\"vc_tta-panel\" id=\"1674364118499-9ccd1cb3-1f3f\" data-vc-content=\".vc_tta-panel-body\"><div class=\"vc_tta-panel-body\">\n\t\t\t<span class=\"vc_tta-panel-title\">\n\t\t\t\t<a  data-vc-container=\".vc_tta-container\" data-vc-accordion=\"\" data-vc-target=\"#1674364118499-9ccd1cb3-1f3f\"><\/a>\n\t\t\t<\/span>\n\t\t\n\t<div class=\"wpb_text_column wpb_content_element\" >\n\t\t<div class=\"wpb_wrapper\">\n\t\t\t<blockquote>\n<p style=\"text-align: center;\"><span style=\"font-size: 14pt;\"><strong>\u201cPero crear un juego de Red Social nos exige mucho tiempo y trabajo.<br \/>\nEste proyecto es por ahora s\u00f3lo una actividad secundaria y tenemos que dedicarnos a nuestro trabajo para ganarnos la vida.<br \/>\nQueremos centrar 100% en este proyecto, convertirla en una empresa adecuada,<br \/>\ny poder mejorar y desarrollar todas nuestras ideas.<br \/>\n\u00a1Apoye nuestro trabajo y apoye su juego para que sea nuestra prioridad y est\u00e9 disponible!<\/strong><\/span><\/p>\n<\/blockquote>\n\n\t\t<\/div>\n\t<\/div>\n<\/div><\/div><div  class=\"vc_tta-panel\" id=\"1674458647085-75b6d564-2fa4\" data-vc-content=\".vc_tta-panel-body\"><div class=\"vc_tta-panel-body\">\n\t\t\t<span class=\"vc_tta-panel-title\">\n\t\t\t\t<a  data-vc-container=\".vc_tta-container\" data-vc-accordion=\"\" data-vc-target=\"#1674458647085-75b6d564-2fa4\"><\/a>\n\t\t\t<\/span>\n\t\t\n\t<div class=\"wpb_text_column wpb_content_element\" >\n\t\t<div class=\"wpb_wrapper\">\n\t\t\t<blockquote>\n<p style=\"text-align: center;\"><span style=\"font-size: 14pt;\"><strong>\u201cCreemos firmemente en nuestros proyectos y esperamos poder reunir a millones de usuarios.<br \/>\nCualquier ayuda es bienvenida y puedes apoyarnos con la cantidad que puedas.<br \/>\nCualquier cantidad ser\u00e1 de gran ayuda y ser\u00e1 muy apreciada.<br \/>\nMuchas gracias por tu apoyo y nos vemos pronto en tu sala de juegos favorita\u201d.<\/strong><\/span><\/p>\n<\/blockquote>\n\n\t\t<\/div>\n\t<\/div>\n<\/div><\/div><\/div><\/div><\/div><\/div>\n\t<div class=\"wpb_text_column wpb_content_element\" >\n\t\t<div class=\"wpb_wrapper\">\n\t\t\t<h2>\u00bfQu\u00e9 es GamerBook?<\/h2>\n<p class=\" translation-block\"><span style=\"font-size: 14pt\">GamerBook es una nueva <strong>red social multijuego<\/strong> creada por jugadores para jugadores.<\/span><br> <span style=\"font-size: 14pt\">Creemos firmemente que el formato de las \u00faltimas d\u00e9cadas de las Redes Sociales<br> est\u00e1 obsoleto y ya no est\u00e1 muy bien adaptado para los juegos.<\/span><br> <span style=\"font-size: 14pt\">Mezclando familia, amigos, trabajo, extra\u00f1os irrelevantes,<br> y concentrar todos sus intereses en una sola red social puede resultar confuso y vergonzoso en algunos aspectos.<\/span><br> <span style=\"font-size: 14pt\">GamerBook tiene como objetivo ofrecer a todas las comunidades de jugadores un lugar agradable y pr\u00e1ctico<br> para reunirse donde puedan intercambiar en su sistema de red social dedicado al juego.<\/span><br> <span style=\"font-size: 14pt\">Tampoco somos fan\u00e1ticos de herramientas demasiado ocultas ni de grupos privados,<br> y queremos tener espacios abiertos y p\u00fablicos de f\u00e1cil acceso, pero espec\u00edficos para cada videojuego diferente.<\/span><br> <span style=\"font-size: 14pt\">Es un lugar para encontrar f\u00e1cilmente informaci\u00f3n, jugadores, consejos para mejorar,<br> eventos y resultados sobre todos tus juegos competitivos favoritos.<\/span><\/p>\n<p>Cada juego es \u00fanico. Por eso queremos que cada juego tenga su red social y caracter\u00edsticas espec\u00edficas.<br \/>\nA nivel global, encontrar\u00e1s en la sala de cada juego:<\/p>\n<ul>\n<li>Todas las \u00faltimas noticias y reportajes de eventos.<\/li>\n<li>Un sistema de red social dedicado al juego<\/li>\n<li>Un foro de discusi\u00f3n clasificado<\/li>\n<li>Una funci\u00f3n de b\u00fasqueda para encontrar f\u00e1cilmente cualquier tipo de jugador y establecer conexiones.<\/li>\n<li>Un sistema de Match-Making para encontrar oponentes que se adapten f\u00e1cilmente<\/li>\n<li>Un sistema de clasificaci\u00f3n y liga<\/li>\n<li>Toneladas de torneos online con precios<\/li>\n<\/ul>\n<p>Desde jugadores ocasionales hasta profesionales, puedes encontrar jugadores de cualquier nivel y desafiarlos.<br \/>\nPuedes competir y desafiar a otros jugadores por diversi\u00f3n o en partidas por dinero, ingresando a nuestros torneos y ligas para ganar muchos premios.<br \/>\nComo organizador, puedes utilizar nuestra plataforma para promocionar y financiar tus eventos y recaudar mayores premios.<br \/>\nComo equipo o patrocinador, podr\u00e1 encontrar jugadores valiosos y encontrar una manera de patrocinar cualquier evento o jugador.<br \/>\nPlaneamos organizar eventos regulares como ligas y torneos en l\u00ednea.<\/p>\n<p>El proyecto es ambicioso pero lamentablemente no ha sido desarrollado de forma profesional por un peque\u00f1o equipo de jugadores apasionados.<br \/>\nComo cada juego tiene sus especificidades, planeamos desarrollar un espacio individual, uno por uno, espec\u00edfico y totalmente dedicado para cada juego.<br \/>\nQueremos que este proyecto se convierta en una aplicaci\u00f3n m\u00f3vil que se ejecute en servidores r\u00e1pidos y con capacidad de respuesta.<br \/>\nPor ahora, s\u00f3lo podemos trabajar en ello durante nuestro tiempo libre despu\u00e9s de nuestro trabajo.<br \/>\nRealmente esperamos poder crear una empresa dedicada a este proyecto y muchos m\u00e1s.<br \/>\nPara eso esperamos encontrar patrocinadores y su apoyo para poder hacer realidad nuestro sue\u00f1o.<br \/>\ny cambiar por completo el mundo de los videojuegos.<\/p>\n<p>Puedes apoyar nuestro proyecto comparti\u00e9ndolo contigo y registr\u00e1ndote en tu juego favorito.<br \/>\nCualquier patrocinio y apoyo ser\u00e1 bienvenido.<br \/>\nLa mayor fortaleza y prop\u00f3sito de este proyecto es reunir a los jugadores.<br \/>\npara ofrecerles la mejor experiencia y conexiones jam\u00e1s vistas.<br \/>\nRealmente creemos en este proyecto y esperamos desde el fondo de nuestro coraz\u00f3n.<br \/>\nque se convertir\u00e1 en la mejor herramienta de juego de la industria del videojuego.<\/p>\n<p>Puedes apoyar tu juego favorito y nuestro proyecto donando lo que puedas o convirti\u00e9ndote en\u00a0<a href=\"https:\/\/www.patreon.com\/Gamerbook_support\" target=\"_blank\" rel=\"noopener\">nuestro patreon<\/a>.<br \/>\nTrabajaremos prioritariamente en los juegos que reciben soporte, as\u00ed que no dudes en apoyar tu juego favorito para que est\u00e9 disponible m\u00e1s r\u00e1pidamente.<br \/>\nCualquier patrocinio y apoyo ser\u00e1 bienvenido.<\/p>\n\n\t\t<\/div>\n\t<\/div>\n<\/div><\/div><\/div><\/div><div class=\"vc_row wpb_row vc_row-fluid vc_custom_1646481115078\"><div class=\"wpb_column vc_column_container vc_col-sm-12\"><div class=\"vc_column-inner\"><div class=\"wpb_wrapper\">\n\t<div class=\"wpb_text_column wpb_content_element\" >\n\t\t<div class=\"wpb_wrapper\">\n\t\t\t<p style=\"text-align: center;\"><div class=\"give-embed-form-wrapper\" id=\"give-69e5f5c565269\"><iframe\n\t\t\t\tname=\"give-embed-form\"\n\t\t\t\tsrc=\"https:\/\/gamer-book.com\/es\/give\/support-gamerbook?giveDonationFormInIframe=1\"\n\t\t\t\t\n\t\t\t\tdata-autoscroll=\"0\"\n\t\t\t\tonload=\"if( 'undefined' !== typeof Give ) { Give.initializeIframeResize(this) }\"\n\t\t\t\tstyle=\"border: 0;visibility: hidden;min-height: 598px;\"><\/iframe><div class=\"iframe-loader\">\n<div style=\"\t\theight: calc(100% - 28px);\t\twidth: calc(100% - 20px);\t\tmax-width: 552px;\t\tmargin: 10px auto 10px auto;\t\tbackground: #fff;\t\tborder-radius: 6px;\t\tdisplay: flex;\t\talign-items: center;\t\tjustify-content: center;\t\t-webkit-box-shadow: 0 2px 2px 0 rgba(0, 0, 0, 0.14),\t\t\t0 3px 1px -2px rgba(0, 0, 0, 0.2),\t\t\t0 1px 5px 0 rgba(0, 0, 0, 0.12);\t\tbox-shadow: 0 2px 2px 0 rgba(0, 0, 0, 0.14),\t\t\t0 3px 1px -2px rgba(0, 0, 0, 0.2),\t\t\t0 1px 5px 0 rgba(0, 0, 0, 0.12);\t\">\n    <div style=\"        pointer-events: none;        height: 90px;        width: 90px;        background-image: url(&quot;data:image\/svg+xml;charset=utf8,%3C?xml version='1.0' encoding='utf-8'?%3E%3C!-- Generator: Adobe Illustrator 24.1.0, SVG Export Plug-In . SVG Version: 6.00 Build 0) --%3E%3Csvg version='1.1' id='Layer_1' xmlns='http:\/\/www.w3.org\/2000\/svg' xmlns:xlink='http:\/\/www.w3.org\/1999\/xlink' x='0px' y='0px' viewBox='0 0 349 348' style='enable-background:new 0 0 349 348;' xml:space='preserve'%3E%3Cstyle type='text\/css'%3E .st0{fill:%230170b9;} %3C\/style%3E%3Cpath class='st0' d='M25.1,204.57c-13.38,0-24.47-10.6-24.97-24.08C0.04,178.09,0,175.97,0,174C0,77.78,78.28-0.5,174.5-0.5 c13.81,0,25,11.19,25,25s-11.19,25-25,25C105.85,49.5,50,105.35,50,174c0,1.37,0.03,2.85,0.1,4.65c0.51,13.8-10.27,25.39-24.07,25.9 C25.72,204.56,25.41,204.57,25.1,204.57z'\/%3E%3Cpath class='st0' d='M174.5,348.5c-13.81,0-25-11.19-25-25c0-13.81,11.19-25,25-25c68.65,0,124.5-55.85,124.5-124.5 c0-1.38-0.03-2.85-0.1-4.65c-0.51-13.8,10.26-25.4,24.06-25.91c13.83-0.53,25.4,10.26,25.91,24.06c0.09,2.39,0.13,4.51,0.13,6.49 C349,270.22,270.72,348.5,174.5,348.5z'\/%3E%3C\/svg%3E&quot;);        animation: spin 0.6s linear infinite;        \"><\/div>\n<\/div>\n<\/div><\/div>\n\n\t\t<\/div>\n\t<\/div>\n<\/div><\/div><\/div><\/div><div class=\"vc_row wpb_row vc_row-fluid\"><div class=\"wpb_column vc_column_container vc_col-sm-12\"><div class=\"vc_column-inner\"><div class=\"wpb_wrapper\">\n\t<div class=\"wpb_text_column wpb_content_element\" >\n\t\t<div class=\"wpb_wrapper\">\n\t\t\t<p style=\"text-align: center;\">Tambi\u00e9n puedes apoyarnos convirti\u00e9ndote en patrocinador de nuestro proyecto.<br \/>\n(Enlace en el pie de p\u00e1gina a continuaci\u00f3n)<\/p>\n\n\t\t<\/div>\n\t<\/div>\n<\/div><\/div><\/div><\/div>","protected":false},"excerpt":{"rendered":"GamerBook developer's word Help us to make our Gamer dreams come true! GamerBook team \"We believe actual social network platforms are very nice but are not very well adapted for gamers. Whether too exposed to others or too hidden and difficult to access, actual tools don't fulfill our hopes as gamers perfectly.\" \"We believe that [...]","protected":false},"author":1,"featured_media":0,"parent":0,"menu_order":0,"comment_status":"closed","ping_status":"closed","template":"","meta":{"site-sidebar-layout":"no-sidebar","site-content-layout":"plain-container","ast-site-content-layout":"","site-content-style":"default","site-sidebar-style":"default","ast-global-header-display":"","ast-banner-title-visibility":"","ast-main-header-display":"","ast-hfb-above-header-display":"","ast-hfb-below-header-display":"","ast-hfb-mobile-header-display":"","site-post-title":"disabled","ast-breadcrumbs-content":"","ast-featured-img":"disabled","footer-sml-layout":"","theme-transparent-header-meta":"default","adv-header-id-meta":"","stick-header-meta":"","header-above-stick-meta":"","header-main-stick-meta":"","header-below-stick-meta":"","astra-migrate-meta-layouts":"default","ast-page-background-enabled":"default","ast-page-background-meta":{"desktop":{"background-color":"var(--ast-global-color-4)","background-image":"","background-repeat":"repeat","background-position":"center center","background-size":"auto","background-attachment":"scroll","background-type":"","background-media":"","overlay-type":"","overlay-color":"","overlay-opacity":"","overlay-gradient":""},"tablet":{"background-color":"","background-image":"","background-repeat":"repeat","background-position":"center center","background-size":"auto","background-attachment":"scroll","background-type":"","background-media":"","overlay-type":"","overlay-color":"","overlay-opacity":"","overlay-gradient":""},"mobile":{"background-color":"","background-image":"","background-repeat":"repeat","background-position":"center center","background-size":"auto","background-attachment":"scroll","background-type":"","background-media":"","overlay-type":"","overlay-color":"","overlay-opacity":"","overlay-gradient":""}},"ast-content-background-meta":{"desktop":{"background-color":"var(--ast-global-color-5)","background-image":"","background-repeat":"repeat","background-position":"center center","background-size":"auto","background-attachment":"scroll","background-type":"","background-media":"","overlay-type":"","overlay-color":"","overlay-opacity":"","overlay-gradient":""},"tablet":{"background-color":"var(--ast-global-color-5)","background-image":"","background-repeat":"repeat","background-position":"center center","background-size":"auto","background-attachment":"scroll","background-type":"","background-media":"","overlay-type":"","overlay-color":"","overlay-opacity":"","overlay-gradient":""},"mobile":{"background-color":"var(--ast-global-color-5)","background-image":"","background-repeat":"repeat","background-position":"center center","background-size":"auto","background-attachment":"scroll","background-type":"","background-media":"","overlay-type":"","overlay-color":"","overlay-opacity":"","overlay-gradient":""}},"footnotes":""},"class_list":["post-3099","page","type-page","status-publish","hentry"],"yoast_head":"<!-- This site is optimized with the Yoast SEO plugin v22.8 - https:\/\/yoast.com\/wordpress\/plugins\/seo\/ -->\n<title>Support GamerBook - GamerBook<\/title>\n<meta name=\"robots\" content=\"index, follow, max-snippet:-1, max-image-preview:large, max-video-preview:-1\" \/>\n<link rel=\"canonical\" href=\"https:\/\/gamer-book.com\/es\/support-gamerbook\/\" \/>\n<meta property=\"og:locale\" content=\"es_ES\" \/>\n<meta property=\"og:type\" content=\"article\" \/>\n<meta property=\"og:title\" content=\"Support GamerBook - GamerBook\" \/>\n<meta property=\"og:url\" content=\"https:\/\/gamer-book.com\/es\/support-gamerbook\/\" \/>\n<meta property=\"og:site_name\" content=\"GamerBook\" \/>\n<meta property=\"article:modified_time\" content=\"2024-06-06T04:10:54+00:00\" \/>\n<meta name=\"twitter:card\" content=\"summary_large_image\" \/>\n<meta name=\"twitter:label1\" content=\"Tiempo de lectura\" \/>\n\t<meta name=\"twitter:data1\" content=\"4 minutos\" \/>\n<script type=\"application\/ld+json\" class=\"yoast-schema-graph\">{\"@context\":\"https:\/\/schema.org\",\"@graph\":[{\"@type\":\"WebPage\",\"@id\":\"https:\/\/gamer-book.com\/support-gamerbook\/\",\"url\":\"https:\/\/gamer-book.com\/support-gamerbook\/\",\"name\":\"Support GamerBook - GamerBook\",\"isPartOf\":{\"@id\":\"https:\/\/gamer-book.com\/#website\"},\"datePublished\":\"2023-01-27T09:39:55+00:00\",\"dateModified\":\"2024-06-06T04:10:54+00:00\",\"inLanguage\":\"es\",\"potentialAction\":[{\"@type\":\"ReadAction\",\"target\":[\"https:\/\/gamer-book.com\/support-gamerbook\/\"]}]},{\"@type\":\"WebSite\",\"@id\":\"https:\/\/gamer-book.com\/#website\",\"url\":\"https:\/\/gamer-book.com\/\",\"name\":\"GamerBook\",\"description\":\"For gamers, by gamers\",\"publisher\":{\"@id\":\"https:\/\/gamer-book.com\/#organization\"},\"potentialAction\":[{\"@type\":\"SearchAction\",\"target\":{\"@type\":\"EntryPoint\",\"urlTemplate\":\"https:\/\/gamer-book.com\/?s={search_term_string}\"},\"query-input\":\"required name=search_term_string\"}],\"inLanguage\":\"es\"},{\"@type\":\"Organization\",\"@id\":\"https:\/\/gamer-book.com\/#organization\",\"name\":\"GamerBook\",\"url\":\"https:\/\/gamer-book.com\/\",\"logo\":{\"@type\":\"ImageObject\",\"inLanguage\":\"es\",\"@id\":\"https:\/\/gamer-book.com\/#\/schema\/logo\/image\/\",\"url\":\"https:\/\/gamer-book.com\/wp-content\/uploads\/2016\/07\/cropped-logo-2.png\",\"contentUrl\":\"https:\/\/gamer-book.com\/wp-content\/uploads\/2016\/07\/cropped-logo-2.png\",\"width\":459,\"height\":75,\"caption\":\"GamerBook\"},\"image\":{\"@id\":\"https:\/\/gamer-book.com\/#\/schema\/logo\/image\/\"}}]}<\/script>\n<!-- \/ Yoast SEO plugin. -->","yoast_head_json":{"title":"Support GamerBook - GamerBook","robots":{"index":"index","follow":"follow","max-snippet":"max-snippet:-1","max-image-preview":"max-image-preview:large","max-video-preview":"max-video-preview:-1"},"canonical":"https:\/\/gamer-book.com\/es\/support-gamerbook\/","og_locale":"es_ES","og_type":"article","og_title":"Support GamerBook - GamerBook","og_url":"https:\/\/gamer-book.com\/es\/support-gamerbook\/","og_site_name":"GamerBook","article_modified_time":"2024-06-06T04:10:54+00:00","twitter_card":"summary_large_image","twitter_misc":{"Tiempo de lectura":"4 minutos"},"schema":{"@context":"https:\/\/schema.org","@graph":[{"@type":"WebPage","@id":"https:\/\/gamer-book.com\/support-gamerbook\/","url":"https:\/\/gamer-book.com\/support-gamerbook\/","name":"Support GamerBook - GamerBook","isPartOf":{"@id":"https:\/\/gamer-book.com\/#website"},"datePublished":"2023-01-27T09:39:55+00:00","dateModified":"2024-06-06T04:10:54+00:00","inLanguage":"es","potentialAction":[{"@type":"ReadAction","target":["https:\/\/gamer-book.com\/support-gamerbook\/"]}]},{"@type":"WebSite","@id":"https:\/\/gamer-book.com\/#website","url":"https:\/\/gamer-book.com\/","name":"GamerBook","description":"For gamers, by gamers","publisher":{"@id":"https:\/\/gamer-book.com\/#organization"},"potentialAction":[{"@type":"SearchAction","target":{"@type":"EntryPoint","urlTemplate":"https:\/\/gamer-book.com\/?s={search_term_string}"},"query-input":"required name=search_term_string"}],"inLanguage":"es"},{"@type":"Organization","@id":"https:\/\/gamer-book.com\/#organization","name":"GamerBook","url":"https:\/\/gamer-book.com\/","logo":{"@type":"ImageObject","inLanguage":"es","@id":"https:\/\/gamer-book.com\/#\/schema\/logo\/image\/","url":"https:\/\/gamer-book.com\/wp-content\/uploads\/2016\/07\/cropped-logo-2.png","contentUrl":"https:\/\/gamer-book.com\/wp-content\/uploads\/2016\/07\/cropped-logo-2.png","width":459,"height":75,"caption":"GamerBook"},"image":{"@id":"https:\/\/gamer-book.com\/#\/schema\/logo\/image\/"}}]}},"_links":{"self":[{"href":"https:\/\/gamer-book.com\/es\/wp-json\/wp\/v2\/pages\/3099","targetHints":{"allow":["GET"]}}],"collection":[{"href":"https:\/\/gamer-book.com\/es\/wp-json\/wp\/v2\/pages"}],"about":[{"href":"https:\/\/gamer-book.com\/es\/wp-json\/wp\/v2\/types\/page"}],"author":[{"embeddable":true,"href":"https:\/\/gamer-book.com\/es\/wp-json\/wp\/v2\/users\/1"}],"replies":[{"embeddable":true,"href":"https:\/\/gamer-book.com\/es\/wp-json\/wp\/v2\/comments?post=3099"}],"version-history":[{"count":3,"href":"https:\/\/gamer-book.com\/es\/wp-json\/wp\/v2\/pages\/3099\/revisions"}],"predecessor-version":[{"id":3299,"href":"https:\/\/gamer-book.com\/es\/wp-json\/wp\/v2\/pages\/3099\/revisions\/3299"}],"wp:attachment":[{"href":"https:\/\/gamer-book.com\/es\/wp-json\/wp\/v2\/media?parent=3099"}],"curies":[{"name":"wp","href":"https:\/\/api.w.org\/{rel}","templated":true}]}}