{"id":3099,"date":"2023-01-27T09:39:55","date_gmt":"2023-01-27T09:39:55","guid":{"rendered":"https:\/\/gamer-book.com\/?page_id=3099"},"modified":"2024-06-06T04:10:54","modified_gmt":"2024-06-06T04:10:54","slug":"support-gamerbook","status":"publish","type":"page","link":"https:\/\/gamer-book.com\/fr\/support-gamerbook\/","title":{"rendered":"Supporter GamerBook"},"content":{"rendered":"<div class=\"vc_row wpb_row vc_row-fluid\"><div class=\"wpb_column vc_column_container vc_col-sm-12\"><div class=\"vc_column-inner vc_custom_1685624616230\"><div class=\"wpb_wrapper\">\n\t<div  class=\"wpb_single_image wpb_content_element vc_align_center\">\n\t\t\n\t\t<figure class=\"wpb_wrapper vc_figure\">\n\t\t\t<div class=\"vc_single_image-wrapper   vc_box_border_grey\"><img fetchpriority=\"high\" decoding=\"async\" class=\"vc_single_image-img\" src=\"https:\/\/gamer-book.com\/wp-content\/uploads\/2023\/01\/banneryoutubev2-600x338.jpg\" width=\"600\" height=\"338\" alt=\"GamerBook, Multi Gaming Social Networks\" title=\"GamerBook\" \/><\/div>\n\t\t<\/figure>\n\t<\/div>\n\n\t<div class=\"wpb_text_column wpb_content_element\" >\n\t\t<div class=\"wpb_wrapper\">\n\t\t\t<h1 style=\"text-align: center;\"><span style=\"font-family: 'book antiqua', palatino, serif;\">Mot du d\u00e9veloppeur de GamerBook<\/span><\/h1>\n\n\t\t<\/div>\n\t<\/div>\n\t\t\r\n\t\t\r\n\t\t\t\t\t<div class=\"mega-testimonial-3\">\r\n\t\t\t\t<img decoding=\"async\" src=\"https:\/\/gamer-book.com\/wp-content\/uploads\/2022\/02\/dev.jpg\" alt=\"\" style=\"width: 100px; border-radius: 100%; box-shadow: 0 0 7px 0 rgba(0, 0, 0, 0.3);-webkit-box-shadow: 0 0 7px 0 rgba(0, 0, 0, 0.3); -moz-box-shadow: 0 0 7px 0 rgba(0, 0, 0, 0.3); -o-box-shadow: 0 0 7px 0 rgba(0, 0, 0, 0.3); border: 1px solid #fff;\">\r\n\t\t\t\t\t<i class=\"fa fa-quote-left\" style=\"text-align: center; display: block; font-size: 20px;padding: 10px 0 4px 0;color: #000;\"><\/i>\r\n\t\t\t\t<div class=\"tm-profile3\">\r\n\t\t\t\t\t<p style=\"text-align: center; font-style: italic;\">\r\n\t\t\t\t\t\t<p style=\"text-align: center\"><span style=\"font-size: 18pt\">Aidez-nous \u00e0 r\u00e9aliser nos r\u00eaves de joueurs !<\/span><\/p>\n\t\t\t\t\t<\/p>\r\n\t\t\t\t<\/div>\r\n\t\t\t\t<div class=\"tm-prof3\" style=\"text-align: center; margin: 15px 0 5px 0;\">\r\n\t\t\t\t\t<p style=\"font-size: 14px; color: #000000; font-weight: bold; text-align: center;\">La team GamerBook<\/p>\r\n\t\t\t\t\t<p style=\"text-align: center;\">\r\n\t\t\t\t\t\t<a href=\"\" target=\"\" title=\"\" style=\"color: #000000; font-size: 14px; font-style: italic; text-decoration: none; \">\r\n\t\t\t\t\t\t\t\t\t\t\t\t\t<\/a>\r\n\t\t\t\t\t<\/p>\r\n\t\t\t\t<\/div>\r\n\t\t\t\t\t\t\t<\/div>\r\n\t\t\r\n\t\t\r\n\t\t\r\n\t\t\r\n\t\t\t\t\r\n\t\t<div class=\"vc_tta-container vc_tta-o-non-responsive\" data-vc-action=\"collapse\" data-vc-tta-autoplay=\"{&quot;delay&quot;:10000}\"><div class=\"vc_general vc_tta vc_tta-tabs vc_tta-o-shape-group vc_tta-has-pagination vc_tta-o-no-fill vc_tta-tabs-position-top  vc_tta-pageable\"><div class=\"vc_tta-panels-container\"><ul class=\"vc_general vc_pagination vc_pagination-style-outline vc_pagination-shape-round vc_pagination-color-sky\"><li class=\"vc_pagination-item vc_active\" data-vc-tab><a href=\"#1674363628205-333ac562-e732\" class=\"vc_pagination-trigger\" data-vc-tabs data-vc-container=\".vc_tta\"><\/a><\/li><li class=\"vc_pagination-item\" data-vc-tab><a href=\"#1674363696797-2878e412-19b7\" class=\"vc_pagination-trigger\" data-vc-tabs data-vc-container=\".vc_tta\"><\/a><\/li><li class=\"vc_pagination-item\" data-vc-tab><a href=\"#1674364118499-9ccd1cb3-1f3f\" class=\"vc_pagination-trigger\" data-vc-tabs data-vc-container=\".vc_tta\"><\/a><\/li><li class=\"vc_pagination-item\" data-vc-tab><a href=\"#1674458647085-75b6d564-2fa4\" class=\"vc_pagination-trigger\" data-vc-tabs data-vc-container=\".vc_tta\"><\/a><\/li><\/ul><div class=\"vc_tta-panels\"><div  class=\"vc_tta-panel vc_active\" id=\"1674363628205-333ac562-e732\" data-vc-content=\".vc_tta-panel-body\"><div class=\"vc_tta-panel-body\">\n\t\t\t<span class=\"vc_tta-panel-title\">\n\t\t\t\t<a  data-vc-container=\".vc_tta-container\" data-vc-accordion=\"\" data-vc-target=\"#1674363628205-333ac562-e732\"><\/a>\n\t\t\t<\/span>\n\t\t\n\t<div class=\"wpb_text_column wpb_content_element\" >\n\t\t<div class=\"wpb_wrapper\">\n\t\t\t<blockquote>\n<p style=\"text-align: center;\"><span style=\"font-size: 14pt;\"><strong>\"Nous pensons que les plateformes de r\u00e9seaux sociaux actuelles sont tr\u00e8s agr\u00e9ables, mais qu'elles ne sont pas tr\u00e8s bien adapt\u00e9es aux joueurs.<br \/>\nQu'elles soient trop expos\u00e9es aux autres ou trop cach\u00e9es et difficiles d'acc\u00e8s,<br \/>\nles outils actuels ne r\u00e9pondent pas parfaitement \u00e0 nos attentes en tant que joueurs\".<\/strong><\/span><\/p>\n<\/blockquote>\n\n\t\t<\/div>\n\t<\/div>\n<\/div><\/div><div  class=\"vc_tta-panel\" id=\"1674363696797-2878e412-19b7\" data-vc-content=\".vc_tta-panel-body\"><div class=\"vc_tta-panel-body\">\n\t\t\t<span class=\"vc_tta-panel-title\">\n\t\t\t\t<a  data-vc-container=\".vc_tta-container\" data-vc-accordion=\"\" data-vc-target=\"#1674363696797-2878e412-19b7\"><\/a>\n\t\t\t<\/span>\n\t\t\n\t<div class=\"wpb_text_column wpb_content_element\" >\n\t\t<div class=\"wpb_wrapper\">\n\t\t\t<blockquote>\n<p style=\"text-align: center;\"><span style=\"font-size: 14pt;\"><strong>\"Nous pensons que des espaces priv\u00e9s enti\u00e8rement d\u00e9di\u00e9s, cr\u00e9\u00e9s autour de chacun<br \/>\ndes sp\u00e9cificit\u00e9s de chaque jeu (ou activit\u00e9), sont l'avenir du r\u00e9seau social.<br \/>\nNotre projet est de donner \u00e0 chaque jeu un espace personnalis\u00e9 de partage et de rencontre avec d'autres passionn\u00e9s\".<\/strong><\/span><\/p>\n<\/blockquote>\n\n\t\t<\/div>\n\t<\/div>\n<\/div><\/div><div  class=\"vc_tta-panel\" id=\"1674364118499-9ccd1cb3-1f3f\" data-vc-content=\".vc_tta-panel-body\"><div class=\"vc_tta-panel-body\">\n\t\t\t<span class=\"vc_tta-panel-title\">\n\t\t\t\t<a  data-vc-container=\".vc_tta-container\" data-vc-accordion=\"\" data-vc-target=\"#1674364118499-9ccd1cb3-1f3f\"><\/a>\n\t\t\t<\/span>\n\t\t\n\t<div class=\"wpb_text_column wpb_content_element\" >\n\t\t<div class=\"wpb_wrapper\">\n\t\t\t<blockquote>\n<p style=\"text-align: center;\"><span style=\"font-size: 14pt;\"><strong>\"Mais la cr\u00e9ation d'un jeu de r\u00e9seau social nous demande beaucoup de temps et de travail.<br \/>\nCe projet n'est pour l'instant qu'une activit\u00e9 secondaire et nous devons toujours nous occuper de nos emplois actuels pour gagner notre vie.<br \/>\nNous voulons nous concentrer \u00e0 100 % sur ce projet et en faire une v\u00e9ritable entreprise,<br \/>\net de pouvoir am\u00e9liorer et d\u00e9velopper toutes nos id\u00e9es.<br \/>\nSoutenez notre travail et soutenez votre jeu pour qu'il devienne notre priorit\u00e9 et qu'il soit disponible rapidement !<\/strong><\/span><\/p>\n<\/blockquote>\n\n\t\t<\/div>\n\t<\/div>\n<\/div><\/div><div  class=\"vc_tta-panel\" id=\"1674458647085-75b6d564-2fa4\" data-vc-content=\".vc_tta-panel-body\"><div class=\"vc_tta-panel-body\">\n\t\t\t<span class=\"vc_tta-panel-title\">\n\t\t\t\t<a  data-vc-container=\".vc_tta-container\" data-vc-accordion=\"\" data-vc-target=\"#1674458647085-75b6d564-2fa4\"><\/a>\n\t\t\t<\/span>\n\t\t\n\t<div class=\"wpb_text_column wpb_content_element\" >\n\t\t<div class=\"wpb_wrapper\">\n\t\t\t<blockquote>\n<p style=\"text-align: center;\"><span style=\"font-size: 14pt;\"><strong>\"Nous croyons fermement en nos projets et nous esp\u00e9rons pouvoir rassembler des millions d'utilisateurs.<br \/>\nToute aide est la bienvenue et vous pouvez nous soutenir avec n'importe quel montant.<br \/>\nTout montant sera d\u00e9j\u00e0 une grande aide et sera grandement appr\u00e9ci\u00e9.<br \/>\nMerci beaucoup pour votre soutien et \u00e0 bient\u00f4t dans votre espace de jeu pr\u00e9f\u00e9r\u00e9.\"<\/strong><\/span><\/p>\n<\/blockquote>\n\n\t\t<\/div>\n\t<\/div>\n<\/div><\/div><\/div><\/div><\/div><\/div>\n\t<div class=\"wpb_text_column wpb_content_element\" >\n\t\t<div class=\"wpb_wrapper\">\n\t\t\t<h2>Qu'est-ce que GamerBook ?<\/h2>\n<p class=\" translation-block\"><span style=\"font-size: 14pt\">GamerBook est un nouveau r\u00e9seau social multi-jeux cr\u00e9\u00e9 par des joueurs pour des joueurs.<\/span><br>\n<span style=\"font-size: 14pt\">Nous croyons fermement que le format des derni\u00e8res d\u00e9cennies des r\u00e9seaux sociaux<br>\nest obsol\u00e8te et n'est plus adapt\u00e9 au jeu.<\/span><br>\n<span style=\"font-size: 14pt\">M\u00e9langer la famille, les amis, le travail, les inconnus,<br>\net tous vos int\u00e9r\u00eats dans un seul r\u00e9seau social peut \u00eatre d\u00e9routant et embarrassant d'une certaine mani\u00e8re.<\/span><br>\n<span style=\"font-size: 14pt\">GamerBook a pour but d'offrir \u00e0 toutes les communaut\u00e9s de joueurs un endroit convivial et pratique<br>\no\u00f9 ils peuvent \u00e9changer sur leur syst\u00e8me de r\u00e9seau social d\u00e9di\u00e9 aux jeux.<\/span><br>\n<span style=\"font-size: 14pt\">Nous ne sommes pas non plus fans des outils trop cach\u00e9s et des groupes priv\u00e9s,<br>\net nous voulons avoir des espaces ouverts et publics facilement accessibles, mais sp\u00e9cifiques \u00e0 chaque jeu vid\u00e9o.<\/span><br>\n<span style=\"font-size: 14pt\">C'est un endroit unique pour trouver facilement des informations, des joueurs, des conseils pour s'am\u00e9liorer,<br>\n\u00e9v\u00e9nements, et des r\u00e9sultats sur tous vos jeux comp\u00e9titifs pr\u00e9f\u00e9r\u00e9s.<\/span><\/p>\n<p><span style=\"font-size: 14pt\">Chaque jeu est unique. C'est pourquoi nous voulons que chaque jeu ait son propre r\u00e9seau social et ses propres caract\u00e9ristiques.<\/span><br \/>\nGlobalement, vous trouverez dans chaque espace de jeu :<\/p>\n<ul>\n<li>Toutes les derni\u00e8res infos et tous les rapports d'\u00e9v\u00e9nements<\/li>\n<li>Un syst\u00e8me de r\u00e9seau social enti\u00e8rement d\u00e9di\u00e9 au jeu<\/li>\n<li>Un forum de discussion classifi\u00e9<\/li>\n<li>Une fonction de recherche pour trouver facilement n'importe quel type de joueur et rentrer en contact<\/li>\n<li>Un syst\u00e8me de Match-Making pour trouver facilement des adversaires adapt\u00e9s \u00e0 vos attentes<\/li>\n<li>Un syst\u00e8me de classement et de ligue<\/li>\n<li>De nombreux tournois en ligne avec des prix \u00e0 gagner<\/li>\n<\/ul>\n<p>Des joueurs occasionnels aux joueurs professionnels, vous pouvez trouver des joueurs de tous niveaux et les d\u00e9fier.<br \/>\nVous pouvez rivaliser et d\u00e9fier d&#039;autres joueurs pour le plaisir ou pour des Money Matchs, en participant \u00e0 nos tournois et \u00e0 notre ligue pour gagner de nombreux prix.<br \/>\nEn tant qu&#039;organisateur, vous pouvez utiliser notre plateforme pour promouvoir et financer vos \u00e9v\u00e9nements et r\u00e9colter des cagnottes plus importantes.<br \/>\nEn tant qu&#039;\u00e9quipe ou sponsor, vous pourrez trouver des joueurs pr\u00e9cieux et trouver un moyen de parrainer des \u00e9v\u00e9nements ou des joueurs.<br \/>\nNous pr\u00e9voyons d&#039;organiser des \u00e9v\u00e9nements r\u00e9guliers tels que des ligues et des tournois en ligne.<\/p>\n<p>Le projet est ambitieux mais malheureusement d\u00e9velopp\u00e9 de mani\u00e8re non professionnelle par une petite \u00e9quipe de joueurs passionn\u00e9s.<br \/>\nComme chaque jeu a ses sp\u00e9cificit\u00e9s, nous pr\u00e9voyons de d\u00e9velopper un espace individuel, un par un, sp\u00e9cifique et enti\u00e8rement d\u00e9di\u00e9 \u00e0 chaque jeu.<br \/>\nNous souhaitons que ce projet devienne une application mobile fonctionnant sur des serveurs rapides et r\u00e9actifs.<br \/>\nPour l'instant, nous ne pouvons y travailler que pendant notre temps libre, apr\u00e8s notre travail.<br \/>\nNous esp\u00e9rons vraiment pouvoir cr\u00e9er une soci\u00e9t\u00e9 d\u00e9di\u00e9e enti\u00e8rement \u00e0 ce projet et \u00e0 bien d'autres grandes id\u00e9es que nous avons concernant le gaming.<br \/>\nPour cela, nous esp\u00e9rons trouver des sponsors et votre soutien afin que nous puissions r\u00e9aliser notre r\u00eave<br \/>\net changer compl\u00e8tement le monde du jeu.<\/p>\n<p>Vous pouvez soutenir notre projet en le partageant autour de vous et en vous inscrivant \u00e0 vos jeux pr\u00e9f\u00e9r\u00e9s.<br \/>\nTout parrainage et soutien sera le bienvenu.<br \/>\nLa plus grande force et le but de ce projet est de rassembler les joueurs<br \/>\npour leur offrir la meilleure exp\u00e9rience et les meilleures connexions possibles.<br \/>\nNous croyons vraiment en ce projet et esp\u00e9rons du fond du c\u0153ur<br \/>\nqu'il deviendra le meilleur outil de l'industrie du jeu vid\u00e9o en ligne.<\/p>\n<p>Vous pouvez soutenir votre jeu pr\u00e9f\u00e9r\u00e9 et notre projet en faisant un don ou en devenant\u00a0<a href=\"https:\/\/www.patreon.com\/Gamerbook_support\" target=\"_blank\" rel=\"noopener\">notre Patr\u00e9on<\/a>.<br \/>\nNous travaillerons en priorit\u00e9 sur les jeux b\u00e9n\u00e9ficiant d&#039;un support donc n&#039;h\u00e9sitez pas \u00e0 soutenir votre jeu pr\u00e9f\u00e9r\u00e9 pour le rendre disponible plus rapidement.<br \/>\nTout parrainage et soutien sera le bienvenu.<\/p>\n\n\t\t<\/div>\n\t<\/div>\n<\/div><\/div><\/div><\/div><div class=\"vc_row wpb_row vc_row-fluid vc_custom_1646481115078\"><div class=\"wpb_column vc_column_container vc_col-sm-12\"><div class=\"vc_column-inner\"><div class=\"wpb_wrapper\">\n\t<div class=\"wpb_text_column wpb_content_element\" >\n\t\t<div class=\"wpb_wrapper\">\n\t\t\t<p style=\"text-align: center;\"><div class=\"give-embed-form-wrapper\" id=\"give-69e57618257f6\"><iframe\n\t\t\t\tname=\"give-embed-form\"\n\t\t\t\tsrc=\"https:\/\/gamer-book.com\/fr\/give\/support-gamerbook?giveDonationFormInIframe=1\"\n\t\t\t\t\n\t\t\t\tdata-autoscroll=\"0\"\n\t\t\t\tonload=\"if( 'undefined' !== typeof Give ) { Give.initializeIframeResize(this) }\"\n\t\t\t\tstyle=\"border: 0;visibility: hidden;min-height: 598px;\"><\/iframe><div class=\"iframe-loader\">\n<div style=\"\t\theight: calc(100% - 28px);\t\twidth: calc(100% - 20px);\t\tmax-width: 552px;\t\tmargin: 10px auto 10px auto;\t\tbackground: #fff;\t\tborder-radius: 6px;\t\tdisplay: flex;\t\talign-items: center;\t\tjustify-content: center;\t\t-webkit-box-shadow: 0 2px 2px 0 rgba(0, 0, 0, 0.14),\t\t\t0 3px 1px -2px rgba(0, 0, 0, 0.2),\t\t\t0 1px 5px 0 rgba(0, 0, 0, 0.12);\t\tbox-shadow: 0 2px 2px 0 rgba(0, 0, 0, 0.14),\t\t\t0 3px 1px -2px rgba(0, 0, 0, 0.2),\t\t\t0 1px 5px 0 rgba(0, 0, 0, 0.12);\t\">\n    <div style=\"        pointer-events: none;        height: 90px;        width: 90px;        background-image: url(&quot;data:image\/svg+xml;charset=utf8,%3C?xml version='1.0' encoding='utf-8'?%3E%3C!-- Generator: Adobe Illustrator 24.1.0, SVG Export Plug-In . SVG Version: 6.00 Build 0) --%3E%3Csvg version='1.1' id='Layer_1' xmlns='http:\/\/www.w3.org\/2000\/svg' xmlns:xlink='http:\/\/www.w3.org\/1999\/xlink' x='0px' y='0px' viewBox='0 0 349 348' style='enable-background:new 0 0 349 348;' xml:space='preserve'%3E%3Cstyle type='text\/css'%3E .st0{fill:%230170b9;} %3C\/style%3E%3Cpath class='st0' d='M25.1,204.57c-13.38,0-24.47-10.6-24.97-24.08C0.04,178.09,0,175.97,0,174C0,77.78,78.28-0.5,174.5-0.5 c13.81,0,25,11.19,25,25s-11.19,25-25,25C105.85,49.5,50,105.35,50,174c0,1.37,0.03,2.85,0.1,4.65c0.51,13.8-10.27,25.39-24.07,25.9 C25.72,204.56,25.41,204.57,25.1,204.57z'\/%3E%3Cpath class='st0' d='M174.5,348.5c-13.81,0-25-11.19-25-25c0-13.81,11.19-25,25-25c68.65,0,124.5-55.85,124.5-124.5 c0-1.38-0.03-2.85-0.1-4.65c-0.51-13.8,10.26-25.4,24.06-25.91c13.83-0.53,25.4,10.26,25.91,24.06c0.09,2.39,0.13,4.51,0.13,6.49 C349,270.22,270.72,348.5,174.5,348.5z'\/%3E%3C\/svg%3E&quot;);        animation: spin 0.6s linear infinite;        \"><\/div>\n<\/div>\n<\/div><\/div>\n\n\t\t<\/div>\n\t<\/div>\n<\/div><\/div><\/div><\/div><div class=\"vc_row wpb_row vc_row-fluid\"><div class=\"wpb_column vc_column_container vc_col-sm-12\"><div class=\"vc_column-inner\"><div class=\"wpb_wrapper\">\n\t<div class=\"wpb_text_column wpb_content_element\" >\n\t\t<div class=\"wpb_wrapper\">\n\t\t\t<p style=\"text-align: center;\">Vous pouvez \u00e9galement nous soutenir en devenant patron de notre projet<br \/>\n(Lien en bas de page ci-dessous)<\/p>\n\n\t\t<\/div>\n\t<\/div>\n<\/div><\/div><\/div><\/div>","protected":false},"excerpt":{"rendered":"GamerBook developer's word Help us to make our Gamer dreams come true! GamerBook team \"We believe actual social network platforms are very nice but are not very well adapted for gamers. Whether too exposed to others or too hidden and difficult to access, actual tools don't fulfill our hopes as gamers perfectly.\" \"We believe that [...]","protected":false},"author":1,"featured_media":0,"parent":0,"menu_order":0,"comment_status":"closed","ping_status":"closed","template":"","meta":{"site-sidebar-layout":"no-sidebar","site-content-layout":"plain-container","ast-site-content-layout":"","site-content-style":"default","site-sidebar-style":"default","ast-global-header-display":"","ast-banner-title-visibility":"","ast-main-header-display":"","ast-hfb-above-header-display":"","ast-hfb-below-header-display":"","ast-hfb-mobile-header-display":"","site-post-title":"disabled","ast-breadcrumbs-content":"","ast-featured-img":"disabled","footer-sml-layout":"","theme-transparent-header-meta":"default","adv-header-id-meta":"","stick-header-meta":"","header-above-stick-meta":"","header-main-stick-meta":"","header-below-stick-meta":"","astra-migrate-meta-layouts":"default","ast-page-background-enabled":"default","ast-page-background-meta":{"desktop":{"background-color":"var(--ast-global-color-4)","background-image":"","background-repeat":"repeat","background-position":"center center","background-size":"auto","background-attachment":"scroll","background-type":"","background-media":"","overlay-type":"","overlay-color":"","overlay-opacity":"","overlay-gradient":""},"tablet":{"background-color":"","background-image":"","background-repeat":"repeat","background-position":"center center","background-size":"auto","background-attachment":"scroll","background-type":"","background-media":"","overlay-type":"","overlay-color":"","overlay-opacity":"","overlay-gradient":""},"mobile":{"background-color":"","background-image":"","background-repeat":"repeat","background-position":"center center","background-size":"auto","background-attachment":"scroll","background-type":"","background-media":"","overlay-type":"","overlay-color":"","overlay-opacity":"","overlay-gradient":""}},"ast-content-background-meta":{"desktop":{"background-color":"var(--ast-global-color-5)","background-image":"","background-repeat":"repeat","background-position":"center center","background-size":"auto","background-attachment":"scroll","background-type":"","background-media":"","overlay-type":"","overlay-color":"","overlay-opacity":"","overlay-gradient":""},"tablet":{"background-color":"var(--ast-global-color-5)","background-image":"","background-repeat":"repeat","background-position":"center center","background-size":"auto","background-attachment":"scroll","background-type":"","background-media":"","overlay-type":"","overlay-color":"","overlay-opacity":"","overlay-gradient":""},"mobile":{"background-color":"var(--ast-global-color-5)","background-image":"","background-repeat":"repeat","background-position":"center center","background-size":"auto","background-attachment":"scroll","background-type":"","background-media":"","overlay-type":"","overlay-color":"","overlay-opacity":"","overlay-gradient":""}},"footnotes":""},"class_list":["post-3099","page","type-page","status-publish","hentry"],"yoast_head":"<!-- This site is optimized with the Yoast SEO plugin v22.8 - https:\/\/yoast.com\/wordpress\/plugins\/seo\/ -->\n<title>Support GamerBook - GamerBook<\/title>\n<meta name=\"robots\" content=\"index, follow, max-snippet:-1, max-image-preview:large, max-video-preview:-1\" \/>\n<link rel=\"canonical\" href=\"https:\/\/gamer-book.com\/fr\/support-gamerbook\/\" \/>\n<meta property=\"og:locale\" content=\"fr_FR\" \/>\n<meta property=\"og:type\" content=\"article\" \/>\n<meta property=\"og:title\" content=\"Support GamerBook - GamerBook\" \/>\n<meta property=\"og:url\" content=\"https:\/\/gamer-book.com\/fr\/support-gamerbook\/\" \/>\n<meta property=\"og:site_name\" content=\"GamerBook\" \/>\n<meta property=\"article:modified_time\" content=\"2024-06-06T04:10:54+00:00\" \/>\n<meta name=\"twitter:card\" content=\"summary_large_image\" \/>\n<meta name=\"twitter:label1\" content=\"Dur\u00e9e de lecture estim\u00e9e\" \/>\n\t<meta name=\"twitter:data1\" content=\"4 minutes\" \/>\n<script type=\"application\/ld+json\" class=\"yoast-schema-graph\">{\"@context\":\"https:\/\/schema.org\",\"@graph\":[{\"@type\":\"WebPage\",\"@id\":\"https:\/\/gamer-book.com\/support-gamerbook\/\",\"url\":\"https:\/\/gamer-book.com\/support-gamerbook\/\",\"name\":\"Support GamerBook - GamerBook\",\"isPartOf\":{\"@id\":\"https:\/\/gamer-book.com\/#website\"},\"datePublished\":\"2023-01-27T09:39:55+00:00\",\"dateModified\":\"2024-06-06T04:10:54+00:00\",\"inLanguage\":\"fr-FR\",\"potentialAction\":[{\"@type\":\"ReadAction\",\"target\":[\"https:\/\/gamer-book.com\/support-gamerbook\/\"]}]},{\"@type\":\"WebSite\",\"@id\":\"https:\/\/gamer-book.com\/#website\",\"url\":\"https:\/\/gamer-book.com\/\",\"name\":\"GamerBook\",\"description\":\"For gamers, by gamers\",\"publisher\":{\"@id\":\"https:\/\/gamer-book.com\/#organization\"},\"potentialAction\":[{\"@type\":\"SearchAction\",\"target\":{\"@type\":\"EntryPoint\",\"urlTemplate\":\"https:\/\/gamer-book.com\/?s={search_term_string}\"},\"query-input\":\"required name=search_term_string\"}],\"inLanguage\":\"fr-FR\"},{\"@type\":\"Organization\",\"@id\":\"https:\/\/gamer-book.com\/#organization\",\"name\":\"GamerBook\",\"url\":\"https:\/\/gamer-book.com\/\",\"logo\":{\"@type\":\"ImageObject\",\"inLanguage\":\"fr-FR\",\"@id\":\"https:\/\/gamer-book.com\/#\/schema\/logo\/image\/\",\"url\":\"https:\/\/gamer-book.com\/wp-content\/uploads\/2016\/07\/cropped-logo-2.png\",\"contentUrl\":\"https:\/\/gamer-book.com\/wp-content\/uploads\/2016\/07\/cropped-logo-2.png\",\"width\":459,\"height\":75,\"caption\":\"GamerBook\"},\"image\":{\"@id\":\"https:\/\/gamer-book.com\/#\/schema\/logo\/image\/\"}}]}<\/script>\n<!-- \/ Yoast SEO plugin. -->","yoast_head_json":{"title":"Support GamerBook - GamerBook","robots":{"index":"index","follow":"follow","max-snippet":"max-snippet:-1","max-image-preview":"max-image-preview:large","max-video-preview":"max-video-preview:-1"},"canonical":"https:\/\/gamer-book.com\/fr\/support-gamerbook\/","og_locale":"fr_FR","og_type":"article","og_title":"Support GamerBook - GamerBook","og_url":"https:\/\/gamer-book.com\/fr\/support-gamerbook\/","og_site_name":"GamerBook","article_modified_time":"2024-06-06T04:10:54+00:00","twitter_card":"summary_large_image","twitter_misc":{"Dur\u00e9e de lecture estim\u00e9e":"4 minutes"},"schema":{"@context":"https:\/\/schema.org","@graph":[{"@type":"WebPage","@id":"https:\/\/gamer-book.com\/support-gamerbook\/","url":"https:\/\/gamer-book.com\/support-gamerbook\/","name":"Support GamerBook - GamerBook","isPartOf":{"@id":"https:\/\/gamer-book.com\/#website"},"datePublished":"2023-01-27T09:39:55+00:00","dateModified":"2024-06-06T04:10:54+00:00","inLanguage":"fr-FR","potentialAction":[{"@type":"ReadAction","target":["https:\/\/gamer-book.com\/support-gamerbook\/"]}]},{"@type":"WebSite","@id":"https:\/\/gamer-book.com\/#website","url":"https:\/\/gamer-book.com\/","name":"GamerBook","description":"For gamers, by gamers","publisher":{"@id":"https:\/\/gamer-book.com\/#organization"},"potentialAction":[{"@type":"SearchAction","target":{"@type":"EntryPoint","urlTemplate":"https:\/\/gamer-book.com\/?s={search_term_string}"},"query-input":"required name=search_term_string"}],"inLanguage":"fr-FR"},{"@type":"Organization","@id":"https:\/\/gamer-book.com\/#organization","name":"GamerBook","url":"https:\/\/gamer-book.com\/","logo":{"@type":"ImageObject","inLanguage":"fr-FR","@id":"https:\/\/gamer-book.com\/#\/schema\/logo\/image\/","url":"https:\/\/gamer-book.com\/wp-content\/uploads\/2016\/07\/cropped-logo-2.png","contentUrl":"https:\/\/gamer-book.com\/wp-content\/uploads\/2016\/07\/cropped-logo-2.png","width":459,"height":75,"caption":"GamerBook"},"image":{"@id":"https:\/\/gamer-book.com\/#\/schema\/logo\/image\/"}}]}},"_links":{"self":[{"href":"https:\/\/gamer-book.com\/fr\/wp-json\/wp\/v2\/pages\/3099","targetHints":{"allow":["GET"]}}],"collection":[{"href":"https:\/\/gamer-book.com\/fr\/wp-json\/wp\/v2\/pages"}],"about":[{"href":"https:\/\/gamer-book.com\/fr\/wp-json\/wp\/v2\/types\/page"}],"author":[{"embeddable":true,"href":"https:\/\/gamer-book.com\/fr\/wp-json\/wp\/v2\/users\/1"}],"replies":[{"embeddable":true,"href":"https:\/\/gamer-book.com\/fr\/wp-json\/wp\/v2\/comments?post=3099"}],"version-history":[{"count":3,"href":"https:\/\/gamer-book.com\/fr\/wp-json\/wp\/v2\/pages\/3099\/revisions"}],"predecessor-version":[{"id":3299,"href":"https:\/\/gamer-book.com\/fr\/wp-json\/wp\/v2\/pages\/3099\/revisions\/3299"}],"wp:attachment":[{"href":"https:\/\/gamer-book.com\/fr\/wp-json\/wp\/v2\/media?parent=3099"}],"curies":[{"name":"wp","href":"https:\/\/api.w.org\/{rel}","templated":true}]}}