{"id":3099,"date":"2023-01-27T09:39:55","date_gmt":"2023-01-27T09:39:55","guid":{"rendered":"https:\/\/gamer-book.com\/?page_id=3099"},"modified":"2024-06-06T04:10:54","modified_gmt":"2024-06-06T04:10:54","slug":"support-gamerbook","status":"publish","type":"page","link":"https:\/\/gamer-book.com\/it\/support-gamerbook\/","title":{"rendered":"Support GamerBook"},"content":{"rendered":"<div class=\"vc_row wpb_row vc_row-fluid\"><div class=\"wpb_column vc_column_container vc_col-sm-12\"><div class=\"vc_column-inner vc_custom_1685624616230\"><div class=\"wpb_wrapper\">\n\t<div  class=\"wpb_single_image wpb_content_element vc_align_center\">\n\t\t\n\t\t<figure class=\"wpb_wrapper vc_figure\">\n\t\t\t<div class=\"vc_single_image-wrapper   vc_box_border_grey\"><img fetchpriority=\"high\" decoding=\"async\" class=\"vc_single_image-img\" src=\"https:\/\/gamer-book.com\/wp-content\/uploads\/2023\/01\/banneryoutubev2-600x338.jpg\" width=\"600\" height=\"338\" alt=\"GamerBook, Multi Gaming Social Networks\" title=\"GamerBook\" \/><\/div>\n\t\t<\/figure>\n\t<\/div>\n\n\t<div class=\"wpb_text_column wpb_content_element\" >\n\t\t<div class=\"wpb_wrapper\">\n\t\t\t<h1 style=\"text-align: center;\"><span style=\"font-family: 'book antiqua', palatino, serif;\">Parola dello sviluppatore di GamerBook<\/span><\/h1>\n\n\t\t<\/div>\n\t<\/div>\n\t\t\r\n\t\t\r\n\t\t\t\t\t<div class=\"mega-testimonial-3\">\r\n\t\t\t\t<img decoding=\"async\" src=\"https:\/\/gamer-book.com\/wp-content\/uploads\/2022\/02\/dev.jpg\" alt=\"\" style=\"width: 100px; border-radius: 100%; box-shadow: 0 0 7px 0 rgba(0, 0, 0, 0.3);-webkit-box-shadow: 0 0 7px 0 rgba(0, 0, 0, 0.3); -moz-box-shadow: 0 0 7px 0 rgba(0, 0, 0, 0.3); -o-box-shadow: 0 0 7px 0 rgba(0, 0, 0, 0.3); border: 1px solid #fff;\">\r\n\t\t\t\t\t<i class=\"fa fa-quote-left\" style=\"text-align: center; display: block; font-size: 20px;padding: 10px 0 4px 0;color: #000;\"><\/i>\r\n\t\t\t\t<div class=\"tm-profile3\">\r\n\t\t\t\t\t<p style=\"text-align: center; font-style: italic;\">\r\n\t\t\t\t\t\t<p style=\"text-align: center\"><span style=\"font-size: 18pt\">Aiutaci a realizzare i nostri sogni di gamer!<\/span><\/p>\n\t\t\t\t\t<\/p>\r\n\t\t\t\t<\/div>\r\n\t\t\t\t<div class=\"tm-prof3\" style=\"text-align: center; margin: 15px 0 5px 0;\">\r\n\t\t\t\t\t<p style=\"font-size: 14px; color: #000000; font-weight: bold; text-align: center;\">Il team di GamerBook<\/p>\r\n\t\t\t\t\t<p style=\"text-align: center;\">\r\n\t\t\t\t\t\t<a href=\"\" target=\"\" title=\"\" style=\"color: #000000; font-size: 14px; font-style: italic; text-decoration: none; \">\r\n\t\t\t\t\t\t\t\t\t\t\t\t\t<\/a>\r\n\t\t\t\t\t<\/p>\r\n\t\t\t\t<\/div>\r\n\t\t\t\t\t\t\t<\/div>\r\n\t\t\r\n\t\t\r\n\t\t\r\n\t\t\r\n\t\t\t\t\r\n\t\t<div class=\"vc_tta-container vc_tta-o-non-responsive\" data-vc-action=\"collapse\" data-vc-tta-autoplay=\"{&quot;delay&quot;:10000}\"><div class=\"vc_general vc_tta vc_tta-tabs vc_tta-o-shape-group vc_tta-has-pagination vc_tta-o-no-fill vc_tta-tabs-position-top  vc_tta-pageable\"><div class=\"vc_tta-panels-container\"><ul class=\"vc_general vc_pagination vc_pagination-style-outline vc_pagination-shape-round vc_pagination-color-sky\"><li class=\"vc_pagination-item vc_active\" data-vc-tab><a href=\"#1674363628205-333ac562-e732\" class=\"vc_pagination-trigger\" data-vc-tabs data-vc-container=\".vc_tta\"><\/a><\/li><li class=\"vc_pagination-item\" data-vc-tab><a href=\"#1674363696797-2878e412-19b7\" class=\"vc_pagination-trigger\" data-vc-tabs data-vc-container=\".vc_tta\"><\/a><\/li><li class=\"vc_pagination-item\" data-vc-tab><a href=\"#1674364118499-9ccd1cb3-1f3f\" class=\"vc_pagination-trigger\" data-vc-tabs data-vc-container=\".vc_tta\"><\/a><\/li><li class=\"vc_pagination-item\" data-vc-tab><a href=\"#1674458647085-75b6d564-2fa4\" class=\"vc_pagination-trigger\" data-vc-tabs data-vc-container=\".vc_tta\"><\/a><\/li><\/ul><div class=\"vc_tta-panels\"><div  class=\"vc_tta-panel vc_active\" id=\"1674363628205-333ac562-e732\" data-vc-content=\".vc_tta-panel-body\"><div class=\"vc_tta-panel-body\">\n\t\t\t<span class=\"vc_tta-panel-title\">\n\t\t\t\t<a  data-vc-container=\".vc_tta-container\" data-vc-accordion=\"\" data-vc-target=\"#1674363628205-333ac562-e732\"><\/a>\n\t\t\t<\/span>\n\t\t\n\t<div class=\"wpb_text_column wpb_content_element\" >\n\t\t<div class=\"wpb_wrapper\">\n\t\t\t<blockquote>\n<p style=\"text-align: center;\"><span style=\"font-size: 14pt;\"><strong>\u201cCrediamo che le attuali piattaforme di social network siano molto belle ma non siano molto adatte ai giocatori.<br \/>\nChe sia troppo esposto agli altri o troppo nascosto e di difficile accesso,<br \/>\ngli strumenti reali non soddisfano perfettamente le nostre speranze di giocatori.&quot;<\/strong><\/span><\/p>\n<\/blockquote>\n\n\t\t<\/div>\n\t<\/div>\n<\/div><\/div><div  class=\"vc_tta-panel\" id=\"1674363696797-2878e412-19b7\" data-vc-content=\".vc_tta-panel-body\"><div class=\"vc_tta-panel-body\">\n\t\t\t<span class=\"vc_tta-panel-title\">\n\t\t\t\t<a  data-vc-container=\".vc_tta-container\" data-vc-accordion=\"\" data-vc-target=\"#1674363696797-2878e412-19b7\"><\/a>\n\t\t\t<\/span>\n\t\t\n\t<div class=\"wpb_text_column wpb_content_element\" >\n\t\t<div class=\"wpb_wrapper\">\n\t\t\t<blockquote>\n<p style=\"text-align: center;\"><span style=\"font-size: 14pt;\"><strong>\u201cCrediamo che attorno a ciascuno siano creati spazi privati completamente dedicati<br \/>\nle specificit\u00e0 del gioco (o delle attivit\u00e0) sono il futuro del social network.<br \/>\nIl nostro progetto \u00e8 quello di dare ad ogni gioco uno spazio personalizzato per condividere e incontrare altri appassionati.\u201d<\/strong><\/span><\/p>\n<\/blockquote>\n\n\t\t<\/div>\n\t<\/div>\n<\/div><\/div><div  class=\"vc_tta-panel\" id=\"1674364118499-9ccd1cb3-1f3f\" data-vc-content=\".vc_tta-panel-body\"><div class=\"vc_tta-panel-body\">\n\t\t\t<span class=\"vc_tta-panel-title\">\n\t\t\t\t<a  data-vc-container=\".vc_tta-container\" data-vc-accordion=\"\" data-vc-target=\"#1674364118499-9ccd1cb3-1f3f\"><\/a>\n\t\t\t<\/span>\n\t\t\n\t<div class=\"wpb_text_column wpb_content_element\" >\n\t\t<div class=\"wpb_wrapper\">\n\t\t\t<blockquote>\n<p style=\"text-align: center;\"><span style=\"font-size: 14pt;\"><strong>\u201cMa creare un Social Network di gioco richiede molto tempo e lavoro.<br \/>\nQuesto progetto per ora \u00e8 solo un&#039;attivit\u00e0 secondaria e dobbiamo occuparci del nostro lavoro per vivere.<br \/>\nVogliamo concentrare 100% su questo progetto, trasformarlo in una vera e propria azienda,<br \/>\ne poter migliorare e sviluppare tutte le nostre idee.<br \/>\nSostieni il nostro lavoro e supporta il tuo gioco per renderlo la nostra priorit\u00e0 e renderlo disponibile!\u201d<\/strong><\/span><\/p>\n<\/blockquote>\n\n\t\t<\/div>\n\t<\/div>\n<\/div><\/div><div  class=\"vc_tta-panel\" id=\"1674458647085-75b6d564-2fa4\" data-vc-content=\".vc_tta-panel-body\"><div class=\"vc_tta-panel-body\">\n\t\t\t<span class=\"vc_tta-panel-title\">\n\t\t\t\t<a  data-vc-container=\".vc_tta-container\" data-vc-accordion=\"\" data-vc-target=\"#1674458647085-75b6d564-2fa4\"><\/a>\n\t\t\t<\/span>\n\t\t\n\t<div class=\"wpb_text_column wpb_content_element\" >\n\t\t<div class=\"wpb_wrapper\">\n\t\t\t<blockquote>\n<p style=\"text-align: center;\"><span style=\"font-size: 14pt;\"><strong>\u201cCrediamo fortemente nei nostri progetti e ci aspettiamo di riuscire a raccogliere milioni di utenti.<br \/>\nQualsiasi aiuto \u00e8 il benvenuto e puoi sostenerci con qualsiasi importo possibile.<br \/>\nQualsiasi importo sar\u00e0 gi\u00e0 di grande aiuto e sar\u00e0 molto apprezzato.<br \/>\nGrazie mille per il vostro supporto e a presto nella vostra sala giochi preferita.\u201d<\/strong><\/span><\/p>\n<\/blockquote>\n\n\t\t<\/div>\n\t<\/div>\n<\/div><\/div><\/div><\/div><\/div><\/div>\n\t<div class=\"wpb_text_column wpb_content_element\" >\n\t\t<div class=\"wpb_wrapper\">\n\t\t\t<h2>Che cos'\u00e8 GamerBook?<\/h2>\n<p class=\" translation-block\"><span style=\"font-size: 14pt\">GamerBook \u00e8 un nuovo <strong>social network multi-gioco<\/strong> creato dai giocatori per i giocatori.<\/span><br> <span style=\"font-size: 14pt\">Crediamo fortemente che il formato degli ultimi decenni dei Social Network<br> \u00e8 obsoleto e non \u00e8 pi\u00f9 molto adatto ai giochi.<\/span><br> <span style=\"font-size: 14pt\">Mescolare famiglia, amici, lavoro, estranei irrilevanti,<br> e tutti i tuoi interessi in un solo social network possono creare confusione e in qualche modo imbarazzare.<\/span><br> <span style=\"font-size: 14pt\">GamerBook si propone di offrire a tutte le community di gioco un luogo conviviale e a portata di mano<br> per riunirsi dove possono scambiarsi informazioni sul loro sistema di social network di gioco dedicato.<\/span><br> <span style=\"font-size: 14pt\">Non siamo nemmeno fan degli strumenti troppo nascosti e dei gruppi privati,<br> e vogliamo avere spazi aperti e pubblici facilmente accessibili, ma specifici per ogni diverso videogioco.<\/span><br> <span style=\"font-size: 14pt\">\u00c8 un posto dove trovare facilmente informazioni, giocatori, consigli per migliorare,<br> eventi e risultati su tutti i tuoi giochi competitivi preferiti.<\/span><\/p>\n<p>Ogni gioco \u00e8 unico. Pertanto vogliamo che ogni gioco abbia il suo social network e le sue caratteristiche specifiche.<br \/>\nA livello globale, troverai in ogni sala giochi:<\/p>\n<ul>\n<li>Tutte le ultime notizie e resoconti degli eventi<\/li>\n<li>Un sistema di social network dedicato al gioco<\/li>\n<li>Un forum di discussione riservato<\/li>\n<li>Una funzione di ricerca per trovare facilmente qualsiasi tipo di lettore ed effettuare collegamenti<\/li>\n<li>Un sistema di match-making per trovare avversari facilmente adattabili<\/li>\n<li>Un sistema di classifica e campionato<\/li>\n<li>Tonnellate di tornei online con prezzi<\/li>\n<\/ul>\n<p>Dai giocatori occasionali a quelli professionisti, puoi trovare giocatori di qualsiasi livello e sfidarli.<br \/>\nPuoi competere e sfidare altri giocatori per divertimento o partite a soldi, partecipando ai nostri tornei e campionati per vincere numerosi premi.<br \/>\nIn qualit\u00e0 di organizzatore, puoi utilizzare la nostra piattaforma per promuovere e finanziare i tuoi eventi e raccogliere montepremi pi\u00f9 grandi.<br \/>\nCome squadra o sponsor, sarai in grado di trovare giocatori di valore e trovare un modo per sponsorizzare qualsiasi evento o giocatore.<br \/>\nAbbiamo in programma di organizzare eventi regolari come campionati e tornei online.<\/p>\n<p>Il progetto \u00e8 ambizioso ma purtroppo sviluppato in modo non professionale da un piccolo team di giocatori appassionati.<br \/>\nPoich\u00e9 ogni gioco ha le sue specificit\u00e0, prevediamo di sviluppare uno spazio individuale, uno per uno, specifico e completamente dedicato per ogni gioco.<br \/>\nVogliamo che questo progetto venga sviluppato in un&#039;app mobile in esecuzione su server veloci e reattivi.<br \/>\nPer ora possiamo lavorarci solo durante il tempo libero dopo il lavoro,<br \/>\nsperiamo davvero di poter creare un&#039;azienda dedicata a questo progetto e molti altri.<br \/>\nPer questo speriamo di trovare sponsor e il vostro sostegno per poter realizzare il nostro sogno<br \/>\ne cambiare completamente il mondo dei giochi.<\/p>\n<p>Puoi sostenere il nostro progetto condividendolo con te e registrandoti al tuo gioco preferito.<br \/>\nQualsiasi sponsorizzazione e supporto saranno i benvenuti.<br \/>\nLa forza e lo scopo pi\u00f9 grande di questo progetto \u00e8 riunire i giocatori<br \/>\nper offrire loro la migliore esperienza e connessione di sempre.<br \/>\nCrediamo davvero in questo progetto e lo speriamo dal profondo del nostro cuore<br \/>\nche diventer\u00e0 il miglior strumento di gioco dell&#039;industria dei videogiochi.<\/p>\n<p>Puoi sostenere il tuo gioco preferito e il nostro progetto donando quello che puoi o diventando\u00a0<a href=\"https:\/\/www.patreon.com\/Gamerbook_support\" target=\"_blank\" rel=\"noopener\">il nostro Patreon<\/a>.<br \/>\nLavoreremo in priorit\u00e0 sui giochi che ricevono supporto, quindi non esitare a supportare il tuo gioco preferito per renderlo disponibile pi\u00f9 rapidamente.<br \/>\nQualsiasi sponsorizzazione e supporto saranno i benvenuti.<\/p>\n\n\t\t<\/div>\n\t<\/div>\n<\/div><\/div><\/div><\/div><div class=\"vc_row wpb_row vc_row-fluid vc_custom_1646481115078\"><div class=\"wpb_column vc_column_container vc_col-sm-12\"><div class=\"vc_column-inner\"><div class=\"wpb_wrapper\">\n\t<div class=\"wpb_text_column wpb_content_element\" >\n\t\t<div class=\"wpb_wrapper\">\n\t\t\t<p style=\"text-align: center;\"><div class=\"give-embed-form-wrapper\" id=\"give-69e15c30c951b\"><iframe\n\t\t\t\tname=\"give-embed-form\"\n\t\t\t\tsrc=\"https:\/\/gamer-book.com\/it\/give\/support-gamerbook?giveDonationFormInIframe=1\"\n\t\t\t\t\n\t\t\t\tdata-autoscroll=\"0\"\n\t\t\t\tonload=\"if( 'undefined' !== typeof Give ) { Give.initializeIframeResize(this) }\"\n\t\t\t\tstyle=\"border: 0;visibility: hidden;min-height: 598px;\"><\/iframe><div class=\"iframe-loader\">\n<div style=\"\t\theight: calc(100% - 28px);\t\twidth: calc(100% - 20px);\t\tmax-width: 552px;\t\tmargin: 10px auto 10px auto;\t\tbackground: #fff;\t\tborder-radius: 6px;\t\tdisplay: flex;\t\talign-items: center;\t\tjustify-content: center;\t\t-webkit-box-shadow: 0 2px 2px 0 rgba(0, 0, 0, 0.14),\t\t\t0 3px 1px -2px rgba(0, 0, 0, 0.2),\t\t\t0 1px 5px 0 rgba(0, 0, 0, 0.12);\t\tbox-shadow: 0 2px 2px 0 rgba(0, 0, 0, 0.14),\t\t\t0 3px 1px -2px rgba(0, 0, 0, 0.2),\t\t\t0 1px 5px 0 rgba(0, 0, 0, 0.12);\t\">\n    <div style=\"        pointer-events: none;        height: 90px;        width: 90px;        background-image: url(&quot;data:image\/svg+xml;charset=utf8,%3C?xml version='1.0' encoding='utf-8'?%3E%3C!-- Generator: Adobe Illustrator 24.1.0, SVG Export Plug-In . SVG Version: 6.00 Build 0) --%3E%3Csvg version='1.1' id='Layer_1' xmlns='http:\/\/www.w3.org\/2000\/svg' xmlns:xlink='http:\/\/www.w3.org\/1999\/xlink' x='0px' y='0px' viewBox='0 0 349 348' style='enable-background:new 0 0 349 348;' xml:space='preserve'%3E%3Cstyle type='text\/css'%3E .st0{fill:%230170b9;} %3C\/style%3E%3Cpath class='st0' d='M25.1,204.57c-13.38,0-24.47-10.6-24.97-24.08C0.04,178.09,0,175.97,0,174C0,77.78,78.28-0.5,174.5-0.5 c13.81,0,25,11.19,25,25s-11.19,25-25,25C105.85,49.5,50,105.35,50,174c0,1.37,0.03,2.85,0.1,4.65c0.51,13.8-10.27,25.39-24.07,25.9 C25.72,204.56,25.41,204.57,25.1,204.57z'\/%3E%3Cpath class='st0' d='M174.5,348.5c-13.81,0-25-11.19-25-25c0-13.81,11.19-25,25-25c68.65,0,124.5-55.85,124.5-124.5 c0-1.38-0.03-2.85-0.1-4.65c-0.51-13.8,10.26-25.4,24.06-25.91c13.83-0.53,25.4,10.26,25.91,24.06c0.09,2.39,0.13,4.51,0.13,6.49 C349,270.22,270.72,348.5,174.5,348.5z'\/%3E%3C\/svg%3E&quot;);        animation: spin 0.6s linear infinite;        \"><\/div>\n<\/div>\n<\/div><\/div>\n\n\t\t<\/div>\n\t<\/div>\n<\/div><\/div><\/div><\/div><div class=\"vc_row wpb_row vc_row-fluid\"><div class=\"wpb_column vc_column_container vc_col-sm-12\"><div class=\"vc_column-inner\"><div class=\"wpb_wrapper\">\n\t<div class=\"wpb_text_column wpb_content_element\" >\n\t\t<div class=\"wpb_wrapper\">\n\t\t\t<p style=\"text-align: center;\">Puoi anche sostenerci diventando sostenitore del nostro progetto<br \/>\n(Link nel footer qui sotto)<\/p>\n\n\t\t<\/div>\n\t<\/div>\n<\/div><\/div><\/div><\/div>","protected":false},"excerpt":{"rendered":"GamerBook developer's word Help us to make our Gamer dreams come true! GamerBook team \"We believe actual social network platforms are very nice but are not very well adapted for gamers. Whether too exposed to others or too hidden and difficult to access, actual tools don't fulfill our hopes as gamers perfectly.\" \"We believe that [...]","protected":false},"author":1,"featured_media":0,"parent":0,"menu_order":0,"comment_status":"closed","ping_status":"closed","template":"","meta":{"site-sidebar-layout":"no-sidebar","site-content-layout":"plain-container","ast-site-content-layout":"","site-content-style":"default","site-sidebar-style":"default","ast-global-header-display":"","ast-banner-title-visibility":"","ast-main-header-display":"","ast-hfb-above-header-display":"","ast-hfb-below-header-display":"","ast-hfb-mobile-header-display":"","site-post-title":"disabled","ast-breadcrumbs-content":"","ast-featured-img":"disabled","footer-sml-layout":"","theme-transparent-header-meta":"default","adv-header-id-meta":"","stick-header-meta":"","header-above-stick-meta":"","header-main-stick-meta":"","header-below-stick-meta":"","astra-migrate-meta-layouts":"default","ast-page-background-enabled":"default","ast-page-background-meta":{"desktop":{"background-color":"var(--ast-global-color-4)","background-image":"","background-repeat":"repeat","background-position":"center center","background-size":"auto","background-attachment":"scroll","background-type":"","background-media":"","overlay-type":"","overlay-color":"","overlay-opacity":"","overlay-gradient":""},"tablet":{"background-color":"","background-image":"","background-repeat":"repeat","background-position":"center center","background-size":"auto","background-attachment":"scroll","background-type":"","background-media":"","overlay-type":"","overlay-color":"","overlay-opacity":"","overlay-gradient":""},"mobile":{"background-color":"","background-image":"","background-repeat":"repeat","background-position":"center center","background-size":"auto","background-attachment":"scroll","background-type":"","background-media":"","overlay-type":"","overlay-color":"","overlay-opacity":"","overlay-gradient":""}},"ast-content-background-meta":{"desktop":{"background-color":"var(--ast-global-color-5)","background-image":"","background-repeat":"repeat","background-position":"center center","background-size":"auto","background-attachment":"scroll","background-type":"","background-media":"","overlay-type":"","overlay-color":"","overlay-opacity":"","overlay-gradient":""},"tablet":{"background-color":"var(--ast-global-color-5)","background-image":"","background-repeat":"repeat","background-position":"center center","background-size":"auto","background-attachment":"scroll","background-type":"","background-media":"","overlay-type":"","overlay-color":"","overlay-opacity":"","overlay-gradient":""},"mobile":{"background-color":"var(--ast-global-color-5)","background-image":"","background-repeat":"repeat","background-position":"center center","background-size":"auto","background-attachment":"scroll","background-type":"","background-media":"","overlay-type":"","overlay-color":"","overlay-opacity":"","overlay-gradient":""}},"footnotes":""},"class_list":["post-3099","page","type-page","status-publish","hentry"],"yoast_head":"<!-- This site is optimized with the Yoast SEO plugin v22.8 - https:\/\/yoast.com\/wordpress\/plugins\/seo\/ -->\n<title>Support GamerBook - GamerBook<\/title>\n<meta name=\"robots\" content=\"index, follow, max-snippet:-1, max-image-preview:large, max-video-preview:-1\" \/>\n<link rel=\"canonical\" href=\"https:\/\/gamer-book.com\/it\/support-gamerbook\/\" \/>\n<meta property=\"og:locale\" content=\"it_IT\" \/>\n<meta property=\"og:type\" content=\"article\" \/>\n<meta property=\"og:title\" content=\"Support GamerBook - GamerBook\" \/>\n<meta property=\"og:url\" content=\"https:\/\/gamer-book.com\/it\/support-gamerbook\/\" \/>\n<meta property=\"og:site_name\" content=\"GamerBook\" \/>\n<meta property=\"article:modified_time\" content=\"2024-06-06T04:10:54+00:00\" \/>\n<meta name=\"twitter:card\" content=\"summary_large_image\" \/>\n<meta name=\"twitter:label1\" content=\"Tempo di lettura stimato\" \/>\n\t<meta name=\"twitter:data1\" content=\"4 minuti\" \/>\n<script type=\"application\/ld+json\" class=\"yoast-schema-graph\">{\"@context\":\"https:\/\/schema.org\",\"@graph\":[{\"@type\":\"WebPage\",\"@id\":\"https:\/\/gamer-book.com\/support-gamerbook\/\",\"url\":\"https:\/\/gamer-book.com\/support-gamerbook\/\",\"name\":\"Support GamerBook - GamerBook\",\"isPartOf\":{\"@id\":\"https:\/\/gamer-book.com\/#website\"},\"datePublished\":\"2023-01-27T09:39:55+00:00\",\"dateModified\":\"2024-06-06T04:10:54+00:00\",\"inLanguage\":\"it-IT\",\"potentialAction\":[{\"@type\":\"ReadAction\",\"target\":[\"https:\/\/gamer-book.com\/support-gamerbook\/\"]}]},{\"@type\":\"WebSite\",\"@id\":\"https:\/\/gamer-book.com\/#website\",\"url\":\"https:\/\/gamer-book.com\/\",\"name\":\"GamerBook\",\"description\":\"For gamers, by gamers\",\"publisher\":{\"@id\":\"https:\/\/gamer-book.com\/#organization\"},\"potentialAction\":[{\"@type\":\"SearchAction\",\"target\":{\"@type\":\"EntryPoint\",\"urlTemplate\":\"https:\/\/gamer-book.com\/?s={search_term_string}\"},\"query-input\":\"required name=search_term_string\"}],\"inLanguage\":\"it-IT\"},{\"@type\":\"Organization\",\"@id\":\"https:\/\/gamer-book.com\/#organization\",\"name\":\"GamerBook\",\"url\":\"https:\/\/gamer-book.com\/\",\"logo\":{\"@type\":\"ImageObject\",\"inLanguage\":\"it-IT\",\"@id\":\"https:\/\/gamer-book.com\/#\/schema\/logo\/image\/\",\"url\":\"https:\/\/gamer-book.com\/wp-content\/uploads\/2016\/07\/cropped-logo-2.png\",\"contentUrl\":\"https:\/\/gamer-book.com\/wp-content\/uploads\/2016\/07\/cropped-logo-2.png\",\"width\":459,\"height\":75,\"caption\":\"GamerBook\"},\"image\":{\"@id\":\"https:\/\/gamer-book.com\/#\/schema\/logo\/image\/\"}}]}<\/script>\n<!-- \/ Yoast SEO plugin. -->","yoast_head_json":{"title":"Support GamerBook - GamerBook","robots":{"index":"index","follow":"follow","max-snippet":"max-snippet:-1","max-image-preview":"max-image-preview:large","max-video-preview":"max-video-preview:-1"},"canonical":"https:\/\/gamer-book.com\/it\/support-gamerbook\/","og_locale":"it_IT","og_type":"article","og_title":"Support GamerBook - GamerBook","og_url":"https:\/\/gamer-book.com\/it\/support-gamerbook\/","og_site_name":"GamerBook","article_modified_time":"2024-06-06T04:10:54+00:00","twitter_card":"summary_large_image","twitter_misc":{"Tempo di lettura stimato":"4 minuti"},"schema":{"@context":"https:\/\/schema.org","@graph":[{"@type":"WebPage","@id":"https:\/\/gamer-book.com\/support-gamerbook\/","url":"https:\/\/gamer-book.com\/support-gamerbook\/","name":"Support GamerBook - GamerBook","isPartOf":{"@id":"https:\/\/gamer-book.com\/#website"},"datePublished":"2023-01-27T09:39:55+00:00","dateModified":"2024-06-06T04:10:54+00:00","inLanguage":"it-IT","potentialAction":[{"@type":"ReadAction","target":["https:\/\/gamer-book.com\/support-gamerbook\/"]}]},{"@type":"WebSite","@id":"https:\/\/gamer-book.com\/#website","url":"https:\/\/gamer-book.com\/","name":"GamerBook","description":"For gamers, by gamers","publisher":{"@id":"https:\/\/gamer-book.com\/#organization"},"potentialAction":[{"@type":"SearchAction","target":{"@type":"EntryPoint","urlTemplate":"https:\/\/gamer-book.com\/?s={search_term_string}"},"query-input":"required name=search_term_string"}],"inLanguage":"it-IT"},{"@type":"Organization","@id":"https:\/\/gamer-book.com\/#organization","name":"GamerBook","url":"https:\/\/gamer-book.com\/","logo":{"@type":"ImageObject","inLanguage":"it-IT","@id":"https:\/\/gamer-book.com\/#\/schema\/logo\/image\/","url":"https:\/\/gamer-book.com\/wp-content\/uploads\/2016\/07\/cropped-logo-2.png","contentUrl":"https:\/\/gamer-book.com\/wp-content\/uploads\/2016\/07\/cropped-logo-2.png","width":459,"height":75,"caption":"GamerBook"},"image":{"@id":"https:\/\/gamer-book.com\/#\/schema\/logo\/image\/"}}]}},"_links":{"self":[{"href":"https:\/\/gamer-book.com\/it\/wp-json\/wp\/v2\/pages\/3099","targetHints":{"allow":["GET"]}}],"collection":[{"href":"https:\/\/gamer-book.com\/it\/wp-json\/wp\/v2\/pages"}],"about":[{"href":"https:\/\/gamer-book.com\/it\/wp-json\/wp\/v2\/types\/page"}],"author":[{"embeddable":true,"href":"https:\/\/gamer-book.com\/it\/wp-json\/wp\/v2\/users\/1"}],"replies":[{"embeddable":true,"href":"https:\/\/gamer-book.com\/it\/wp-json\/wp\/v2\/comments?post=3099"}],"version-history":[{"count":3,"href":"https:\/\/gamer-book.com\/it\/wp-json\/wp\/v2\/pages\/3099\/revisions"}],"predecessor-version":[{"id":3299,"href":"https:\/\/gamer-book.com\/it\/wp-json\/wp\/v2\/pages\/3099\/revisions\/3299"}],"wp:attachment":[{"href":"https:\/\/gamer-book.com\/it\/wp-json\/wp\/v2\/media?parent=3099"}],"curies":[{"name":"wp","href":"https:\/\/api.w.org\/{rel}","templated":true}]}}