{"id":3272,"date":"2024-06-06T02:44:55","date_gmt":"2024-06-06T02:44:55","guid":{"rendered":"https:\/\/gamer-book.com\/?page_id=3272"},"modified":"2024-06-06T03:38:39","modified_gmt":"2024-06-06T03:38:39","slug":"what-is-gamerbook","status":"publish","type":"page","link":"https:\/\/gamer-book.com\/pt\/what-is-gamerbook\/","title":{"rendered":"O que \u00e9 o GamerBook?"},"content":{"rendered":"<div class=\"vc_row wpb_row vc_row-fluid\"><div class=\"wpb_column vc_column_container vc_col-sm-12\"><div class=\"vc_column-inner vc_custom_1685624616230\"><div class=\"wpb_wrapper\">\n\t<div class=\"wpb_text_column wpb_content_element\" >\n\t\t<div class=\"wpb_wrapper\">\n\t\t\t<h1 style=\"text-align: center;\"><span style=\"font-family: 'book antiqua', palatino, serif;\">O que \u00e9 o GamerBook?<\/span><\/h1>\n\n\t\t<\/div>\n\t<\/div>\n\n\t<div  class=\"wpb_single_image wpb_content_element vc_align_center\">\n\t\t\n\t\t<figure class=\"wpb_wrapper vc_figure\">\n\t\t\t<div class=\"vc_single_image-wrapper   vc_box_border_grey\"><img fetchpriority=\"high\" decoding=\"async\" class=\"vc_single_image-img\" src=\"https:\/\/gamer-book.com\/wp-content\/uploads\/2023\/01\/banneryoutubev2-600x338.jpg\" width=\"600\" height=\"338\" alt=\"GamerBook, Multi Gaming Social Networks\" title=\"Livro de jogador\" \/><\/div>\n\t\t<\/figure>\n\t<\/div>\n\n\t<div class=\"wpb_text_column wpb_content_element\" >\n\t\t<div class=\"wpb_wrapper\">\n\t\t\t<p style=\"text-align: center;\" class=\" translation-block\"><span style=\"font-size: 14pt\">GamerBook \u00e9 uma nova <strong>rede social multijogos<\/strong> criada por jogadores para jogadores.<\/span><br> <span style=\"font-size: 14pt\">Acreditamos fortemente que o formato das \u00faltimas d\u00e9cadas das Redes Sociais<br> est\u00e1 obsoleto e n\u00e3o est\u00e1 mais adaptado para jogos.<\/span><br> <span style=\"font-size: 14pt\">Misturar fam\u00edlia, amigos, trabalho, estranhos irrelevantes,<br> e todos os seus interesses em apenas uma rede social podem ser confusos e embara\u00e7osos em alguns aspectos.<\/span><br> <span style=\"font-size: 14pt\">GamerBook pretende oferecer a todas as comunidades de jogos um lugar alegre e pr\u00e1tico<br> para se reunirem onde possam trocar informa\u00e7\u00f5es em seu sistema de rede social de jogo dedicado.<\/span><br> <span style=\"font-size: 14pt\">Tamb\u00e9m n\u00e3o somos f\u00e3s de ferramentas e grupos privados muito ocultos,<br> e queremos ter espa\u00e7os abertos e p\u00fablicos de f\u00e1cil acesso, mas espec\u00edficos para cada videogame diferente.<\/span><br> <span style=\"font-size: 14pt\">\u00c9 um lugar para encontrar facilmente informa\u00e7\u00f5es, jogadores, conselhos para melhorar,<br> eventos e resultados sobre todos os seus jogos competitivos favoritos.<\/span><\/p>\n<p style=\"text-align: center;\"><span style=\"font-size: 14pt;\">Cada jogo \u00e9 \u00fanico. Portanto, queremos que cada jogo tenha sua rede social e recursos espec\u00edficos.<\/span><br \/>\n<span style=\"font-size: 14pt;\">Globalmente, voc\u00ea encontrar\u00e1 em cada sala de jogos:<\/span><\/p>\n<p style=\"text-align: center;\"><span style=\"font-size: 14pt;\"><strong>-Todas as \u00faltimas not\u00edcias e relat\u00f3rios de eventos<\/strong><\/span><\/p>\n<p style=\"text-align: center;\"><span style=\"font-size: 14pt;\"><strong>-Um sistema de rede social dedicado ao jogo<\/strong><\/span><\/p>\n<p style=\"text-align: center;\"><span style=\"font-size: 14pt;\"><strong>-Um quadro de discuss\u00e3o classificado<\/strong><\/span><\/p>\n<p style=\"text-align: center;\"><span style=\"font-size: 14pt;\"><strong>-Uma fun\u00e7\u00e3o de pesquisa para encontrar facilmente qualquer tipo de player e fazer conex\u00f5es<\/strong><\/span><\/p>\n<p style=\"text-align: center;\"><span style=\"font-size: 14pt;\"><strong>-Um sistema de match-making para encontrar oponentes facilmente adaptados<\/strong><\/span><\/p>\n<p style=\"text-align: center;\"><span style=\"font-size: 14pt;\"><strong>-Um sistema de classifica\u00e7\u00e3o e liga<\/strong><\/span><\/p>\n<p style=\"text-align: center;\"><span style=\"font-size: 14pt;\"><strong>-Toneladas de torneios online com pre\u00e7os<\/strong><\/span><\/p>\n<p style=\"text-align: center;\"><span style=\"font-size: 14pt;\">De jogadores casuais a profissionais, voc\u00ea pode encontrar jogadores de qualquer n\u00edvel e desafi\u00e1-los.<\/span><br \/>\n<span style=\"font-size: 14pt;\">Voc\u00ea pode competir e desafiar outros jogadores por divers\u00e3o ou partidas por dinheiro, participando de nossos torneios e liga para ganhar muitos pr\u00eamios.<\/span><br \/>\n<span style=\"font-size: 14pt;\">Como organizador, voc\u00ea pode usar nossa plataforma para promover e financiar seus eventos e arrecadar pr\u00eamios maiores.<\/span><br \/>\n<span style=\"font-size: 14pt;\">Como equipe ou patrocinador, voc\u00ea poder\u00e1 encontrar jogadores valiosos e uma maneira de patrocinar quaisquer eventos ou jogadores.<\/span><br \/>\n<span style=\"font-size: 14pt;\">Planejamos organizar eventos regulares, como ligas e torneios online.<\/span><\/p>\n<p style=\"text-align: center;\"><span style=\"font-size: 14pt;\">O projeto \u00e9 ambicioso, mas infelizmente n\u00e3o foi desenvolvido de forma profissional por uma pequena equipe de jogadores apaixonados.<\/span><br \/>\n<span style=\"font-size: 14pt;\">Como cada jogo tem suas especificidades, pretendemos desenvolver um espa\u00e7o individual, um a um, espec\u00edfico e totalmente dedicado para cada jogo.<\/span><br \/>\n<span style=\"font-size: 14pt;\">Queremos que este projeto seja desenvolvido em um aplicativo m\u00f3vel rodando em servidores r\u00e1pidos e responsivos.<\/span><br \/>\n<span style=\"font-size: 14pt;\">Por enquanto, s\u00f3 podemos trabalhar nisso durante nosso tempo livre, depois do trabalho,<br \/>\nesperamos realmente poder criar uma empresa dedicada a este projeto e muito mais.<\/span><br \/>\n<span style=\"font-size: 14pt;\">Para isso, esperamos encontrar patrocinadores e o seu apoio para que possamos realizar o nosso sonho.<br \/>\ne mudar completamente o mundo dos jogos.<\/span><\/p>\n<p style=\"text-align: center;\"><span style=\"font-size: 14pt;\">Voc\u00ea pode apoiar nosso projeto compartilhando-o com voc\u00ea e registrando-se em seu jogo favorito.<\/span><br \/>\n<span style=\"font-size: 14pt;\">Qualquer patroc\u00ednio e apoio ser\u00e1 bem-vindo.<\/span><br \/>\n<span style=\"font-size: 14pt;\">A maior for\u00e7a e prop\u00f3sito deste projeto \u00e9 reunir jogadores<br \/>\npara oferecer-lhes a melhor experi\u00eancia e conex\u00f5es de todos os tempos.<\/span><br \/>\n<span style=\"font-size: 14pt;\">N\u00f3s realmente acreditamos neste projeto e esperamos do fundo dos nossos cora\u00e7\u00f5es<br \/>\nque se tornar\u00e1 a melhor ferramenta de jogos da ind\u00fastria de videogames.<\/span><\/p>\n\n\t\t<\/div>\n\t<\/div>\n<div class=\"vc_separator wpb_content_element vc_separator_align_center vc_sep_width_100 vc_sep_pos_align_center vc_separator_no_text vc_sep_color_grey\" ><span class=\"vc_sep_holder vc_sep_holder_l\"><span  class=\"vc_sep_line\"><\/span><\/span><span class=\"vc_sep_holder vc_sep_holder_r\"><span  class=\"vc_sep_line\"><\/span><\/span>\n<\/div>\n\t<div class=\"wpb_text_column wpb_content_element\" >\n\t\t<div class=\"wpb_wrapper\">\n\t\t\t<h1 style=\"text-align: center;\"><span style=\"font-family: 'book antiqua', palatino, serif;\">Palavra do desenvolvedor GamerBook<\/span><\/h1>\n\n\t\t<\/div>\n\t<\/div>\n\t\t\r\n\t\t\r\n\t\t\t\t\t<div class=\"mega-testimonial-3\">\r\n\t\t\t\t<img decoding=\"async\" src=\"https:\/\/gamer-book.com\/wp-content\/uploads\/2022\/02\/dev.jpg\" alt=\"\" style=\"width: 100px; border-radius: 100%; box-shadow: 0 0 7px 0 rgba(0, 0, 0, 0.3);-webkit-box-shadow: 0 0 7px 0 rgba(0, 0, 0, 0.3); -moz-box-shadow: 0 0 7px 0 rgba(0, 0, 0, 0.3); -o-box-shadow: 0 0 7px 0 rgba(0, 0, 0, 0.3); border: 1px solid #fff;\">\r\n\t\t\t\t\t<i class=\"fa fa-quote-left\" style=\"text-align: center; display: block; font-size: 20px;padding: 10px 0 4px 0;color: #000;\"><\/i>\r\n\t\t\t\t<div class=\"tm-profile3\">\r\n\t\t\t\t\t<p style=\"text-align: center; font-style: italic;\">\r\n\t\t\t\t\t\t<p style=\"text-align: center\"><span style=\"font-size: 18pt\">Ajude-nos a realizar nossos sonhos de Gamer!<\/span><\/p>\n\t\t\t\t\t<\/p>\r\n\t\t\t\t<\/div>\r\n\t\t\t\t<div class=\"tm-prof3\" style=\"text-align: center; margin: 15px 0 5px 0;\">\r\n\t\t\t\t\t<p style=\"font-size: 14px; color: #000000; font-weight: bold; text-align: center;\">Equipe GamerBook<\/p>\r\n\t\t\t\t\t<p style=\"text-align: center;\">\r\n\t\t\t\t\t\t<a href=\"\" target=\"\" title=\"\" style=\"color: #000000; font-size: 14px; font-style: italic; text-decoration: none; \">\r\n\t\t\t\t\t\t\t\t\t\t\t\t\t<\/a>\r\n\t\t\t\t\t<\/p>\r\n\t\t\t\t<\/div>\r\n\t\t\t\t\t\t\t<\/div>\r\n\t\t\r\n\t\t\r\n\t\t\r\n\t\t\r\n\t\t\t\t\r\n\t\t<div class=\"vc_tta-container vc_tta-o-non-responsive\" data-vc-action=\"collapse\" data-vc-tta-autoplay=\"{&quot;delay&quot;:10000}\"><div class=\"vc_general vc_tta vc_tta-tabs vc_tta-o-shape-group vc_tta-has-pagination vc_tta-o-no-fill vc_tta-tabs-position-top  vc_tta-pageable\"><div class=\"vc_tta-panels-container\"><ul class=\"vc_general vc_pagination vc_pagination-style-outline vc_pagination-shape-round vc_pagination-color-sky\"><li class=\"vc_pagination-item vc_active\" data-vc-tab><a href=\"#1674363628205-333ac562-e732\" class=\"vc_pagination-trigger\" data-vc-tabs data-vc-container=\".vc_tta\"><\/a><\/li><li class=\"vc_pagination-item\" data-vc-tab><a href=\"#1674363696797-2878e412-19b7\" class=\"vc_pagination-trigger\" data-vc-tabs data-vc-container=\".vc_tta\"><\/a><\/li><li class=\"vc_pagination-item\" data-vc-tab><a href=\"#1674364118499-9ccd1cb3-1f3f\" class=\"vc_pagination-trigger\" data-vc-tabs data-vc-container=\".vc_tta\"><\/a><\/li><li class=\"vc_pagination-item\" data-vc-tab><a href=\"#1674458647085-75b6d564-2fa4\" class=\"vc_pagination-trigger\" data-vc-tabs data-vc-container=\".vc_tta\"><\/a><\/li><\/ul><div class=\"vc_tta-panels\"><div  class=\"vc_tta-panel vc_active\" id=\"1674363628205-333ac562-e732\" data-vc-content=\".vc_tta-panel-body\"><div class=\"vc_tta-panel-body\">\n\t\t\t<span class=\"vc_tta-panel-title\">\n\t\t\t\t<a  data-vc-container=\".vc_tta-container\" data-vc-accordion=\"\" data-vc-target=\"#1674363628205-333ac562-e732\"><\/a>\n\t\t\t<\/span>\n\t\t\n\t<div class=\"wpb_text_column wpb_content_element\" >\n\t\t<div class=\"wpb_wrapper\">\n\t\t\t<blockquote>\n<p style=\"text-align: center;\"><span style=\"font-size: 14pt;\"><strong>\u201cAcreditamos que as plataformas de redes sociais reais s\u00e3o muito boas, mas n\u00e3o est\u00e3o muito adaptadas para os jogadores.<br \/>\nSeja muito exposto a outras pessoas ou muito escondido e de dif\u00edcil acesso,<br \/>\nas ferramentas reais n\u00e3o atendem perfeitamente \u00e0s nossas esperan\u00e7as como jogadores.\u201d<\/strong><\/span><\/p>\n<\/blockquote>\n\n\t\t<\/div>\n\t<\/div>\n<\/div><\/div><div  class=\"vc_tta-panel\" id=\"1674363696797-2878e412-19b7\" data-vc-content=\".vc_tta-panel-body\"><div class=\"vc_tta-panel-body\">\n\t\t\t<span class=\"vc_tta-panel-title\">\n\t\t\t\t<a  data-vc-container=\".vc_tta-container\" data-vc-accordion=\"\" data-vc-target=\"#1674363696797-2878e412-19b7\"><\/a>\n\t\t\t<\/span>\n\t\t\n\t<div class=\"wpb_text_column wpb_content_element\" >\n\t\t<div class=\"wpb_wrapper\">\n\t\t\t<blockquote>\n<p style=\"text-align: center;\"><span style=\"font-size: 14pt;\"><strong>\u201cAcreditamos que espa\u00e7os privados totalmente dedicados criados em torno de cada<br \/>\nas especificidades dos jogos (ou atividades) s\u00e3o o futuro da rede social.<br \/>\nNosso projeto \u00e9 dar a cada jogo um espa\u00e7o personalizado para compartilhar e encontrar outros apaixonados.\u201d<\/strong><\/span><\/p>\n<\/blockquote>\n\n\t\t<\/div>\n\t<\/div>\n<\/div><\/div><div  class=\"vc_tta-panel\" id=\"1674364118499-9ccd1cb3-1f3f\" data-vc-content=\".vc_tta-panel-body\"><div class=\"vc_tta-panel-body\">\n\t\t\t<span class=\"vc_tta-panel-title\">\n\t\t\t\t<a  data-vc-container=\".vc_tta-container\" data-vc-accordion=\"\" data-vc-target=\"#1674364118499-9ccd1cb3-1f3f\"><\/a>\n\t\t\t<\/span>\n\t\t\n\t<div class=\"wpb_text_column wpb_content_element\" >\n\t\t<div class=\"wpb_wrapper\">\n\t\t\t<blockquote>\n<p style=\"text-align: center;\"><span style=\"font-size: 14pt;\"><strong>\u201cMas criar uma Rede Social de jogo exige muito tempo e trabalho.<br \/>\nEste projeto \u00e9 por enquanto apenas uma atividade paralela e temos que lidar com o nosso trabalho para viver.<br \/>\nQueremos focar a 100% neste projeto, torn\u00e1-la uma empresa adequada,<br \/>\ne poder melhorar e desenvolver todas as nossas ideias.<br \/>\nApoie nosso trabalho e apoie seu jogo para torn\u00e1-lo nossa prioridade e disponibiliz\u00e1-lo!\u201d<\/strong><\/span><\/p>\n<\/blockquote>\n\n\t\t<\/div>\n\t<\/div>\n<\/div><\/div><div  class=\"vc_tta-panel\" id=\"1674458647085-75b6d564-2fa4\" data-vc-content=\".vc_tta-panel-body\"><div class=\"vc_tta-panel-body\">\n\t\t\t<span class=\"vc_tta-panel-title\">\n\t\t\t\t<a  data-vc-container=\".vc_tta-container\" data-vc-accordion=\"\" data-vc-target=\"#1674458647085-75b6d564-2fa4\"><\/a>\n\t\t\t<\/span>\n\t\t\n\t<div class=\"wpb_text_column wpb_content_element\" >\n\t\t<div class=\"wpb_wrapper\">\n\t\t\t<blockquote>\n<p style=\"text-align: center;\"><span style=\"font-size: 14pt;\"><strong>\u201cAcreditamos fortemente em nossos projetos e esperamos conseguir reunir milh\u00f5es de usu\u00e1rios.<br \/>\nQualquer ajuda \u00e9 bem-vinda e voc\u00ea pode nos apoiar com qualquer quantia que puder.<br \/>\nQualquer valor j\u00e1 ser\u00e1 uma grande ajuda e ser\u00e1 muito bem vindo.<br \/>\nMuito obrigado pelo seu apoio e at\u00e9 breve na sua sala de jogos favorita.\u201d<\/strong><\/span><\/p>\n<\/blockquote>\n\n\t\t<\/div>\n\t<\/div>\n<\/div><\/div><\/div><\/div><\/div><\/div><\/div><\/div><\/div><\/div><div class=\"vc_row wpb_row vc_row-fluid vc_custom_1646481115078\"><div class=\"wpb_column vc_column_container vc_col-sm-12\"><div class=\"vc_column-inner\"><div class=\"wpb_wrapper\">\n\t<div class=\"wpb_text_column wpb_content_element\" >\n\t\t<div class=\"wpb_wrapper\">\n\t\t\t<p style=\"text-align: center;\"><div class=\"give-embed-form-wrapper\" id=\"give-69e578a22d17e\"><iframe\n\t\t\t\tname=\"give-embed-form\"\n\t\t\t\tsrc=\"https:\/\/gamer-book.com\/pt\/give\/support-gamerbook?giveDonationFormInIframe=1\"\n\t\t\t\t\n\t\t\t\tdata-autoscroll=\"0\"\n\t\t\t\tonload=\"if( 'undefined' !== typeof Give ) { Give.initializeIframeResize(this) }\"\n\t\t\t\tstyle=\"border: 0;visibility: hidden;min-height: 598px;\"><\/iframe><div class=\"iframe-loader\">\n<div style=\"\t\theight: calc(100% - 28px);\t\twidth: calc(100% - 20px);\t\tmax-width: 552px;\t\tmargin: 10px auto 10px auto;\t\tbackground: #fff;\t\tborder-radius: 6px;\t\tdisplay: flex;\t\talign-items: center;\t\tjustify-content: center;\t\t-webkit-box-shadow: 0 2px 2px 0 rgba(0, 0, 0, 0.14),\t\t\t0 3px 1px -2px rgba(0, 0, 0, 0.2),\t\t\t0 1px 5px 0 rgba(0, 0, 0, 0.12);\t\tbox-shadow: 0 2px 2px 0 rgba(0, 0, 0, 0.14),\t\t\t0 3px 1px -2px rgba(0, 0, 0, 0.2),\t\t\t0 1px 5px 0 rgba(0, 0, 0, 0.12);\t\">\n    <div style=\"        pointer-events: none;        height: 90px;        width: 90px;        background-image: url(&quot;data:image\/svg+xml;charset=utf8,%3C?xml version='1.0' encoding='utf-8'?%3E%3C!-- Generator: Adobe Illustrator 24.1.0, SVG Export Plug-In . SVG Version: 6.00 Build 0) --%3E%3Csvg version='1.1' id='Layer_1' xmlns='http:\/\/www.w3.org\/2000\/svg' xmlns:xlink='http:\/\/www.w3.org\/1999\/xlink' x='0px' y='0px' viewBox='0 0 349 348' style='enable-background:new 0 0 349 348;' xml:space='preserve'%3E%3Cstyle type='text\/css'%3E .st0{fill:%230170b9;} %3C\/style%3E%3Cpath class='st0' d='M25.1,204.57c-13.38,0-24.47-10.6-24.97-24.08C0.04,178.09,0,175.97,0,174C0,77.78,78.28-0.5,174.5-0.5 c13.81,0,25,11.19,25,25s-11.19,25-25,25C105.85,49.5,50,105.35,50,174c0,1.37,0.03,2.85,0.1,4.65c0.51,13.8-10.27,25.39-24.07,25.9 C25.72,204.56,25.41,204.57,25.1,204.57z'\/%3E%3Cpath class='st0' d='M174.5,348.5c-13.81,0-25-11.19-25-25c0-13.81,11.19-25,25-25c68.65,0,124.5-55.85,124.5-124.5 c0-1.38-0.03-2.85-0.1-4.65c-0.51-13.8,10.26-25.4,24.06-25.91c13.83-0.53,25.4,10.26,25.91,24.06c0.09,2.39,0.13,4.51,0.13,6.49 C349,270.22,270.72,348.5,174.5,348.5z'\/%3E%3C\/svg%3E&quot;);        animation: spin 0.6s linear infinite;        \"><\/div>\n<\/div>\n<\/div><\/div>\n\n\t\t<\/div>\n\t<\/div>\n<\/div><\/div><\/div><\/div><div class=\"vc_row wpb_row vc_row-fluid\"><div class=\"wpb_column vc_column_container vc_col-sm-12\"><div class=\"vc_column-inner\"><div class=\"wpb_wrapper\">\n\t<div class=\"wpb_text_column wpb_content_element\" >\n\t\t<div class=\"wpb_wrapper\">\n\t\t\t<p style=\"text-align: center;\">Voc\u00ea tamb\u00e9m pode nos apoiar tornando-se um patrono do nosso projeto<br \/>\n(link no rodap\u00e9 abaixo)<\/p>\n\n\t\t<\/div>\n\t<\/div>\n<\/div><\/div><\/div><\/div>","protected":false},"excerpt":{"rendered":"What is GamerBook? GamerBook is a new Multi Gaming Social Network created by gamers for gamers. We strongly believe that the format of the last decades of Social Networks is obsolete and is not very well adapted for gaming anymore. Mixing family, friends, work, irrelevant strangers, and all of your interests into only one social [...]","protected":false},"author":1,"featured_media":0,"parent":0,"menu_order":0,"comment_status":"closed","ping_status":"closed","template":"","meta":{"site-sidebar-layout":"default","site-content-layout":"default","ast-site-content-layout":"","site-content-style":"default","site-sidebar-style":"default","ast-global-header-display":"","ast-banner-title-visibility":"","ast-main-header-display":"","ast-hfb-above-header-display":"","ast-hfb-below-header-display":"","ast-hfb-mobile-header-display":"","site-post-title":"disabled","ast-breadcrumbs-content":"","ast-featured-img":"","footer-sml-layout":"","theme-transparent-header-meta":"default","adv-header-id-meta":"","stick-header-meta":"","header-above-stick-meta":"","header-main-stick-meta":"","header-below-stick-meta":"","astra-migrate-meta-layouts":"default","ast-page-background-enabled":"default","ast-page-background-meta":{"desktop":{"background-color":"var(--ast-global-color-4)","background-image":"","background-repeat":"repeat","background-position":"center center","background-size":"auto","background-attachment":"scroll","background-type":"","background-media":"","overlay-type":"","overlay-color":"","overlay-opacity":"","overlay-gradient":""},"tablet":{"background-color":"","background-image":"","background-repeat":"repeat","background-position":"center center","background-size":"auto","background-attachment":"scroll","background-type":"","background-media":"","overlay-type":"","overlay-color":"","overlay-opacity":"","overlay-gradient":""},"mobile":{"background-color":"","background-image":"","background-repeat":"repeat","background-position":"center center","background-size":"auto","background-attachment":"scroll","background-type":"","background-media":"","overlay-type":"","overlay-color":"","overlay-opacity":"","overlay-gradient":""}},"ast-content-background-meta":{"desktop":{"background-color":"var(--ast-global-color-5)","background-image":"","background-repeat":"repeat","background-position":"center center","background-size":"auto","background-attachment":"scroll","background-type":"","background-media":"","overlay-type":"","overlay-color":"","overlay-opacity":"","overlay-gradient":""},"tablet":{"background-color":"var(--ast-global-color-5)","background-image":"","background-repeat":"repeat","background-position":"center center","background-size":"auto","background-attachment":"scroll","background-type":"","background-media":"","overlay-type":"","overlay-color":"","overlay-opacity":"","overlay-gradient":""},"mobile":{"background-color":"var(--ast-global-color-5)","background-image":"","background-repeat":"repeat","background-position":"center center","background-size":"auto","background-attachment":"scroll","background-type":"","background-media":"","overlay-type":"","overlay-color":"","overlay-opacity":"","overlay-gradient":""}},"footnotes":""},"class_list":["post-3272","page","type-page","status-publish","hentry"],"yoast_head":"<!-- This site is optimized with the Yoast SEO plugin v22.8 - https:\/\/yoast.com\/wordpress\/plugins\/seo\/ -->\n<title>What is GamerBook? - GamerBook<\/title>\n<meta name=\"robots\" content=\"index, follow, max-snippet:-1, max-image-preview:large, max-video-preview:-1\" \/>\n<link rel=\"canonical\" href=\"https:\/\/gamer-book.com\/pt\/what-is-gamerbook\/\" \/>\n<meta property=\"og:locale\" content=\"pt_PT\" \/>\n<meta property=\"og:type\" content=\"article\" \/>\n<meta property=\"og:title\" content=\"What is GamerBook? - GamerBook\" \/>\n<meta property=\"og:url\" content=\"https:\/\/gamer-book.com\/pt\/what-is-gamerbook\/\" \/>\n<meta property=\"og:site_name\" content=\"GamerBook\" \/>\n<meta property=\"article:modified_time\" content=\"2024-06-06T03:38:39+00:00\" \/>\n<meta name=\"twitter:card\" content=\"summary_large_image\" \/>\n<meta name=\"twitter:label1\" content=\"Tempo estimado de leitura\" \/>\n\t<meta name=\"twitter:data1\" content=\"3 minutos\" \/>\n<script type=\"application\/ld+json\" class=\"yoast-schema-graph\">{\"@context\":\"https:\/\/schema.org\",\"@graph\":[{\"@type\":\"WebPage\",\"@id\":\"https:\/\/gamer-book.com\/what-is-gamerbook\/\",\"url\":\"https:\/\/gamer-book.com\/what-is-gamerbook\/\",\"name\":\"What is GamerBook? - GamerBook\",\"isPartOf\":{\"@id\":\"https:\/\/gamer-book.com\/#website\"},\"datePublished\":\"2024-06-06T02:44:55+00:00\",\"dateModified\":\"2024-06-06T03:38:39+00:00\",\"inLanguage\":\"pt-PT\",\"potentialAction\":[{\"@type\":\"ReadAction\",\"target\":[\"https:\/\/gamer-book.com\/what-is-gamerbook\/\"]}]},{\"@type\":\"WebSite\",\"@id\":\"https:\/\/gamer-book.com\/#website\",\"url\":\"https:\/\/gamer-book.com\/\",\"name\":\"GamerBook\",\"description\":\"For gamers, by gamers\",\"publisher\":{\"@id\":\"https:\/\/gamer-book.com\/#organization\"},\"potentialAction\":[{\"@type\":\"SearchAction\",\"target\":{\"@type\":\"EntryPoint\",\"urlTemplate\":\"https:\/\/gamer-book.com\/?s={search_term_string}\"},\"query-input\":\"required name=search_term_string\"}],\"inLanguage\":\"pt-PT\"},{\"@type\":\"Organization\",\"@id\":\"https:\/\/gamer-book.com\/#organization\",\"name\":\"GamerBook\",\"url\":\"https:\/\/gamer-book.com\/\",\"logo\":{\"@type\":\"ImageObject\",\"inLanguage\":\"pt-PT\",\"@id\":\"https:\/\/gamer-book.com\/#\/schema\/logo\/image\/\",\"url\":\"https:\/\/gamer-book.com\/wp-content\/uploads\/2016\/07\/cropped-logo-2.png\",\"contentUrl\":\"https:\/\/gamer-book.com\/wp-content\/uploads\/2016\/07\/cropped-logo-2.png\",\"width\":459,\"height\":75,\"caption\":\"GamerBook\"},\"image\":{\"@id\":\"https:\/\/gamer-book.com\/#\/schema\/logo\/image\/\"}}]}<\/script>\n<!-- \/ Yoast SEO plugin. -->","yoast_head_json":{"title":"What is GamerBook? - GamerBook","robots":{"index":"index","follow":"follow","max-snippet":"max-snippet:-1","max-image-preview":"max-image-preview:large","max-video-preview":"max-video-preview:-1"},"canonical":"https:\/\/gamer-book.com\/pt\/what-is-gamerbook\/","og_locale":"pt_PT","og_type":"article","og_title":"What is GamerBook? - GamerBook","og_url":"https:\/\/gamer-book.com\/pt\/what-is-gamerbook\/","og_site_name":"GamerBook","article_modified_time":"2024-06-06T03:38:39+00:00","twitter_card":"summary_large_image","twitter_misc":{"Tempo estimado de leitura":"3 minutos"},"schema":{"@context":"https:\/\/schema.org","@graph":[{"@type":"WebPage","@id":"https:\/\/gamer-book.com\/what-is-gamerbook\/","url":"https:\/\/gamer-book.com\/what-is-gamerbook\/","name":"What is GamerBook? - GamerBook","isPartOf":{"@id":"https:\/\/gamer-book.com\/#website"},"datePublished":"2024-06-06T02:44:55+00:00","dateModified":"2024-06-06T03:38:39+00:00","inLanguage":"pt-PT","potentialAction":[{"@type":"ReadAction","target":["https:\/\/gamer-book.com\/what-is-gamerbook\/"]}]},{"@type":"WebSite","@id":"https:\/\/gamer-book.com\/#website","url":"https:\/\/gamer-book.com\/","name":"GamerBook","description":"For gamers, by gamers","publisher":{"@id":"https:\/\/gamer-book.com\/#organization"},"potentialAction":[{"@type":"SearchAction","target":{"@type":"EntryPoint","urlTemplate":"https:\/\/gamer-book.com\/?s={search_term_string}"},"query-input":"required name=search_term_string"}],"inLanguage":"pt-PT"},{"@type":"Organization","@id":"https:\/\/gamer-book.com\/#organization","name":"GamerBook","url":"https:\/\/gamer-book.com\/","logo":{"@type":"ImageObject","inLanguage":"pt-PT","@id":"https:\/\/gamer-book.com\/#\/schema\/logo\/image\/","url":"https:\/\/gamer-book.com\/wp-content\/uploads\/2016\/07\/cropped-logo-2.png","contentUrl":"https:\/\/gamer-book.com\/wp-content\/uploads\/2016\/07\/cropped-logo-2.png","width":459,"height":75,"caption":"GamerBook"},"image":{"@id":"https:\/\/gamer-book.com\/#\/schema\/logo\/image\/"}}]}},"_links":{"self":[{"href":"https:\/\/gamer-book.com\/pt\/wp-json\/wp\/v2\/pages\/3272","targetHints":{"allow":["GET"]}}],"collection":[{"href":"https:\/\/gamer-book.com\/pt\/wp-json\/wp\/v2\/pages"}],"about":[{"href":"https:\/\/gamer-book.com\/pt\/wp-json\/wp\/v2\/types\/page"}],"author":[{"embeddable":true,"href":"https:\/\/gamer-book.com\/pt\/wp-json\/wp\/v2\/users\/1"}],"replies":[{"embeddable":true,"href":"https:\/\/gamer-book.com\/pt\/wp-json\/wp\/v2\/comments?post=3272"}],"version-history":[{"count":8,"href":"https:\/\/gamer-book.com\/pt\/wp-json\/wp\/v2\/pages\/3272\/revisions"}],"predecessor-version":[{"id":3282,"href":"https:\/\/gamer-book.com\/pt\/wp-json\/wp\/v2\/pages\/3272\/revisions\/3282"}],"wp:attachment":[{"href":"https:\/\/gamer-book.com\/pt\/wp-json\/wp\/v2\/media?parent=3272"}],"curies":[{"name":"wp","href":"https:\/\/api.w.org\/{rel}","templated":true}]}}