{"id":2026,"date":"2022-03-04T08:58:06","date_gmt":"2022-03-04T08:58:06","guid":{"rendered":"https:\/\/gamer-book.com\/?page_id=2026"},"modified":"2022-04-14T07:36:30","modified_gmt":"2022-04-14T07:36:30","slug":"battle-room-cvs2","status":"publish","type":"page","link":"https:\/\/gamer-book.com\/tr\/battle-room-cvs2\/","title":{"rendered":"Sava\u015f Odas\u0131 CVS2"},"content":{"rendered":"<div class=\"vc_row wpb_row vc_row-fluid\"><div class=\"wpb_column vc_column_container vc_col-sm-6\"><div class=\"vc_column-inner vc_custom_1648730748097\"><div class=\"wpb_wrapper\">\n\t<div class=\"wpb_text_column wpb_content_element\" >\n\t\t<div class=\"wpb_wrapper\">\n\t\t\t<p>[dms_manual name=\u201d\u201d placeholder=\u201dGamercoins Turnuvalar\u0131\u201d target=\u201ddefault\u201d\u201d options=\u201dhttps:\/\/gamer-book.com\/battle-room-cvs2-free\/|\u00dccretsiz Turnuvalar\u201d]<\/p>\n\n\t\t<\/div>\n\t<\/div>\n\t\t<div class=\"mega-line-container ma_heading_wrap48\">\r\n\t\t\t\r\n\t\t\t\r\n\t\t    \r\n\t\t    \r\n\t\t    \r\n\t\t    \t\t\t\t<div class=\"mega-line-icon\" style=\"text-align: left;\">  \r\n\t\t\t        <h2 style=\"font-size: 28px; color: #000000; text-transform: default; font-family:Bayon;font-weight:400;font-style:normal;\">\r\n\t\t\t        \tSava\u015f Odas\u0131 Capcom, SNK 2&#039;ye Kar\u015f\u0131\t\t\t        <\/h2>\r\n\t\t\t        <div class=\"heading_desc\" style=\"line-height: 1;\">\r\n\t\t\t        \t\t\t\t        <\/div>\r\n\t\t\t        <div class=\"line-icon\" style=\"text-align: center; width: 230px; border-top: 2px solid #000000;\">\r\n\t\t\t        \t\t\t\t        \t\t\t\t        \t\t<img decoding=\"async\" src=\"https:\/\/gamer-book.com\/wp-content\/uploads\/2022\/03\/battle.png\">\r\n\t\t\t        \t\t\t\t        <\/div>\r\n\t\t\t    <\/div>\r\n\t\t          \t<\/div>\r\n\r\n      \t<style>\r\n\t\t\t.ma_heading_wrap48 .heading_desc *{\r\n\t\t\t\tfont-size: px;\r\n\t\t\t\tfont-family:Bayon;font-weight:400;font-style:normal;\r\n\t\t\t}\r\n      \t<\/style>\r\n\t\t<\/div><\/div><\/div><div class=\"widget-poker wpb_column vc_column_container vc_col-sm-6 vc_col-has-fill\"><div class=\"vc_column-inner vc_custom_1648717309341\"><div class=\"wpb_wrapper\"><div  class=\"wpb_widgetised_column wpb_content_element\">\n\t\t<div class=\"wpb_wrapper\">\n\t\t\t\n\t\t\t\n\t\t<\/div>\n\t<\/div>\n<\/div><\/div><\/div><\/div><div class=\"vc_row wpb_row vc_row-fluid\"><div class=\"wpb_column vc_column_container vc_col-sm-12\"><div class=\"vc_column-inner\"><div class=\"wpb_wrapper\">\n\t<div  class=\"wpb_single_image wpb_content_element vc_align_left\">\n\t\t\n\t\t<figure class=\"wpb_wrapper vc_figure\">\n\t\t\t<div class=\"vc_single_image-wrapper   vc_box_border_grey\"><img fetchpriority=\"high\" decoding=\"async\" width=\"1024\" height=\"236\" src=\"https:\/\/gamer-book.com\/wp-content\/uploads\/2022\/03\/covercvs2ryukyo-1024x236-1.jpg\" class=\"vc_single_image-img attachment-full\" alt=\"\" srcset=\"https:\/\/gamer-book.com\/wp-content\/uploads\/2022\/03\/covercvs2ryukyo-1024x236-1.jpg 1024w, https:\/\/gamer-book.com\/wp-content\/uploads\/2022\/03\/covercvs2ryukyo-1024x236-1-300x69.jpg 300w, https:\/\/gamer-book.com\/wp-content\/uploads\/2022\/03\/covercvs2ryukyo-1024x236-1-768x177.jpg 768w, https:\/\/gamer-book.com\/wp-content\/uploads\/2022\/03\/covercvs2ryukyo-1024x236-1-18x4.jpg 18w\" sizes=\"(max-width: 1024px) 100vw, 1024px\" \/><\/div>\n\t\t<\/figure>\n\t<\/div>\n\n\t<div class=\"wpb_text_column wpb_content_element\" >\n\t\t<div class=\"wpb_wrapper\">\n\t\t\t<h2>Gamerbook Sava\u015f Odas\u0131na ho\u015f geldiniz.<\/h2>\n<p>Gamerbook, di\u011fer oyuncularla k\u00fc\u00e7\u00fck \u00e7evrimi\u00e7i turnuvalara kat\u0131lmak i\u00e7in sanal param\u0131z GamerCoin&#039;leri kullanman\u0131z\u0131 sa\u011flar.<br \/>\nKazananlar, her turnuva t\u00fcr\u00fcne ba\u011fl\u0131 olarak \u00f6d\u00fcl olarak Gamercoin alacaklar.<br \/>\nFreeplay turnuvalar\u0131m\u0131zda Gamercoin&#039;ler olmadan oynayabilirsiniz<br \/>\n<strong>Bu oyunla ilgili deneyiminiz yoksa, \u00fccretli turnuvalara girmekten ka\u00e7\u0131nman\u0131z\u0131 ve <a href=\"https:\/\/gamer-book.com\/tr\/battle-room-cvs2-free\/\">\u00fccretsiz turnuvalar<\/a> yerine.<\/strong><\/p>\n<p>\u00c7evrimi\u00e7i oyun giderek daha iyi hale geliyor ancak Capcom ve SNK 2 gibi d\u00f6v\u00fc\u015f oyunlar\u0131nda zamanlama ve hassasiyet \u00e7ok \u00f6nemli fakt\u00f6rlerdir.<br \/>\nBu nedenle, turnuvalar\u0131 etkileyebilecek ba\u011flant\u0131 sorunlar\u0131n\u0131 ve olas\u0131 gecikmeleri \u00f6nlemek i\u00e7in odalar\u0131 d\u00fcnya b\u00f6lgelerine ay\u0131rd\u0131k.<br \/>\nL\u00fctfen a\u015fa\u011f\u0131daki haritadan ya\u015fad\u0131\u011f\u0131n\u0131z b\u00f6lgeyi se\u00e7iniz.<\/p>\n\n\t\t<\/div>\n\t<\/div>\n\n\t<div class=\"wpb_text_column wpb_content_element\" >\n\t\t<div class=\"wpb_wrapper\">\n\t\t\t<p>[wd_map]<\/p>\n\n\t\t<\/div>\n\t<\/div>\n<\/div><\/div><\/div><\/div>","protected":false},"excerpt":{"rendered":"[dms_manual name = &quot;&quot; placeholder = &quot;Gamercoins Turnuvalar\u0131&quot; target = &quot;default&quot;&quot; options = &quot;https:\/\/gamer-book.com\/battle-room-cvs2-free\/|\u00dccretsiz Turnuvalar&quot;] Sava\u015f Odas\u0131 Capcom vs. SNK 2 Gamerbook Sava\u015f Odas\u0131na Ho\u015f Geldiniz Gamerbook, di\u011fer oyuncularla birlikte k\u00fc\u00e7\u00fck \u00e7evrimi\u00e7i turnuvalara kat\u0131lmak i\u00e7in sanal param\u0131z GamerCoin&#039;leri kullanman\u0131za olanak tan\u0131r. Kazananlar, her turnuva t\u00fcr\u00fcne ba\u011fl\u0131 olarak \u00f6d\u00fcl olarak Gamercoins alacakt\u0131r. ..]","protected":false},"author":1,"featured_media":0,"parent":0,"menu_order":0,"comment_status":"closed","ping_status":"closed","template":"","meta":{"site-sidebar-layout":"no-sidebar","site-content-layout":"boxed-container","ast-site-content-layout":"","site-content-style":"default","site-sidebar-style":"default","ast-global-header-display":"","ast-banner-title-visibility":"","ast-main-header-display":"","ast-hfb-above-header-display":"","ast-hfb-below-header-display":"","ast-hfb-mobile-header-display":"","site-post-title":"disabled","ast-breadcrumbs-content":"","ast-featured-img":"disabled","footer-sml-layout":"","theme-transparent-header-meta":"","adv-header-id-meta":"","stick-header-meta":"","header-above-stick-meta":"","header-main-stick-meta":"","header-below-stick-meta":"","astra-migrate-meta-layouts":"default","ast-page-background-enabled":"default","ast-page-background-meta":{"desktop":{"background-color":"var(--ast-global-color-4)","background-image":"","background-repeat":"repeat","background-position":"center center","background-size":"auto","background-attachment":"scroll","background-type":"","background-media":"","overlay-type":"","overlay-color":"","overlay-opacity":"","overlay-gradient":""},"tablet":{"background-color":"","background-image":"","background-repeat":"repeat","background-position":"center center","background-size":"auto","background-attachment":"scroll","background-type":"","background-media":"","overlay-type":"","overlay-color":"","overlay-opacity":"","overlay-gradient":""},"mobile":{"background-color":"","background-image":"","background-repeat":"repeat","background-position":"center center","background-size":"auto","background-attachment":"scroll","background-type":"","background-media":"","overlay-type":"","overlay-color":"","overlay-opacity":"","overlay-gradient":""}},"ast-content-background-meta":{"desktop":{"background-color":"var(--ast-global-color-5)","background-image":"","background-repeat":"repeat","background-position":"center center","background-size":"auto","background-attachment":"scroll","background-type":"","background-media":"","overlay-type":"","overlay-color":"","overlay-opacity":"","overlay-gradient":""},"tablet":{"background-color":"var(--ast-global-color-5)","background-image":"","background-repeat":"repeat","background-position":"center center","background-size":"auto","background-attachment":"scroll","background-type":"","background-media":"","overlay-type":"","overlay-color":"","overlay-opacity":"","overlay-gradient":""},"mobile":{"background-color":"var(--ast-global-color-5)","background-image":"","background-repeat":"repeat","background-position":"center center","background-size":"auto","background-attachment":"scroll","background-type":"","background-media":"","overlay-type":"","overlay-color":"","overlay-opacity":"","overlay-gradient":""}},"footnotes":""},"class_list":["post-2026","page","type-page","status-publish","hentry"],"yoast_head":"<!-- This site is optimized with the Yoast SEO plugin v22.8 - https:\/\/yoast.com\/wordpress\/plugins\/seo\/ -->\n<title>Battle Room CVS2 - GamerBook<\/title>\n<meta name=\"robots\" content=\"index, follow, max-snippet:-1, max-image-preview:large, max-video-preview:-1\" \/>\n<link rel=\"canonical\" href=\"https:\/\/gamer-book.com\/tr\/battle-room-cvs2\/\" \/>\n<meta property=\"og:locale\" content=\"tr_TR\" \/>\n<meta property=\"og:type\" content=\"article\" \/>\n<meta property=\"og:title\" content=\"Battle Room CVS2 - GamerBook\" \/>\n<meta property=\"og:url\" content=\"https:\/\/gamer-book.com\/tr\/battle-room-cvs2\/\" \/>\n<meta property=\"og:site_name\" content=\"GamerBook\" \/>\n<meta property=\"article:modified_time\" content=\"2022-04-14T07:36:30+00:00\" \/>\n<meta name=\"twitter:card\" content=\"summary_large_image\" \/>\n<meta name=\"twitter:label1\" content=\"Tahmini okuma s\u00fcresi\" \/>\n\t<meta name=\"twitter:data1\" content=\"1 dakika\" \/>\n<script type=\"application\/ld+json\" class=\"yoast-schema-graph\">{\"@context\":\"https:\/\/schema.org\",\"@graph\":[{\"@type\":\"WebPage\",\"@id\":\"https:\/\/gamer-book.com\/battle-room-cvs2\/\",\"url\":\"https:\/\/gamer-book.com\/battle-room-cvs2\/\",\"name\":\"Battle Room CVS2 - GamerBook\",\"isPartOf\":{\"@id\":\"https:\/\/gamer-book.com\/#website\"},\"datePublished\":\"2022-03-04T08:58:06+00:00\",\"dateModified\":\"2022-04-14T07:36:30+00:00\",\"inLanguage\":\"tr\",\"potentialAction\":[{\"@type\":\"ReadAction\",\"target\":[\"https:\/\/gamer-book.com\/battle-room-cvs2\/\"]}]},{\"@type\":\"WebSite\",\"@id\":\"https:\/\/gamer-book.com\/#website\",\"url\":\"https:\/\/gamer-book.com\/\",\"name\":\"GamerBook\",\"description\":\"For gamers, by gamers\",\"publisher\":{\"@id\":\"https:\/\/gamer-book.com\/#organization\"},\"potentialAction\":[{\"@type\":\"SearchAction\",\"target\":{\"@type\":\"EntryPoint\",\"urlTemplate\":\"https:\/\/gamer-book.com\/?s={search_term_string}\"},\"query-input\":\"required name=search_term_string\"}],\"inLanguage\":\"tr\"},{\"@type\":\"Organization\",\"@id\":\"https:\/\/gamer-book.com\/#organization\",\"name\":\"GamerBook\",\"url\":\"https:\/\/gamer-book.com\/\",\"logo\":{\"@type\":\"ImageObject\",\"inLanguage\":\"tr\",\"@id\":\"https:\/\/gamer-book.com\/#\/schema\/logo\/image\/\",\"url\":\"https:\/\/gamer-book.com\/wp-content\/uploads\/2016\/07\/cropped-logo-2.png\",\"contentUrl\":\"https:\/\/gamer-book.com\/wp-content\/uploads\/2016\/07\/cropped-logo-2.png\",\"width\":459,\"height\":75,\"caption\":\"GamerBook\"},\"image\":{\"@id\":\"https:\/\/gamer-book.com\/#\/schema\/logo\/image\/\"}}]}<\/script>\n<!-- \/ Yoast SEO plugin. -->","yoast_head_json":{"title":"Battle Room CVS2 - GamerBook","robots":{"index":"index","follow":"follow","max-snippet":"max-snippet:-1","max-image-preview":"max-image-preview:large","max-video-preview":"max-video-preview:-1"},"canonical":"https:\/\/gamer-book.com\/tr\/battle-room-cvs2\/","og_locale":"tr_TR","og_type":"article","og_title":"Battle Room CVS2 - GamerBook","og_url":"https:\/\/gamer-book.com\/tr\/battle-room-cvs2\/","og_site_name":"GamerBook","article_modified_time":"2022-04-14T07:36:30+00:00","twitter_card":"summary_large_image","twitter_misc":{"Tahmini okuma s\u00fcresi":"1 dakika"},"schema":{"@context":"https:\/\/schema.org","@graph":[{"@type":"WebPage","@id":"https:\/\/gamer-book.com\/battle-room-cvs2\/","url":"https:\/\/gamer-book.com\/battle-room-cvs2\/","name":"Battle Room CVS2 - GamerBook","isPartOf":{"@id":"https:\/\/gamer-book.com\/#website"},"datePublished":"2022-03-04T08:58:06+00:00","dateModified":"2022-04-14T07:36:30+00:00","inLanguage":"tr","potentialAction":[{"@type":"ReadAction","target":["https:\/\/gamer-book.com\/battle-room-cvs2\/"]}]},{"@type":"WebSite","@id":"https:\/\/gamer-book.com\/#website","url":"https:\/\/gamer-book.com\/","name":"GamerBook","description":"For gamers, by gamers","publisher":{"@id":"https:\/\/gamer-book.com\/#organization"},"potentialAction":[{"@type":"SearchAction","target":{"@type":"EntryPoint","urlTemplate":"https:\/\/gamer-book.com\/?s={search_term_string}"},"query-input":"required name=search_term_string"}],"inLanguage":"tr"},{"@type":"Organization","@id":"https:\/\/gamer-book.com\/#organization","name":"GamerBook","url":"https:\/\/gamer-book.com\/","logo":{"@type":"ImageObject","inLanguage":"tr","@id":"https:\/\/gamer-book.com\/#\/schema\/logo\/image\/","url":"https:\/\/gamer-book.com\/wp-content\/uploads\/2016\/07\/cropped-logo-2.png","contentUrl":"https:\/\/gamer-book.com\/wp-content\/uploads\/2016\/07\/cropped-logo-2.png","width":459,"height":75,"caption":"GamerBook"},"image":{"@id":"https:\/\/gamer-book.com\/#\/schema\/logo\/image\/"}}]}},"_links":{"self":[{"href":"https:\/\/gamer-book.com\/tr\/wp-json\/wp\/v2\/pages\/2026","targetHints":{"allow":["GET"]}}],"collection":[{"href":"https:\/\/gamer-book.com\/tr\/wp-json\/wp\/v2\/pages"}],"about":[{"href":"https:\/\/gamer-book.com\/tr\/wp-json\/wp\/v2\/types\/page"}],"author":[{"embeddable":true,"href":"https:\/\/gamer-book.com\/tr\/wp-json\/wp\/v2\/users\/1"}],"replies":[{"embeddable":true,"href":"https:\/\/gamer-book.com\/tr\/wp-json\/wp\/v2\/comments?post=2026"}],"version-history":[{"count":0,"href":"https:\/\/gamer-book.com\/tr\/wp-json\/wp\/v2\/pages\/2026\/revisions"}],"wp:attachment":[{"href":"https:\/\/gamer-book.com\/tr\/wp-json\/wp\/v2\/media?parent=2026"}],"curies":[{"name":"wp","href":"https:\/\/api.w.org\/{rel}","templated":true}]}}