{"id":2722,"date":"2022-04-18T06:15:33","date_gmt":"2022-04-18T06:15:33","guid":{"rendered":"https:\/\/gamer-book.com\/?page_id=2722"},"modified":"2022-04-18T09:09:16","modified_gmt":"2022-04-18T09:09:16","slug":"list-cvs2-asia","status":"publish","type":"page","link":"https:\/\/gamer-book.com\/tr\/list-cvs2-asia\/","title":{"rendered":"Tournaments List Asia"},"content":{"rendered":"<div class=\"vc_row wpb_row vc_row-fluid\"><div class=\"wpb_column vc_column_container vc_col-sm-6\"><div class=\"vc_column-inner\"><div class=\"wpb_wrapper\">\n\t<div class=\"wpb_text_column wpb_content_element\" >\n\t\t<div class=\"wpb_wrapper\">\n\t\t\t<p>[dms_manual name=\u201d\u201d placeholder=\u201dGamercoins Turnuvalar\u0131\u201d target=\u201ddefault\u201d\u201d options=\u201dhttps:\/\/gamer-book.com\/list-cvs2-asia-free\/|\u00dccretsiz Turnuvalar\u201d]<\/p>\n\n\t\t<\/div>\n\t<\/div>\n\n\t<div  class=\"wpb_single_image wpb_content_element vc_align_left\">\n\t\t\n\t\t<figure class=\"wpb_wrapper vc_figure\">\n\t\t\t<div class=\"vc_single_image-wrapper   vc_box_border_grey\"><img decoding=\"async\" width=\"180\" height=\"125\" src=\"https:\/\/gamer-book.com\/wp-content\/uploads\/2022\/04\/logo-med.png\" class=\"vc_single_image-img attachment-full\" alt=\"\" srcset=\"https:\/\/gamer-book.com\/wp-content\/uploads\/2022\/04\/logo-med.png 180w, https:\/\/gamer-book.com\/wp-content\/uploads\/2022\/04\/logo-med-18x12.png 18w\" sizes=\"(max-width: 180px) 100vw, 180px\" \/><\/div>\n\t\t<\/figure>\n\t<\/div>\n<\/div><\/div><\/div><div class=\"widget-poker wpb_column vc_column_container vc_col-sm-6 vc_col-has-fill\"><div class=\"vc_column-inner vc_custom_1649471467843\"><div class=\"wpb_wrapper\"><div  class=\"wpb_widgetised_column wpb_content_element\">\n\t\t<div class=\"wpb_wrapper\">\n\t\t\t\n\t\t\t\n\t\t<\/div>\n\t<\/div>\n<\/div><\/div><\/div><\/div><div class=\"vc_row wpb_row vc_row-fluid\"><div class=\"wpb_column vc_column_container vc_col-sm-12 vc_hidden-xs\"><div class=\"vc_column-inner\"><div class=\"wpb_wrapper\">\n\t<div class=\"wpb_text_column wpb_content_element\" >\n\t\t<div class=\"wpb_wrapper\">\n\t\t\t<p>[mycred_hide_if bakiye=1 ctype=\u201dmycred_gamercoin\u201d]<i class=\"fas fa-info-circle\"\"><\/i> <strong>Turnuvalar\u0131m\u0131za kat\u0131lmak i\u00e7in bir hesab\u0131n\u0131z\u0131n olmas\u0131 ve en az 1 GamerCoins hesab\u0131n\u0131za yat\u0131r\u0131lm\u0131\u015f olmas\u0131 gerekir.<\/strong><br \/>\n<strong>Hesab\u0131n\u0131z olu\u015fturulduktan sonra Gamecoin sat\u0131n almak i\u00e7in l\u00fctfen Kasiyere gidin.<\/strong>[\/mycred_hide_if]<br \/>\n[mycred_show_ifbalance=1 ctype=\u201dmycred_gamercoin\u201d][wpdatatable id=12][\/mycred_show_if]<\/p>\n\n\t\t<\/div>\n\t<\/div>\n<\/div><\/div><\/div><\/div><div class=\"vc_row wpb_row vc_row-fluid\"><div class=\"wpb_column vc_column_container vc_col-sm-12 vc_hidden-lg vc_hidden-md vc_hidden-sm\"><div class=\"vc_column-inner\"><div class=\"wpb_wrapper\">\n\t<div class=\"wpb_text_column wpb_content_element\" >\n\t\t<div class=\"wpb_wrapper\">\n\t\t\t<p>[mycred_hide_if bakiye=1 ctype=\u201dmycred_gamercoin\u201d]<i class=\"fas fa-info-circle\"\"><\/i> <strong>Turnuvalar\u0131m\u0131za kat\u0131lmak i\u00e7in bir hesab\u0131n\u0131z\u0131n olmas\u0131 ve en az 1 GamerCoins hesab\u0131n\u0131za yat\u0131r\u0131lm\u0131\u015f olmas\u0131 gerekir.<\/strong><br \/>\n<strong>Hesab\u0131n\u0131z olu\u015fturulduktan sonra Gamecoin sat\u0131n almak i\u00e7in l\u00fctfen Kasiyere gidin.<\/strong>[\/mycred_hide_if]<br \/>\n[mycred_show_ifbalance=1 ctype=\u201dmycred_gamercoin\u201d][wpdatatable id=9][\/mycred_show_if]<\/p>\n\n\t\t<\/div>\n\t<\/div>\n<\/div><\/div><\/div><\/div><div class=\"vc_row wpb_row vc_row-fluid\"><div class=\"wpb_column vc_column_container vc_col-sm-4\"><div class=\"vc_column-inner\"><div class=\"wpb_wrapper\">\n\t<div class=\"wpb_raw_code wpb_content_element wpb_raw_html\" >\n\t\t<div class=\"wpb_wrapper\">\n\t\t\t<button class=\"back-button\" onclick=\"history.back()\"><i class=\"fa-solid fa-angle-left\"><\/i> Geri<\/button>\n\t\t<\/div>\n\t<\/div>\n<\/div><\/div><\/div><div class=\"wpb_column vc_column_container vc_col-sm-4\"><div class=\"vc_column-inner\"><div class=\"wpb_wrapper\"><div class=\"vc_btn3-container vc_btn3-center\" ><a class=\"vc_general vc_btn3 vc_btn3-size-md vc_btn3-shape-rounded vc_btn3-style-modern vc_btn3-icon-left vc_btn3-color-peacoc\" href=\"https:\/\/gamer-book.com\/tr\/tournaments-list\/?gid=5\" title=\"\"><i class=\"vc_btn3-icon far fa-eye\"><\/i> Izgara G\u00f6r\u00fcn\u00fcm\u00fc<\/a><\/div><\/div><\/div><\/div><div class=\"wpb_column vc_column_container vc_col-sm-4\"><div class=\"vc_column-inner\"><div class=\"wpb_wrapper\"><div  class=\"wpb_widgetised_column wpb_content_element\">\n\t\t<div class=\"wpb_wrapper\">\n\t\t\t\n\t\t\t\n\t\t<\/div>\n\t<\/div>\n<\/div><\/div><\/div><\/div>","protected":false},"excerpt":{"rendered":"[dms_manual name=\"\" placeholder=\"Gamercoins Tournaments\" target=\"default\"\" options=\"https:\/\/gamer-book.com\/list-cvs2-asia-free\/|Free Tournaments\"] [mycred_hide_if balance=1 ctype=\"mycred_gamercoin\"] To join our tournaments you need to have an account and to be credited a minimum of 1 GamerCoins. Please go to the Cashier to purchase Gamecoins once your account is created.[\/mycred_hide_if] [mycred_show_if balance=1 ctype=\"mycred_gamercoin\"][wpdatatable id=9][\/mycred_show_if] Back Grid View","protected":false},"author":1,"featured_media":0,"parent":0,"menu_order":0,"comment_status":"closed","ping_status":"closed","template":"","meta":{"site-sidebar-layout":"no-sidebar","site-content-layout":"boxed-container","ast-site-content-layout":"","site-content-style":"default","site-sidebar-style":"default","ast-global-header-display":"","ast-banner-title-visibility":"","ast-main-header-display":"","ast-hfb-above-header-display":"","ast-hfb-below-header-display":"","ast-hfb-mobile-header-display":"","site-post-title":"disabled","ast-breadcrumbs-content":"","ast-featured-img":"disabled","footer-sml-layout":"","theme-transparent-header-meta":"","adv-header-id-meta":"","stick-header-meta":"","header-above-stick-meta":"","header-main-stick-meta":"","header-below-stick-meta":"","astra-migrate-meta-layouts":"default","ast-page-background-enabled":"default","ast-page-background-meta":{"desktop":{"background-color":"var(--ast-global-color-4)","background-image":"","background-repeat":"repeat","background-position":"center center","background-size":"auto","background-attachment":"scroll","background-type":"","background-media":"","overlay-type":"","overlay-color":"","overlay-opacity":"","overlay-gradient":""},"tablet":{"background-color":"","background-image":"","background-repeat":"repeat","background-position":"center center","background-size":"auto","background-attachment":"scroll","background-type":"","background-media":"","overlay-type":"","overlay-color":"","overlay-opacity":"","overlay-gradient":""},"mobile":{"background-color":"","background-image":"","background-repeat":"repeat","background-position":"center center","background-size":"auto","background-attachment":"scroll","background-type":"","background-media":"","overlay-type":"","overlay-color":"","overlay-opacity":"","overlay-gradient":""}},"ast-content-background-meta":{"desktop":{"background-color":"var(--ast-global-color-5)","background-image":"","background-repeat":"repeat","background-position":"center center","background-size":"auto","background-attachment":"scroll","background-type":"","background-media":"","overlay-type":"","overlay-color":"","overlay-opacity":"","overlay-gradient":""},"tablet":{"background-color":"var(--ast-global-color-5)","background-image":"","background-repeat":"repeat","background-position":"center center","background-size":"auto","background-attachment":"scroll","background-type":"","background-media":"","overlay-type":"","overlay-color":"","overlay-opacity":"","overlay-gradient":""},"mobile":{"background-color":"var(--ast-global-color-5)","background-image":"","background-repeat":"repeat","background-position":"center center","background-size":"auto","background-attachment":"scroll","background-type":"","background-media":"","overlay-type":"","overlay-color":"","overlay-opacity":"","overlay-gradient":""}},"footnotes":""},"class_list":["post-2722","page","type-page","status-publish","hentry"],"yoast_head":"<!-- This site is optimized with the Yoast SEO plugin v22.8 - https:\/\/yoast.com\/wordpress\/plugins\/seo\/ -->\n<title>Tournaments List Asia - GamerBook<\/title>\n<meta name=\"robots\" content=\"index, follow, max-snippet:-1, max-image-preview:large, max-video-preview:-1\" \/>\n<link rel=\"canonical\" href=\"https:\/\/gamer-book.com\/tr\/list-cvs2-asia\/\" \/>\n<meta property=\"og:locale\" content=\"tr_TR\" \/>\n<meta property=\"og:type\" content=\"article\" \/>\n<meta property=\"og:title\" content=\"Tournaments List Asia - GamerBook\" \/>\n<meta property=\"og:url\" content=\"https:\/\/gamer-book.com\/tr\/list-cvs2-asia\/\" \/>\n<meta property=\"og:site_name\" content=\"GamerBook\" \/>\n<meta property=\"article:modified_time\" content=\"2022-04-18T09:09:16+00:00\" \/>\n<meta name=\"twitter:card\" content=\"summary_large_image\" \/>\n<meta name=\"twitter:label1\" content=\"Tahmini okuma s\u00fcresi\" \/>\n\t<meta name=\"twitter:data1\" content=\"1 dakika\" \/>\n<script type=\"application\/ld+json\" class=\"yoast-schema-graph\">{\"@context\":\"https:\/\/schema.org\",\"@graph\":[{\"@type\":\"WebPage\",\"@id\":\"https:\/\/gamer-book.com\/list-cvs2-asia\/\",\"url\":\"https:\/\/gamer-book.com\/list-cvs2-asia\/\",\"name\":\"Tournaments List Asia - GamerBook\",\"isPartOf\":{\"@id\":\"https:\/\/gamer-book.com\/#website\"},\"datePublished\":\"2022-04-18T06:15:33+00:00\",\"dateModified\":\"2022-04-18T09:09:16+00:00\",\"inLanguage\":\"tr\",\"potentialAction\":[{\"@type\":\"ReadAction\",\"target\":[\"https:\/\/gamer-book.com\/list-cvs2-asia\/\"]}]},{\"@type\":\"WebSite\",\"@id\":\"https:\/\/gamer-book.com\/#website\",\"url\":\"https:\/\/gamer-book.com\/\",\"name\":\"GamerBook\",\"description\":\"For gamers, by gamers\",\"publisher\":{\"@id\":\"https:\/\/gamer-book.com\/#organization\"},\"potentialAction\":[{\"@type\":\"SearchAction\",\"target\":{\"@type\":\"EntryPoint\",\"urlTemplate\":\"https:\/\/gamer-book.com\/?s={search_term_string}\"},\"query-input\":\"required name=search_term_string\"}],\"inLanguage\":\"tr\"},{\"@type\":\"Organization\",\"@id\":\"https:\/\/gamer-book.com\/#organization\",\"name\":\"GamerBook\",\"url\":\"https:\/\/gamer-book.com\/\",\"logo\":{\"@type\":\"ImageObject\",\"inLanguage\":\"tr\",\"@id\":\"https:\/\/gamer-book.com\/#\/schema\/logo\/image\/\",\"url\":\"https:\/\/gamer-book.com\/wp-content\/uploads\/2016\/07\/cropped-logo-2.png\",\"contentUrl\":\"https:\/\/gamer-book.com\/wp-content\/uploads\/2016\/07\/cropped-logo-2.png\",\"width\":459,\"height\":75,\"caption\":\"GamerBook\"},\"image\":{\"@id\":\"https:\/\/gamer-book.com\/#\/schema\/logo\/image\/\"}}]}<\/script>\n<!-- \/ Yoast SEO plugin. -->","yoast_head_json":{"title":"Tournaments List Asia - GamerBook","robots":{"index":"index","follow":"follow","max-snippet":"max-snippet:-1","max-image-preview":"max-image-preview:large","max-video-preview":"max-video-preview:-1"},"canonical":"https:\/\/gamer-book.com\/tr\/list-cvs2-asia\/","og_locale":"tr_TR","og_type":"article","og_title":"Tournaments List Asia - GamerBook","og_url":"https:\/\/gamer-book.com\/tr\/list-cvs2-asia\/","og_site_name":"GamerBook","article_modified_time":"2022-04-18T09:09:16+00:00","twitter_card":"summary_large_image","twitter_misc":{"Tahmini okuma s\u00fcresi":"1 dakika"},"schema":{"@context":"https:\/\/schema.org","@graph":[{"@type":"WebPage","@id":"https:\/\/gamer-book.com\/list-cvs2-asia\/","url":"https:\/\/gamer-book.com\/list-cvs2-asia\/","name":"Tournaments List Asia - GamerBook","isPartOf":{"@id":"https:\/\/gamer-book.com\/#website"},"datePublished":"2022-04-18T06:15:33+00:00","dateModified":"2022-04-18T09:09:16+00:00","inLanguage":"tr","potentialAction":[{"@type":"ReadAction","target":["https:\/\/gamer-book.com\/list-cvs2-asia\/"]}]},{"@type":"WebSite","@id":"https:\/\/gamer-book.com\/#website","url":"https:\/\/gamer-book.com\/","name":"GamerBook","description":"For gamers, by gamers","publisher":{"@id":"https:\/\/gamer-book.com\/#organization"},"potentialAction":[{"@type":"SearchAction","target":{"@type":"EntryPoint","urlTemplate":"https:\/\/gamer-book.com\/?s={search_term_string}"},"query-input":"required name=search_term_string"}],"inLanguage":"tr"},{"@type":"Organization","@id":"https:\/\/gamer-book.com\/#organization","name":"GamerBook","url":"https:\/\/gamer-book.com\/","logo":{"@type":"ImageObject","inLanguage":"tr","@id":"https:\/\/gamer-book.com\/#\/schema\/logo\/image\/","url":"https:\/\/gamer-book.com\/wp-content\/uploads\/2016\/07\/cropped-logo-2.png","contentUrl":"https:\/\/gamer-book.com\/wp-content\/uploads\/2016\/07\/cropped-logo-2.png","width":459,"height":75,"caption":"GamerBook"},"image":{"@id":"https:\/\/gamer-book.com\/#\/schema\/logo\/image\/"}}]}},"_links":{"self":[{"href":"https:\/\/gamer-book.com\/tr\/wp-json\/wp\/v2\/pages\/2722","targetHints":{"allow":["GET"]}}],"collection":[{"href":"https:\/\/gamer-book.com\/tr\/wp-json\/wp\/v2\/pages"}],"about":[{"href":"https:\/\/gamer-book.com\/tr\/wp-json\/wp\/v2\/types\/page"}],"author":[{"embeddable":true,"href":"https:\/\/gamer-book.com\/tr\/wp-json\/wp\/v2\/users\/1"}],"replies":[{"embeddable":true,"href":"https:\/\/gamer-book.com\/tr\/wp-json\/wp\/v2\/comments?post=2722"}],"version-history":[{"count":0,"href":"https:\/\/gamer-book.com\/tr\/wp-json\/wp\/v2\/pages\/2722\/revisions"}],"wp:attachment":[{"href":"https:\/\/gamer-book.com\/tr\/wp-json\/wp\/v2\/media?parent=2722"}],"curies":[{"name":"wp","href":"https:\/\/api.w.org\/{rel}","templated":true}]}}