{"id":3099,"date":"2023-01-27T09:39:55","date_gmt":"2023-01-27T09:39:55","guid":{"rendered":"https:\/\/gamer-book.com\/?page_id=3099"},"modified":"2024-06-06T04:10:54","modified_gmt":"2024-06-06T04:10:54","slug":"support-gamerbook","status":"publish","type":"page","link":"https:\/\/gamer-book.com\/tr\/support-gamerbook\/","title":{"rendered":"Support GamerBook"},"content":{"rendered":"<div class=\"vc_row wpb_row vc_row-fluid\"><div class=\"wpb_column vc_column_container vc_col-sm-12\"><div class=\"vc_column-inner vc_custom_1685624616230\"><div class=\"wpb_wrapper\">\n\t<div  class=\"wpb_single_image wpb_content_element vc_align_center\">\n\t\t\n\t\t<figure class=\"wpb_wrapper vc_figure\">\n\t\t\t<div class=\"vc_single_image-wrapper   vc_box_border_grey\"><img fetchpriority=\"high\" decoding=\"async\" class=\"vc_single_image-img\" src=\"https:\/\/gamer-book.com\/wp-content\/uploads\/2023\/01\/banneryoutubev2-600x338.jpg\" width=\"600\" height=\"338\" alt=\"GamerBook, Multi Gaming Social Networks\" title=\"Oyuncu Kitab\u0131\" \/><\/div>\n\t\t<\/figure>\n\t<\/div>\n\n\t<div class=\"wpb_text_column wpb_content_element\" >\n\t\t<div class=\"wpb_wrapper\">\n\t\t\t<h1 style=\"text-align: center;\"><span style=\"font-family: 'book antiqua', palatino, serif;\">GamerBook geli\u015ftiricisinin s\u00f6z\u00fc<\/span><\/h1>\n\n\t\t<\/div>\n\t<\/div>\n\t\t\r\n\t\t\r\n\t\t\t\t\t<div class=\"mega-testimonial-3\">\r\n\t\t\t\t<img decoding=\"async\" src=\"https:\/\/gamer-book.com\/wp-content\/uploads\/2022\/02\/dev.jpg\" alt=\"\" style=\"width: 100px; border-radius: 100%; box-shadow: 0 0 7px 0 rgba(0, 0, 0, 0.3);-webkit-box-shadow: 0 0 7px 0 rgba(0, 0, 0, 0.3); -moz-box-shadow: 0 0 7px 0 rgba(0, 0, 0, 0.3); -o-box-shadow: 0 0 7px 0 rgba(0, 0, 0, 0.3); border: 1px solid #fff;\">\r\n\t\t\t\t\t<i class=\"fa fa-quote-left\" style=\"text-align: center; display: block; font-size: 20px;padding: 10px 0 4px 0;color: #000;\"><\/i>\r\n\t\t\t\t<div class=\"tm-profile3\">\r\n\t\t\t\t\t<p style=\"text-align: center; font-style: italic;\">\r\n\t\t\t\t\t\t<p style=\"text-align: center\"><span style=\"font-size: 18pt\">Oyuncu hayallerimizi ger\u00e7ekle\u015ftirmemize yard\u0131mc\u0131 olun!<\/span><\/p>\n\t\t\t\t\t<\/p>\r\n\t\t\t\t<\/div>\r\n\t\t\t\t<div class=\"tm-prof3\" style=\"text-align: center; margin: 15px 0 5px 0;\">\r\n\t\t\t\t\t<p style=\"font-size: 14px; color: #000000; font-weight: bold; text-align: center;\">Oyuncu Kitab\u0131 ekibi<\/p>\r\n\t\t\t\t\t<p style=\"text-align: center;\">\r\n\t\t\t\t\t\t<a href=\"\" target=\"\" title=\"\" style=\"color: #000000; font-size: 14px; font-style: italic; text-decoration: none; \">\r\n\t\t\t\t\t\t\t\t\t\t\t\t\t<\/a>\r\n\t\t\t\t\t<\/p>\r\n\t\t\t\t<\/div>\r\n\t\t\t\t\t\t\t<\/div>\r\n\t\t\r\n\t\t\r\n\t\t\r\n\t\t\r\n\t\t\t\t\r\n\t\t<div class=\"vc_tta-container vc_tta-o-non-responsive\" data-vc-action=\"collapse\" data-vc-tta-autoplay=\"{&quot;delay&quot;:10000}\"><div class=\"vc_general vc_tta vc_tta-tabs vc_tta-o-shape-group vc_tta-has-pagination vc_tta-o-no-fill vc_tta-tabs-position-top  vc_tta-pageable\"><div class=\"vc_tta-panels-container\"><ul class=\"vc_general vc_pagination vc_pagination-style-outline vc_pagination-shape-round vc_pagination-color-sky\"><li class=\"vc_pagination-item vc_active\" data-vc-tab><a href=\"#1674363628205-333ac562-e732\" class=\"vc_pagination-trigger\" data-vc-tabs data-vc-container=\".vc_tta\"><\/a><\/li><li class=\"vc_pagination-item\" data-vc-tab><a href=\"#1674363696797-2878e412-19b7\" class=\"vc_pagination-trigger\" data-vc-tabs data-vc-container=\".vc_tta\"><\/a><\/li><li class=\"vc_pagination-item\" data-vc-tab><a href=\"#1674364118499-9ccd1cb3-1f3f\" class=\"vc_pagination-trigger\" data-vc-tabs data-vc-container=\".vc_tta\"><\/a><\/li><li class=\"vc_pagination-item\" data-vc-tab><a href=\"#1674458647085-75b6d564-2fa4\" class=\"vc_pagination-trigger\" data-vc-tabs data-vc-container=\".vc_tta\"><\/a><\/li><\/ul><div class=\"vc_tta-panels\"><div  class=\"vc_tta-panel vc_active\" id=\"1674363628205-333ac562-e732\" data-vc-content=\".vc_tta-panel-body\"><div class=\"vc_tta-panel-body\">\n\t\t\t<span class=\"vc_tta-panel-title\">\n\t\t\t\t<a  data-vc-container=\".vc_tta-container\" data-vc-accordion=\"\" data-vc-target=\"#1674363628205-333ac562-e732\"><\/a>\n\t\t\t<\/span>\n\t\t\n\t<div class=\"wpb_text_column wpb_content_element\" >\n\t\t<div class=\"wpb_wrapper\">\n\t\t\t<blockquote>\n<p style=\"text-align: center;\"><span style=\"font-size: 14pt;\"><strong>\u201cGer\u00e7ek sosyal a\u011f platformlar\u0131n\u0131n \u00e7ok g\u00fczel oldu\u011funa ancak oyuncular i\u00e7in pek iyi uyarlanmad\u0131\u011f\u0131na inan\u0131yoruz.<br \/>\nBa\u015fkalar\u0131na \u00e7ok a\u00e7\u0131k veya \u00e7ok gizli ve eri\u015filmesi zor olsun,<br \/>\nger\u00e7ek ara\u00e7lar oyuncular olarak beklentilerimizi tam olarak kar\u015f\u0131lam\u0131yor.&quot;<\/strong><\/span><\/p>\n<\/blockquote>\n\n\t\t<\/div>\n\t<\/div>\n<\/div><\/div><div  class=\"vc_tta-panel\" id=\"1674363696797-2878e412-19b7\" data-vc-content=\".vc_tta-panel-body\"><div class=\"vc_tta-panel-body\">\n\t\t\t<span class=\"vc_tta-panel-title\">\n\t\t\t\t<a  data-vc-container=\".vc_tta-container\" data-vc-accordion=\"\" data-vc-target=\"#1674363696797-2878e412-19b7\"><\/a>\n\t\t\t<\/span>\n\t\t\n\t<div class=\"wpb_text_column wpb_content_element\" >\n\t\t<div class=\"wpb_wrapper\">\n\t\t\t<blockquote>\n<p style=\"text-align: center;\"><span style=\"font-size: 14pt;\"><strong>\u201cHer birinin etraf\u0131nda tam \u00f6zel alanlar\u0131n yarat\u0131ld\u0131\u011f\u0131na inan\u0131yoruz.<br \/>\nOyunun (veya etkinliklerin) \u00f6zellikleri sosyal a\u011f\u0131n gelece\u011fidir.<br \/>\nProjemiz, her oyuna di\u011fer tutkulu ki\u015filerle payla\u015fmak ve bulu\u015fmak i\u00e7in ki\u015fiselle\u015ftirilmi\u015f bir alan sunmakt\u0131r.&quot;<\/strong><\/span><\/p>\n<\/blockquote>\n\n\t\t<\/div>\n\t<\/div>\n<\/div><\/div><div  class=\"vc_tta-panel\" id=\"1674364118499-9ccd1cb3-1f3f\" data-vc-content=\".vc_tta-panel-body\"><div class=\"vc_tta-panel-body\">\n\t\t\t<span class=\"vc_tta-panel-title\">\n\t\t\t\t<a  data-vc-container=\".vc_tta-container\" data-vc-accordion=\"\" data-vc-target=\"#1674364118499-9ccd1cb3-1f3f\"><\/a>\n\t\t\t<\/span>\n\t\t\n\t<div class=\"wpb_text_column wpb_content_element\" >\n\t\t<div class=\"wpb_wrapper\">\n\t\t\t<blockquote>\n<p style=\"text-align: center;\"><span style=\"font-size: 14pt;\"><strong>\u201cFakat bir Sosyal A\u011f oyunu olu\u015fturmak bizden \u00e7ok fazla zaman ve \u00e7al\u0131\u015fma gerektiriyor.<br \/>\nBu proje \u015fimdilik sadece bir yan faaliyet ve ge\u00e7imimizi sa\u011flamak i\u00e7in i\u015fimizle u\u011fra\u015fmak zorunday\u0131z.<br \/>\n100%&#039;yi bu projeye odaklamak, onu do\u011fru bir \u015firket haline getirmek istiyoruz.<br \/>\nve t\u00fcm fikirlerimizi iyile\u015ftirip geli\u015ftirebilmek.<br \/>\n\u00c7al\u0131\u015fmam\u0131z\u0131 destekleyin ve oyununuzu \u00f6nceli\u011fimiz haline getirmek ve kullan\u0131labilir hale getirmek i\u00e7in destekleyin!<\/strong><\/span><\/p>\n<\/blockquote>\n\n\t\t<\/div>\n\t<\/div>\n<\/div><\/div><div  class=\"vc_tta-panel\" id=\"1674458647085-75b6d564-2fa4\" data-vc-content=\".vc_tta-panel-body\"><div class=\"vc_tta-panel-body\">\n\t\t\t<span class=\"vc_tta-panel-title\">\n\t\t\t\t<a  data-vc-container=\".vc_tta-container\" data-vc-accordion=\"\" data-vc-target=\"#1674458647085-75b6d564-2fa4\"><\/a>\n\t\t\t<\/span>\n\t\t\n\t<div class=\"wpb_text_column wpb_content_element\" >\n\t\t<div class=\"wpb_wrapper\">\n\t\t\t<blockquote>\n<p style=\"text-align: center;\"><span style=\"font-size: 14pt;\"><strong>\u201cProjelerimize g\u00fc\u00e7l\u00fc bir \u015fekilde inan\u0131yoruz ve milyonlarca kullan\u0131c\u0131y\u0131 bir araya getirmeyi umuyoruz.<br \/>\nHer t\u00fcrl\u00fc yard\u0131m memnuniyetle kar\u015f\u0131lan\u0131r ve bize elinizden gelen her miktarda destek olabilirsiniz.<br \/>\nHerhangi bir miktar zaten b\u00fcy\u00fck bir yard\u0131m olacak ve \u00e7ok makbule ge\u00e7ecek.<br \/>\nDeste\u011finiz i\u00e7in \u00e7ok te\u015fekk\u00fcr ederim ve yak\u0131nda en sevdi\u011finiz oyun odas\u0131nda g\u00f6r\u00fc\u015fmek \u00fczere.\u201d<\/strong><\/span><\/p>\n<\/blockquote>\n\n\t\t<\/div>\n\t<\/div>\n<\/div><\/div><\/div><\/div><\/div><\/div>\n\t<div class=\"wpb_text_column wpb_content_element\" >\n\t\t<div class=\"wpb_wrapper\">\n\t\t\t<h2>GamerBook nedir?<\/h2>\n<p class=\" translation-block\"><span style=\"font-size: 14pt\">GamerBook, oyuncular taraf\u0131ndan oyuncular i\u00e7in olu\u015fturulan yeni bir <strong>\u00c7oklu Oyun Sosyal A\u011f\u0131d\u0131r<\/strong> .<\/span><br> <span style=\"font-size: 14pt\">Sosyal A\u011flar\u0131n son ony\u0131llardaki format\u0131n\u0131n \u015fu \u015fekilde oldu\u011funa kuvvetle inan\u0131yoruz:<br> eskimi\u015ftir ve art\u0131k oyun oynamaya pek iyi uyarlanmam\u0131\u015ft\u0131r.<\/span><br> <span style=\"font-size: 14pt\">Aileyi, arkada\u015flar\u0131, i\u015fi, ilgisiz yabanc\u0131lar\u0131 kar\u0131\u015ft\u0131rmak,<br> ve t\u00fcm ilgi alanlar\u0131n\u0131z\u0131n tek bir sosyal a\u011fda toplanmas\u0131 baz\u0131 a\u00e7\u0131lardan kafa kar\u0131\u015ft\u0131r\u0131c\u0131 ve utan\u00e7 verici olabilir.<\/span><br> <span style=\"font-size: 14pt\">GamerBook, t\u00fcm oyun topluluklar\u0131na keyifli ve kullan\u0131\u015fl\u0131 bir yer sunmay\u0131 ama\u00e7l\u0131yor<br> \u00f6zel oyun sosyal a\u011f sistemlerinde al\u0131\u015fveri\u015f yapabilecekleri yerlerde bir araya gelmek.<\/span><br> <span style=\"font-size: 14pt\">Biz de \u00e7ok gizli ara\u00e7lar\u0131n ve \u00f6zel gruplar\u0131n hayran\u0131 de\u011filiz.<br> ve her farkl\u0131 video oyununa \u00f6zel, kolayca eri\u015filebilen a\u00e7\u0131k ve kamusal alanlara sahip olmak istiyoruz.<\/span><br> <span style=\"font-size: 14pt\">Bilgileri, oyuncular\u0131 ve iyile\u015ftirme tavsiyelerini kolayca bulabilece\u011finiz tek yer,<br> t\u00fcm favori rekabet\u00e7i oyunlar\u0131n\u0131za ili\u015fkin etkinlikler ve sonu\u00e7lar.<\/span><\/p>\n<p>Her oyun benzersizdir. Bu nedenle her oyunun kendine \u00f6zg\u00fc Sosyal a\u011f ve \u00f6zelliklere sahip olmas\u0131n\u0131 istiyoruz.<br \/>\nD\u00fcnya \u00e7ap\u0131nda her oyunun odas\u0131nda \u015funlar\u0131 bulacaks\u0131n\u0131z:<\/p>\n<ul>\n<li>En son haberler ve etkinlik raporlar\u0131<\/li>\n<li>Oyuna \u00f6zel bir Sosyal A\u011f sistemi<\/li>\n<li>Gizli bir Tart\u0131\u015fma Panosu<\/li>\n<li>Her t\u00fcr oynat\u0131c\u0131y\u0131 kolayca bulmak ve ba\u011flant\u0131 kurmak i\u00e7in Arama i\u015flevi<\/li>\n<li>Kolayca uyarlanabilen rakipleri bulmak i\u00e7in bir E\u015fle\u015ftirme sistemi<\/li>\n<li>S\u0131ralama ve Lig sistemi<\/li>\n<li>Fiyatlar\u0131yla Tonlarca \u00c7evrimi\u00e7i Turnuva<\/li>\n<\/ul>\n<p>S\u0131radan oyunculardan profesyonel oyunculara kadar her seviyeden oyuncuyu bulabilir ve onlara meydan okuyabilirsiniz.<br \/>\nE\u011flence veya Para Ma\u00e7lar\u0131 i\u00e7in di\u011fer oyuncularla rekabet edebilir ve onlara meydan okuyabilir, bir\u00e7ok \u00f6d\u00fcl kazanmak i\u00e7in turnuvalar\u0131m\u0131za ve ligimize kat\u0131labilirsiniz.<br \/>\nBir organizat\u00f6r olarak etkinliklerinizi tan\u0131tmak, finanse etmek ve daha b\u00fcy\u00fck \u00f6d\u00fcl havuzlar\u0131n\u0131 art\u0131rmak i\u00e7in platformumuzu kullanabilirsiniz.<br \/>\nBir tak\u0131m veya sponsor olarak de\u011ferli oyuncular\u0131 bulabilecek ve herhangi bir etkinli\u011fe veya oyuncuya sponsor olman\u0131n bir yolunu bulabileceksiniz.<br \/>\n\u00c7evrimi\u00e7i ligler, turnuvalar gibi d\u00fczenli etkinlikler d\u00fczenlemeyi planl\u0131yoruz.<\/p>\n<p>Proje iddial\u0131 ama ne yaz\u0131k ki tutkulu oyunculardan olu\u015fan k\u00fc\u00e7\u00fck bir ekip taraf\u0131ndan profesyonelce geli\u015ftirilmiyor.<br \/>\nHer oyunun kendine has \u00f6zellikleri oldu\u011fundan, her oyun i\u00e7in bireysel, tek tek, spesifik ve tamamen ayr\u0131lm\u0131\u015f alanlar geli\u015ftirmeyi planl\u0131yoruz.<br \/>\nBu projenin h\u0131zl\u0131 ve duyarl\u0131 sunucularda \u00e7al\u0131\u015fan bir mobil Uygulamaya d\u00f6n\u00fc\u015ft\u00fcr\u00fclmesini istiyoruz.<br \/>\n\u015eimdilik sadece i\u015fimizden sonraki bo\u015f zamanlar\u0131m\u0131zda \u00e7al\u0131\u015fabiliyoruz.<br \/>\nBu projeye ve daha fazlas\u0131na adanm\u0131\u015f bir \u015firket kurabilmeyi ger\u00e7ekten umuyoruz.<br \/>\nBunun i\u00e7in sponsorlar ve deste\u011finizi bulmay\u0131 umuyoruz, b\u00f6ylece hayalimizi ger\u00e7ekle\u015ftirebiliriz.<br \/>\nve oyun d\u00fcnyas\u0131n\u0131 tamamen de\u011fi\u015ftirece\u011fiz.<\/p>\n<p>\u00c7evrenizde payla\u015farak ve sevdi\u011finiz oyuna kay\u0131t olarak projemize destek olabilirsiniz.<br \/>\nHer t\u00fcrl\u00fc sponsorluk ve destek memnuniyetle kar\u015f\u0131lanacakt\u0131r.<br \/>\nBu projenin en b\u00fcy\u00fck g\u00fcc\u00fc ve amac\u0131 oyuncular\u0131 bir araya toplamakt\u0131r.<br \/>\nonlara \u015fimdiye kadarki en iyi deneyimi ve ba\u011flant\u0131lar\u0131 sunmak.<br \/>\nBu projeye ger\u00e7ekten inan\u0131yoruz ve kalbimizin derinliklerinden umut ediyoruz<br \/>\nvideo oyun end\u00fcstrisinin oyunlar\u0131ndaki en iyi ara\u00e7 haline gelece\u011fini.<\/p>\n<p>En sevdi\u011finiz oyunu ve projemizi ba\u011f\u0131\u015flayarak veya ba\u011f\u0131\u015f yaparak destekleyebilirsiniz.\u00a0<a href=\"https:\/\/www.patreon.com\/Gamerbook_support\" target=\"_blank\" rel=\"noopener\">bizim Patreon&#039;umuz<\/a>.<br \/>\nDestek alan oyunlar \u00fczerinde \u00f6ncelikli olarak \u00e7al\u0131\u015faca\u011f\u0131z, bu nedenle favori oyununuzu daha h\u0131zl\u0131 kullan\u0131labilir hale getirmek i\u00e7in desteklemekten \u00e7ekinmeyin.<br \/>\nHer t\u00fcrl\u00fc sponsorluk ve destek memnuniyetle kar\u015f\u0131lanacakt\u0131r.<\/p>\n\n\t\t<\/div>\n\t<\/div>\n<\/div><\/div><\/div><\/div><div class=\"vc_row wpb_row vc_row-fluid vc_custom_1646481115078\"><div class=\"wpb_column vc_column_container vc_col-sm-12\"><div class=\"vc_column-inner\"><div class=\"wpb_wrapper\">\n\t<div class=\"wpb_text_column wpb_content_element\" >\n\t\t<div class=\"wpb_wrapper\">\n\t\t\t<p style=\"text-align: center;\"><div class=\"give-embed-form-wrapper\" id=\"give-69e62f625337e\"><iframe\n\t\t\t\tname=\"give-embed-form\"\n\t\t\t\tsrc=\"https:\/\/gamer-book.com\/tr\/give\/support-gamerbook?giveDonationFormInIframe=1\"\n\t\t\t\t\n\t\t\t\tdata-autoscroll=\"0\"\n\t\t\t\tonload=\"if( 'undefined' !== typeof Give ) { Give.initializeIframeResize(this) }\"\n\t\t\t\tstyle=\"border: 0;visibility: hidden;min-height: 598px;\"><\/iframe><div class=\"iframe-loader\">\n<div style=\"\t\theight: calc(100% - 28px);\t\twidth: calc(100% - 20px);\t\tmax-width: 552px;\t\tmargin: 10px auto 10px auto;\t\tbackground: #fff;\t\tborder-radius: 6px;\t\tdisplay: flex;\t\talign-items: center;\t\tjustify-content: center;\t\t-webkit-box-shadow: 0 2px 2px 0 rgba(0, 0, 0, 0.14),\t\t\t0 3px 1px -2px rgba(0, 0, 0, 0.2),\t\t\t0 1px 5px 0 rgba(0, 0, 0, 0.12);\t\tbox-shadow: 0 2px 2px 0 rgba(0, 0, 0, 0.14),\t\t\t0 3px 1px -2px rgba(0, 0, 0, 0.2),\t\t\t0 1px 5px 0 rgba(0, 0, 0, 0.12);\t\">\n    <div style=\"        pointer-events: none;        height: 90px;        width: 90px;        background-image: url(&quot;data:image\/svg+xml;charset=utf8,%3C?xml version='1.0' encoding='utf-8'?%3E%3C!-- Generator: Adobe Illustrator 24.1.0, SVG Export Plug-In . SVG Version: 6.00 Build 0) --%3E%3Csvg version='1.1' id='Layer_1' xmlns='http:\/\/www.w3.org\/2000\/svg' xmlns:xlink='http:\/\/www.w3.org\/1999\/xlink' x='0px' y='0px' viewBox='0 0 349 348' style='enable-background:new 0 0 349 348;' xml:space='preserve'%3E%3Cstyle type='text\/css'%3E .st0{fill:%230170b9;} %3C\/style%3E%3Cpath class='st0' d='M25.1,204.57c-13.38,0-24.47-10.6-24.97-24.08C0.04,178.09,0,175.97,0,174C0,77.78,78.28-0.5,174.5-0.5 c13.81,0,25,11.19,25,25s-11.19,25-25,25C105.85,49.5,50,105.35,50,174c0,1.37,0.03,2.85,0.1,4.65c0.51,13.8-10.27,25.39-24.07,25.9 C25.72,204.56,25.41,204.57,25.1,204.57z'\/%3E%3Cpath class='st0' d='M174.5,348.5c-13.81,0-25-11.19-25-25c0-13.81,11.19-25,25-25c68.65,0,124.5-55.85,124.5-124.5 c0-1.38-0.03-2.85-0.1-4.65c-0.51-13.8,10.26-25.4,24.06-25.91c13.83-0.53,25.4,10.26,25.91,24.06c0.09,2.39,0.13,4.51,0.13,6.49 C349,270.22,270.72,348.5,174.5,348.5z'\/%3E%3C\/svg%3E&quot;);        animation: spin 0.6s linear infinite;        \"><\/div>\n<\/div>\n<\/div><\/div>\n\n\t\t<\/div>\n\t<\/div>\n<\/div><\/div><\/div><\/div><div class=\"vc_row wpb_row vc_row-fluid\"><div class=\"wpb_column vc_column_container vc_col-sm-12\"><div class=\"vc_column-inner\"><div class=\"wpb_wrapper\">\n\t<div class=\"wpb_text_column wpb_content_element\" >\n\t\t<div class=\"wpb_wrapper\">\n\t\t\t<p style=\"text-align: center;\">Siz de projemizin patronu olarak bize destek olabilirsiniz.<br \/>\n(Ba\u011flant\u0131 alttaki altbilgidedir)<\/p>\n\n\t\t<\/div>\n\t<\/div>\n<\/div><\/div><\/div><\/div>","protected":false},"excerpt":{"rendered":"GamerBook developer's word Help us to make our Gamer dreams come true! GamerBook team \"We believe actual social network platforms are very nice but are not very well adapted for gamers. Whether too exposed to others or too hidden and difficult to access, actual tools don't fulfill our hopes as gamers perfectly.\" \"We believe that [...]","protected":false},"author":1,"featured_media":0,"parent":0,"menu_order":0,"comment_status":"closed","ping_status":"closed","template":"","meta":{"site-sidebar-layout":"no-sidebar","site-content-layout":"plain-container","ast-site-content-layout":"","site-content-style":"default","site-sidebar-style":"default","ast-global-header-display":"","ast-banner-title-visibility":"","ast-main-header-display":"","ast-hfb-above-header-display":"","ast-hfb-below-header-display":"","ast-hfb-mobile-header-display":"","site-post-title":"disabled","ast-breadcrumbs-content":"","ast-featured-img":"disabled","footer-sml-layout":"","theme-transparent-header-meta":"default","adv-header-id-meta":"","stick-header-meta":"","header-above-stick-meta":"","header-main-stick-meta":"","header-below-stick-meta":"","astra-migrate-meta-layouts":"default","ast-page-background-enabled":"default","ast-page-background-meta":{"desktop":{"background-color":"var(--ast-global-color-4)","background-image":"","background-repeat":"repeat","background-position":"center center","background-size":"auto","background-attachment":"scroll","background-type":"","background-media":"","overlay-type":"","overlay-color":"","overlay-opacity":"","overlay-gradient":""},"tablet":{"background-color":"","background-image":"","background-repeat":"repeat","background-position":"center center","background-size":"auto","background-attachment":"scroll","background-type":"","background-media":"","overlay-type":"","overlay-color":"","overlay-opacity":"","overlay-gradient":""},"mobile":{"background-color":"","background-image":"","background-repeat":"repeat","background-position":"center center","background-size":"auto","background-attachment":"scroll","background-type":"","background-media":"","overlay-type":"","overlay-color":"","overlay-opacity":"","overlay-gradient":""}},"ast-content-background-meta":{"desktop":{"background-color":"var(--ast-global-color-5)","background-image":"","background-repeat":"repeat","background-position":"center center","background-size":"auto","background-attachment":"scroll","background-type":"","background-media":"","overlay-type":"","overlay-color":"","overlay-opacity":"","overlay-gradient":""},"tablet":{"background-color":"var(--ast-global-color-5)","background-image":"","background-repeat":"repeat","background-position":"center center","background-size":"auto","background-attachment":"scroll","background-type":"","background-media":"","overlay-type":"","overlay-color":"","overlay-opacity":"","overlay-gradient":""},"mobile":{"background-color":"var(--ast-global-color-5)","background-image":"","background-repeat":"repeat","background-position":"center center","background-size":"auto","background-attachment":"scroll","background-type":"","background-media":"","overlay-type":"","overlay-color":"","overlay-opacity":"","overlay-gradient":""}},"footnotes":""},"class_list":["post-3099","page","type-page","status-publish","hentry"],"yoast_head":"<!-- This site is optimized with the Yoast SEO plugin v22.8 - https:\/\/yoast.com\/wordpress\/plugins\/seo\/ -->\n<title>Support GamerBook - GamerBook<\/title>\n<meta name=\"robots\" content=\"index, follow, max-snippet:-1, max-image-preview:large, max-video-preview:-1\" \/>\n<link rel=\"canonical\" href=\"https:\/\/gamer-book.com\/tr\/support-gamerbook\/\" \/>\n<meta property=\"og:locale\" content=\"tr_TR\" \/>\n<meta property=\"og:type\" content=\"article\" \/>\n<meta property=\"og:title\" content=\"Support GamerBook - GamerBook\" \/>\n<meta property=\"og:url\" content=\"https:\/\/gamer-book.com\/tr\/support-gamerbook\/\" \/>\n<meta property=\"og:site_name\" content=\"GamerBook\" \/>\n<meta property=\"article:modified_time\" content=\"2024-06-06T04:10:54+00:00\" \/>\n<meta name=\"twitter:card\" content=\"summary_large_image\" \/>\n<meta name=\"twitter:label1\" content=\"Tahmini okuma s\u00fcresi\" \/>\n\t<meta name=\"twitter:data1\" content=\"4 dakika\" \/>\n<script type=\"application\/ld+json\" class=\"yoast-schema-graph\">{\"@context\":\"https:\/\/schema.org\",\"@graph\":[{\"@type\":\"WebPage\",\"@id\":\"https:\/\/gamer-book.com\/support-gamerbook\/\",\"url\":\"https:\/\/gamer-book.com\/support-gamerbook\/\",\"name\":\"Support GamerBook - GamerBook\",\"isPartOf\":{\"@id\":\"https:\/\/gamer-book.com\/#website\"},\"datePublished\":\"2023-01-27T09:39:55+00:00\",\"dateModified\":\"2024-06-06T04:10:54+00:00\",\"inLanguage\":\"tr\",\"potentialAction\":[{\"@type\":\"ReadAction\",\"target\":[\"https:\/\/gamer-book.com\/support-gamerbook\/\"]}]},{\"@type\":\"WebSite\",\"@id\":\"https:\/\/gamer-book.com\/#website\",\"url\":\"https:\/\/gamer-book.com\/\",\"name\":\"GamerBook\",\"description\":\"For gamers, by gamers\",\"publisher\":{\"@id\":\"https:\/\/gamer-book.com\/#organization\"},\"potentialAction\":[{\"@type\":\"SearchAction\",\"target\":{\"@type\":\"EntryPoint\",\"urlTemplate\":\"https:\/\/gamer-book.com\/?s={search_term_string}\"},\"query-input\":\"required name=search_term_string\"}],\"inLanguage\":\"tr\"},{\"@type\":\"Organization\",\"@id\":\"https:\/\/gamer-book.com\/#organization\",\"name\":\"GamerBook\",\"url\":\"https:\/\/gamer-book.com\/\",\"logo\":{\"@type\":\"ImageObject\",\"inLanguage\":\"tr\",\"@id\":\"https:\/\/gamer-book.com\/#\/schema\/logo\/image\/\",\"url\":\"https:\/\/gamer-book.com\/wp-content\/uploads\/2016\/07\/cropped-logo-2.png\",\"contentUrl\":\"https:\/\/gamer-book.com\/wp-content\/uploads\/2016\/07\/cropped-logo-2.png\",\"width\":459,\"height\":75,\"caption\":\"GamerBook\"},\"image\":{\"@id\":\"https:\/\/gamer-book.com\/#\/schema\/logo\/image\/\"}}]}<\/script>\n<!-- \/ Yoast SEO plugin. -->","yoast_head_json":{"title":"Support GamerBook - GamerBook","robots":{"index":"index","follow":"follow","max-snippet":"max-snippet:-1","max-image-preview":"max-image-preview:large","max-video-preview":"max-video-preview:-1"},"canonical":"https:\/\/gamer-book.com\/tr\/support-gamerbook\/","og_locale":"tr_TR","og_type":"article","og_title":"Support GamerBook - GamerBook","og_url":"https:\/\/gamer-book.com\/tr\/support-gamerbook\/","og_site_name":"GamerBook","article_modified_time":"2024-06-06T04:10:54+00:00","twitter_card":"summary_large_image","twitter_misc":{"Tahmini okuma s\u00fcresi":"4 dakika"},"schema":{"@context":"https:\/\/schema.org","@graph":[{"@type":"WebPage","@id":"https:\/\/gamer-book.com\/support-gamerbook\/","url":"https:\/\/gamer-book.com\/support-gamerbook\/","name":"Support GamerBook - GamerBook","isPartOf":{"@id":"https:\/\/gamer-book.com\/#website"},"datePublished":"2023-01-27T09:39:55+00:00","dateModified":"2024-06-06T04:10:54+00:00","inLanguage":"tr","potentialAction":[{"@type":"ReadAction","target":["https:\/\/gamer-book.com\/support-gamerbook\/"]}]},{"@type":"WebSite","@id":"https:\/\/gamer-book.com\/#website","url":"https:\/\/gamer-book.com\/","name":"GamerBook","description":"For gamers, by gamers","publisher":{"@id":"https:\/\/gamer-book.com\/#organization"},"potentialAction":[{"@type":"SearchAction","target":{"@type":"EntryPoint","urlTemplate":"https:\/\/gamer-book.com\/?s={search_term_string}"},"query-input":"required name=search_term_string"}],"inLanguage":"tr"},{"@type":"Organization","@id":"https:\/\/gamer-book.com\/#organization","name":"GamerBook","url":"https:\/\/gamer-book.com\/","logo":{"@type":"ImageObject","inLanguage":"tr","@id":"https:\/\/gamer-book.com\/#\/schema\/logo\/image\/","url":"https:\/\/gamer-book.com\/wp-content\/uploads\/2016\/07\/cropped-logo-2.png","contentUrl":"https:\/\/gamer-book.com\/wp-content\/uploads\/2016\/07\/cropped-logo-2.png","width":459,"height":75,"caption":"GamerBook"},"image":{"@id":"https:\/\/gamer-book.com\/#\/schema\/logo\/image\/"}}]}},"_links":{"self":[{"href":"https:\/\/gamer-book.com\/tr\/wp-json\/wp\/v2\/pages\/3099","targetHints":{"allow":["GET"]}}],"collection":[{"href":"https:\/\/gamer-book.com\/tr\/wp-json\/wp\/v2\/pages"}],"about":[{"href":"https:\/\/gamer-book.com\/tr\/wp-json\/wp\/v2\/types\/page"}],"author":[{"embeddable":true,"href":"https:\/\/gamer-book.com\/tr\/wp-json\/wp\/v2\/users\/1"}],"replies":[{"embeddable":true,"href":"https:\/\/gamer-book.com\/tr\/wp-json\/wp\/v2\/comments?post=3099"}],"version-history":[{"count":3,"href":"https:\/\/gamer-book.com\/tr\/wp-json\/wp\/v2\/pages\/3099\/revisions"}],"predecessor-version":[{"id":3299,"href":"https:\/\/gamer-book.com\/tr\/wp-json\/wp\/v2\/pages\/3099\/revisions\/3299"}],"wp:attachment":[{"href":"https:\/\/gamer-book.com\/tr\/wp-json\/wp\/v2\/media?parent=3099"}],"curies":[{"name":"wp","href":"https:\/\/api.w.org\/{rel}","templated":true}]}}