{"id":2026,"date":"2022-03-04T08:58:06","date_gmt":"2022-03-04T08:58:06","guid":{"rendered":"https:\/\/gamer-book.com\/?page_id=2026"},"modified":"2022-04-14T07:36:30","modified_gmt":"2022-04-14T07:36:30","slug":"battle-room-cvs2","status":"publish","type":"page","link":"https:\/\/gamer-book.com\/vi\/battle-room-cvs2\/","title":{"rendered":"Ph\u00f2ng Chi\u1ebfn \u0111\u1ea5u CVS2"},"content":{"rendered":"<div class=\"vc_row wpb_row vc_row-fluid\"><div class=\"wpb_column vc_column_container vc_col-sm-6\"><div class=\"vc_column-inner vc_custom_1648730748097\"><div class=\"wpb_wrapper\">\n\t<div class=\"wpb_text_column wpb_content_element\" >\n\t\t<div class=\"wpb_wrapper\">\n\t\t\t<p>[dms_manual name=\u201d\u201d placeholder=\u201dGi\u1ea3i \u0111\u1ea5u Gamercoins\u201d target=\u201ddefault\u201d\u201d options=\u201dhttps:\/\/gamer-book.com\/battle-room-cvs2-free\/|Gi\u1ea3i \u0111\u1ea5u mi\u1ec5n ph\u00ed\u201d]<\/p>\n\n\t\t<\/div>\n\t<\/div>\n\t\t<div class=\"mega-line-container ma_heading_wrap270\">\r\n\t\t\t\r\n\t\t\t\r\n\t\t    \r\n\t\t    \r\n\t\t    \r\n\t\t    \t\t\t\t<div class=\"mega-line-icon\" style=\"text-align: left;\">  \r\n\t\t\t        <h2 style=\"font-size: 28px; color: #000000; text-transform: default; font-family:Bayon;font-weight:400;font-style:normal;\">\r\n\t\t\t        \tPh\u00f2ng chi\u1ebfn \u0111\u1ea5u Capcom vs SNK 2\t\t\t        <\/h2>\r\n\t\t\t        <div class=\"heading_desc\" style=\"line-height: 1;\">\r\n\t\t\t        \t\t\t\t        <\/div>\r\n\t\t\t        <div class=\"line-icon\" style=\"text-align: center; width: 230px; border-top: 2px solid #000000;\">\r\n\t\t\t        \t\t\t\t        \t\t\t\t        \t\t<img decoding=\"async\" src=\"https:\/\/gamer-book.com\/wp-content\/uploads\/2022\/03\/battle.png\">\r\n\t\t\t        \t\t\t\t        <\/div>\r\n\t\t\t    <\/div>\r\n\t\t          \t<\/div>\r\n\r\n      \t<style>\r\n\t\t\t.ma_heading_wrap270 .heading_desc *{\r\n\t\t\t\tfont-size: px;\r\n\t\t\t\tfont-family:Bayon;font-weight:400;font-style:normal;\r\n\t\t\t}\r\n      \t<\/style>\r\n\t\t<\/div><\/div><\/div><div class=\"widget-poker wpb_column vc_column_container vc_col-sm-6 vc_col-has-fill\"><div class=\"vc_column-inner vc_custom_1648717309341\"><div class=\"wpb_wrapper\"><div  class=\"wpb_widgetised_column wpb_content_element\">\n\t\t<div class=\"wpb_wrapper\">\n\t\t\t\n\t\t\t\n\t\t<\/div>\n\t<\/div>\n<\/div><\/div><\/div><\/div><div class=\"vc_row wpb_row vc_row-fluid\"><div class=\"wpb_column vc_column_container vc_col-sm-12\"><div class=\"vc_column-inner\"><div class=\"wpb_wrapper\">\n\t<div  class=\"wpb_single_image wpb_content_element vc_align_left\">\n\t\t\n\t\t<figure class=\"wpb_wrapper vc_figure\">\n\t\t\t<div class=\"vc_single_image-wrapper   vc_box_border_grey\"><img fetchpriority=\"high\" decoding=\"async\" width=\"1024\" height=\"236\" src=\"https:\/\/gamer-book.com\/wp-content\/uploads\/2022\/03\/covercvs2ryukyo-1024x236-1.jpg\" class=\"vc_single_image-img attachment-full\" alt=\"\" srcset=\"https:\/\/gamer-book.com\/wp-content\/uploads\/2022\/03\/covercvs2ryukyo-1024x236-1.jpg 1024w, https:\/\/gamer-book.com\/wp-content\/uploads\/2022\/03\/covercvs2ryukyo-1024x236-1-300x69.jpg 300w, https:\/\/gamer-book.com\/wp-content\/uploads\/2022\/03\/covercvs2ryukyo-1024x236-1-768x177.jpg 768w, https:\/\/gamer-book.com\/wp-content\/uploads\/2022\/03\/covercvs2ryukyo-1024x236-1-18x4.jpg 18w\" sizes=\"(max-width: 1024px) 100vw, 1024px\" \/><\/div>\n\t\t<\/figure>\n\t<\/div>\n\n\t<div class=\"wpb_text_column wpb_content_element\" >\n\t\t<div class=\"wpb_wrapper\">\n\t\t\t<h2>Ch\u00e0o m\u1eebng \u0111\u1ebfn v\u1edbi Ph\u00f2ng chi\u1ebfn \u0111\u1ea5u Gamerbook.<\/h2>\n<p>Gamerbook cho ph\u00e9p b\u1ea1n s\u1eed d\u1ee5ng ti\u1ec1n \u1ea3o c\u1ee7a ch\u00fang t\u00f4i, GamerCoins, \u0111\u1ec3 tham gia c\u00e1c gi\u1ea3i \u0111\u1ea5u tr\u1ef1c tuy\u1ebfn nh\u1ecf v\u1edbi nh\u1eefng ng\u01b0\u1eddi ch\u01a1i kh\u00e1c.<br \/>\nNh\u1eefng ng\u01b0\u1eddi chi\u1ebfn th\u1eafng s\u1ebd nh\u1eadn \u0111\u01b0\u1ee3c Gamercoins l\u00e0m ph\u1ea7n th\u01b0\u1edfng t\u00f9y thu\u1ed9c v\u00e0o t\u1eebng lo\u1ea1i gi\u1ea3i \u0111\u1ea5u.<br \/>\nB\u1ea1n c\u00f3 th\u1ec3 ch\u01a1i m\u00e0 kh\u00f4ng c\u1ea7n Gamercoin trong c\u00e1c gi\u1ea3i \u0111\u1ea5u Freeplay c\u1ee7a ch\u00fang t\u00f4i<br \/>\n<strong>N\u1ebfu b\u1ea1n kh\u00f4ng c\u00f3 kinh nghi\u1ec7m v\u1edbi tr\u00f2 ch\u01a1i n\u00e0y, ch\u00fang t\u00f4i th\u1ef1c s\u1ef1 khuy\u00ean b\u1ea1n kh\u00f4ng n\u00ean tham gia c\u00e1c gi\u1ea3i \u0111\u1ea5u tr\u1ea3 ph\u00ed v\u00e0 h\u00e3y th\u1eed <a href=\"https:\/\/gamer-book.com\/vi\/battle-room-cvs2-free\/\">gi\u1ea3i \u0111\u1ea5u mi\u1ec5n ph\u00ed<\/a> thay v\u00ec.<\/strong><\/p>\n<p>Ch\u01a1i tr\u1ef1c tuy\u1ebfn ng\u00e0y c\u00e0ng t\u1ed1t h\u01a1n nh\u01b0ng \u0111\u1ed1i v\u1edbi nh\u1eefng game \u0111\u1ed1i kh\u00e1ng nh\u01b0 Capcom vs SNK 2, th\u1eddi gian v\u00e0 \u0111\u1ed9 ch\u00ednh x\u00e1c l\u00e0 nh\u1eefng y\u1ebfu t\u1ed1 r\u1ea5t quan tr\u1ecdng.<br \/>\nV\u00ec v\u1eady, \u0111\u1ec3 tr\u00e1nh c\u00e1c v\u1ea5n \u0111\u1ec1 v\u1ec1 k\u1ebft n\u1ed1i v\u00e0 \u0111\u1ed9 tr\u1ec5 c\u00f3 th\u1ec3 \u1ea3nh h\u01b0\u1edfng \u0111\u1ebfn gi\u1ea3i \u0111\u1ea5u, ch\u00fang t\u00f4i \u0111\u00e3 chia c\u00e1c ph\u00f2ng th\u00e0nh c\u00e1c khu v\u1ef1c th\u1ebf gi\u1edbi.<br \/>\nVui l\u00f2ng ch\u1ecdn khu v\u1ef1c b\u1ea1n \u0111ang s\u1ed1ng tr\u00ean b\u1ea3n \u0111\u1ed3 b\u00ean d\u01b0\u1edbi.<\/p>\n\n\t\t<\/div>\n\t<\/div>\n\n\t<div class=\"wpb_text_column wpb_content_element\" >\n\t\t<div class=\"wpb_wrapper\">\n\t\t\t<p>[wd_map]<\/p>\n\n\t\t<\/div>\n\t<\/div>\n<\/div><\/div><\/div><\/div>","protected":false},"excerpt":{"rendered":"[dms_manual name=&quot;&quot; placeholder=&quot;Gi\u1ea3i \u0111\u1ea5u Gamercoins&quot; target=&quot;default&quot;&quot; options=&quot;https:\/\/gamer-book.com\/battle-room-cvs2-free\/|Gi\u1ea3i \u0111\u1ea5u mi\u1ec5n ph\u00ed&quot;] Battle Room Capcom vs. SNK 2 Ch\u00e0o m\u1eebng b\u1ea1n \u0111\u1ebfn v\u1edbi Gamerbook Battle Room. Gamerbook cho ph\u00e9p b\u1ea1n s\u1eed d\u1ee5ng ti\u1ec1n \u1ea3o c\u1ee7a ch\u00fang t\u00f4i, GamerCoins, \u0111\u1ec3 tham gia c\u00e1c gi\u1ea3i \u0111\u1ea5u tr\u1ef1c tuy\u1ebfn nh\u1ecf v\u1edbi nh\u1eefng ng\u01b0\u1eddi ch\u01a1i kh\u00e1c. Nh\u1eefng ng\u01b0\u1eddi chi\u1ebfn th\u1eafng s\u1ebd nh\u1eadn \u0111\u01b0\u1ee3c Gamercoin nh\u01b0 m\u1ed9t ph\u1ea7n th\u01b0\u1edfng t\u00f9y thu\u1ed9c v\u00e0o t\u1eebng lo\u1ea1i gi\u1ea3i \u0111\u1ea5u. ..]","protected":false},"author":1,"featured_media":0,"parent":0,"menu_order":0,"comment_status":"closed","ping_status":"closed","template":"","meta":{"site-sidebar-layout":"no-sidebar","site-content-layout":"boxed-container","ast-site-content-layout":"","site-content-style":"default","site-sidebar-style":"default","ast-global-header-display":"","ast-banner-title-visibility":"","ast-main-header-display":"","ast-hfb-above-header-display":"","ast-hfb-below-header-display":"","ast-hfb-mobile-header-display":"","site-post-title":"disabled","ast-breadcrumbs-content":"","ast-featured-img":"disabled","footer-sml-layout":"","theme-transparent-header-meta":"","adv-header-id-meta":"","stick-header-meta":"","header-above-stick-meta":"","header-main-stick-meta":"","header-below-stick-meta":"","astra-migrate-meta-layouts":"default","ast-page-background-enabled":"default","ast-page-background-meta":{"desktop":{"background-color":"var(--ast-global-color-4)","background-image":"","background-repeat":"repeat","background-position":"center center","background-size":"auto","background-attachment":"scroll","background-type":"","background-media":"","overlay-type":"","overlay-color":"","overlay-opacity":"","overlay-gradient":""},"tablet":{"background-color":"","background-image":"","background-repeat":"repeat","background-position":"center center","background-size":"auto","background-attachment":"scroll","background-type":"","background-media":"","overlay-type":"","overlay-color":"","overlay-opacity":"","overlay-gradient":""},"mobile":{"background-color":"","background-image":"","background-repeat":"repeat","background-position":"center center","background-size":"auto","background-attachment":"scroll","background-type":"","background-media":"","overlay-type":"","overlay-color":"","overlay-opacity":"","overlay-gradient":""}},"ast-content-background-meta":{"desktop":{"background-color":"var(--ast-global-color-5)","background-image":"","background-repeat":"repeat","background-position":"center center","background-size":"auto","background-attachment":"scroll","background-type":"","background-media":"","overlay-type":"","overlay-color":"","overlay-opacity":"","overlay-gradient":""},"tablet":{"background-color":"var(--ast-global-color-5)","background-image":"","background-repeat":"repeat","background-position":"center center","background-size":"auto","background-attachment":"scroll","background-type":"","background-media":"","overlay-type":"","overlay-color":"","overlay-opacity":"","overlay-gradient":""},"mobile":{"background-color":"var(--ast-global-color-5)","background-image":"","background-repeat":"repeat","background-position":"center center","background-size":"auto","background-attachment":"scroll","background-type":"","background-media":"","overlay-type":"","overlay-color":"","overlay-opacity":"","overlay-gradient":""}},"footnotes":""},"class_list":["post-2026","page","type-page","status-publish","hentry"],"yoast_head":"<!-- This site is optimized with the Yoast SEO plugin v22.8 - https:\/\/yoast.com\/wordpress\/plugins\/seo\/ -->\n<title>Battle Room CVS2 - GamerBook<\/title>\n<meta name=\"robots\" content=\"index, follow, max-snippet:-1, max-image-preview:large, max-video-preview:-1\" \/>\n<link rel=\"canonical\" href=\"https:\/\/gamer-book.com\/vi\/battle-room-cvs2\/\" \/>\n<meta property=\"og:locale\" content=\"vi_VN\" \/>\n<meta property=\"og:type\" content=\"article\" \/>\n<meta property=\"og:title\" content=\"Battle Room CVS2 - GamerBook\" \/>\n<meta property=\"og:url\" content=\"https:\/\/gamer-book.com\/vi\/battle-room-cvs2\/\" \/>\n<meta property=\"og:site_name\" content=\"GamerBook\" \/>\n<meta property=\"article:modified_time\" content=\"2022-04-14T07:36:30+00:00\" \/>\n<meta name=\"twitter:card\" content=\"summary_large_image\" \/>\n<meta name=\"twitter:label1\" content=\"\u01af\u1edbc t\u00ednh th\u1eddi gian \u0111\u1ecdc\" \/>\n\t<meta name=\"twitter:data1\" content=\"1 ph\u00fat\" \/>\n<script type=\"application\/ld+json\" class=\"yoast-schema-graph\">{\"@context\":\"https:\/\/schema.org\",\"@graph\":[{\"@type\":\"WebPage\",\"@id\":\"https:\/\/gamer-book.com\/battle-room-cvs2\/\",\"url\":\"https:\/\/gamer-book.com\/battle-room-cvs2\/\",\"name\":\"Battle Room CVS2 - GamerBook\",\"isPartOf\":{\"@id\":\"https:\/\/gamer-book.com\/#website\"},\"datePublished\":\"2022-03-04T08:58:06+00:00\",\"dateModified\":\"2022-04-14T07:36:30+00:00\",\"inLanguage\":\"vi\",\"potentialAction\":[{\"@type\":\"ReadAction\",\"target\":[\"https:\/\/gamer-book.com\/battle-room-cvs2\/\"]}]},{\"@type\":\"WebSite\",\"@id\":\"https:\/\/gamer-book.com\/#website\",\"url\":\"https:\/\/gamer-book.com\/\",\"name\":\"GamerBook\",\"description\":\"For gamers, by gamers\",\"publisher\":{\"@id\":\"https:\/\/gamer-book.com\/#organization\"},\"potentialAction\":[{\"@type\":\"SearchAction\",\"target\":{\"@type\":\"EntryPoint\",\"urlTemplate\":\"https:\/\/gamer-book.com\/?s={search_term_string}\"},\"query-input\":\"required name=search_term_string\"}],\"inLanguage\":\"vi\"},{\"@type\":\"Organization\",\"@id\":\"https:\/\/gamer-book.com\/#organization\",\"name\":\"GamerBook\",\"url\":\"https:\/\/gamer-book.com\/\",\"logo\":{\"@type\":\"ImageObject\",\"inLanguage\":\"vi\",\"@id\":\"https:\/\/gamer-book.com\/#\/schema\/logo\/image\/\",\"url\":\"https:\/\/gamer-book.com\/wp-content\/uploads\/2016\/07\/cropped-logo-2.png\",\"contentUrl\":\"https:\/\/gamer-book.com\/wp-content\/uploads\/2016\/07\/cropped-logo-2.png\",\"width\":459,\"height\":75,\"caption\":\"GamerBook\"},\"image\":{\"@id\":\"https:\/\/gamer-book.com\/#\/schema\/logo\/image\/\"}}]}<\/script>\n<!-- \/ Yoast SEO plugin. -->","yoast_head_json":{"title":"Battle Room CVS2 - GamerBook","robots":{"index":"index","follow":"follow","max-snippet":"max-snippet:-1","max-image-preview":"max-image-preview:large","max-video-preview":"max-video-preview:-1"},"canonical":"https:\/\/gamer-book.com\/vi\/battle-room-cvs2\/","og_locale":"vi_VN","og_type":"article","og_title":"Battle Room CVS2 - GamerBook","og_url":"https:\/\/gamer-book.com\/vi\/battle-room-cvs2\/","og_site_name":"GamerBook","article_modified_time":"2022-04-14T07:36:30+00:00","twitter_card":"summary_large_image","twitter_misc":{"\u01af\u1edbc t\u00ednh th\u1eddi gian \u0111\u1ecdc":"1 ph\u00fat"},"schema":{"@context":"https:\/\/schema.org","@graph":[{"@type":"WebPage","@id":"https:\/\/gamer-book.com\/battle-room-cvs2\/","url":"https:\/\/gamer-book.com\/battle-room-cvs2\/","name":"Battle Room CVS2 - GamerBook","isPartOf":{"@id":"https:\/\/gamer-book.com\/#website"},"datePublished":"2022-03-04T08:58:06+00:00","dateModified":"2022-04-14T07:36:30+00:00","inLanguage":"vi","potentialAction":[{"@type":"ReadAction","target":["https:\/\/gamer-book.com\/battle-room-cvs2\/"]}]},{"@type":"WebSite","@id":"https:\/\/gamer-book.com\/#website","url":"https:\/\/gamer-book.com\/","name":"GamerBook","description":"For gamers, by gamers","publisher":{"@id":"https:\/\/gamer-book.com\/#organization"},"potentialAction":[{"@type":"SearchAction","target":{"@type":"EntryPoint","urlTemplate":"https:\/\/gamer-book.com\/?s={search_term_string}"},"query-input":"required name=search_term_string"}],"inLanguage":"vi"},{"@type":"Organization","@id":"https:\/\/gamer-book.com\/#organization","name":"GamerBook","url":"https:\/\/gamer-book.com\/","logo":{"@type":"ImageObject","inLanguage":"vi","@id":"https:\/\/gamer-book.com\/#\/schema\/logo\/image\/","url":"https:\/\/gamer-book.com\/wp-content\/uploads\/2016\/07\/cropped-logo-2.png","contentUrl":"https:\/\/gamer-book.com\/wp-content\/uploads\/2016\/07\/cropped-logo-2.png","width":459,"height":75,"caption":"GamerBook"},"image":{"@id":"https:\/\/gamer-book.com\/#\/schema\/logo\/image\/"}}]}},"_links":{"self":[{"href":"https:\/\/gamer-book.com\/vi\/wp-json\/wp\/v2\/pages\/2026","targetHints":{"allow":["GET"]}}],"collection":[{"href":"https:\/\/gamer-book.com\/vi\/wp-json\/wp\/v2\/pages"}],"about":[{"href":"https:\/\/gamer-book.com\/vi\/wp-json\/wp\/v2\/types\/page"}],"author":[{"embeddable":true,"href":"https:\/\/gamer-book.com\/vi\/wp-json\/wp\/v2\/users\/1"}],"replies":[{"embeddable":true,"href":"https:\/\/gamer-book.com\/vi\/wp-json\/wp\/v2\/comments?post=2026"}],"version-history":[{"count":0,"href":"https:\/\/gamer-book.com\/vi\/wp-json\/wp\/v2\/pages\/2026\/revisions"}],"wp:attachment":[{"href":"https:\/\/gamer-book.com\/vi\/wp-json\/wp\/v2\/media?parent=2026"}],"curies":[{"name":"wp","href":"https:\/\/api.w.org\/{rel}","templated":true}]}}